{"id":2831,"date":"2025-06-11T13:48:35","date_gmt":"2025-06-11T11:48:35","guid":{"rendered":"https:\/\/rolfsenjuell.com\/product\/2831\/"},"modified":"2025-06-26T11:47:51","modified_gmt":"2025-06-26T09:47:51","slug":"2831","status":"publish","type":"product","link":"https:\/\/rolfsenjuell.com\/sv\/produkt\/2831\/","title":{"rendered":"Kabelsliprar"},"content":{"rendered":"","protected":false},"excerpt":{"rendered":"<p>Kabelsliprar g\u00f6r det m\u00f6jligt f\u00f6r kablar att enkelt krosa ett sp\u00e5r.<\/p>\n","protected":false},"featured_media":2806,"comment_status":"closed","ping_status":"closed","template":"","meta":{"_acf_changed":false,"inline_featured_image":false},"product_brand":[],"product_cat":[121],"product_tag":[],"class_list":{"0":"post-2831","1":"product","2":"type-product","3":"status-publish","4":"has-post-thumbnail","6":"product_cat-slipers","8":"first","9":"outofstock","10":"shipping-taxable","11":"product-type-simple"},"acf":[],"yoast_head":"<!-- This site is optimized with the Yoast SEO plugin v25.1 - https:\/\/yoast.com\/wordpress\/plugins\/seo\/ -->\n<title>Kabelsliprar | Rolfsen &amp; Juell<\/title>\n<meta name=\"robots\" content=\"index, follow, max-snippet:-1, max-image-preview:large, max-video-preview:-1\" \/>\n<link rel=\"canonical\" href=\"https:\/\/rolfsenjuell.com\/sv\/produkt\/2831\/\" \/>\n<meta property=\"og:locale\" content=\"sv_SE\" \/>\n<meta property=\"og:type\" content=\"article\" \/>\n<meta property=\"og:title\" content=\"Kabelsliprar | Rolfsen &amp; Juell\" \/>\n<meta property=\"og:description\" content=\"Kabelsliprar g\u00f6r det m\u00f6jligt f\u00f6r kablar att enkelt krosa ett sp\u00e5r.\" \/>\n<meta property=\"og:url\" content=\"https:\/\/rolfsenjuell.com\/sv\/produkt\/2831\/\" \/>\n<meta property=\"og:site_name\" content=\"Rolfsen &amp; Juell\" \/>\n<meta property=\"article:modified_time\" content=\"2025-06-26T09:47:51+00:00\" \/>\n<meta property=\"og:image\" content=\"https:\/\/rolfsenjuell.com\/wp-content\/uploads\/2025\/06\/Kabelsville-1.jpg\" \/>\n\t<meta property=\"og:image:width\" content=\"2560\" \/>\n\t<meta property=\"og:image:height\" content=\"1436\" \/>\n\t<meta property=\"og:image:type\" content=\"image\/jpeg\" \/>\n<meta name=\"twitter:card\" content=\"summary_large_image\" \/>\n<meta name=\"twitter:label1\" content=\"Ber\u00e4knad l\u00e4stid\" \/>\n\t<meta name=\"twitter:data1\" content=\"1 minut\" \/>\n<script type=\"application\/ld+json\" class=\"yoast-schema-graph\">{\"@context\":\"https:\/\/schema.org\",\"@graph\":[{\"@type\":\"WebPage\",\"@id\":\"https:\/\/rolfsenjuell.com\/sv\/produkt\/2831\/\",\"url\":\"https:\/\/rolfsenjuell.com\/sv\/produkt\/2831\/\",\"name\":\"Kabelsliprar | Rolfsen &amp; Juell\",\"isPartOf\":{\"@id\":\"https:\/\/rolfsenjuell.com\/sv\/#website\"},\"primaryImageOfPage\":{\"@id\":\"https:\/\/rolfsenjuell.com\/sv\/produkt\/2831\/#primaryimage\"},\"image\":{\"@id\":\"https:\/\/rolfsenjuell.com\/sv\/produkt\/2831\/#primaryimage\"},\"thumbnailUrl\":\"https:\/\/rolfsenjuell.com\/wp-content\/uploads\/2025\/06\/Kabelsville-1.jpg\",\"datePublished\":\"2025-06-11T11:48:35+00:00\",\"dateModified\":\"2025-06-26T09:47:51+00:00\",\"breadcrumb\":{\"@id\":\"https:\/\/rolfsenjuell.com\/sv\/produkt\/2831\/#breadcrumb\"},\"inLanguage\":\"sv-SE\",\"potentialAction\":[{\"@type\":\"ReadAction\",\"target\":[\"https:\/\/rolfsenjuell.com\/sv\/produkt\/2831\/\"]}]},{\"@type\":\"ImageObject\",\"inLanguage\":\"sv-SE\",\"@id\":\"https:\/\/rolfsenjuell.com\/sv\/produkt\/2831\/#primaryimage\",\"url\":\"https:\/\/rolfsenjuell.com\/wp-content\/uploads\/2025\/06\/Kabelsville-1.jpg\",\"contentUrl\":\"https:\/\/rolfsenjuell.com\/wp-content\/uploads\/2025\/06\/Kabelsville-1.jpg\",\"width\":2560,\"height\":1436},{\"@type\":\"BreadcrumbList\",\"@id\":\"https:\/\/rolfsenjuell.com\/sv\/produkt\/2831\/#breadcrumb\",\"itemListElement\":[{\"@type\":\"ListItem\",\"position\":1,\"name\":\"Home\",\"item\":\"https:\/\/rolfsenjuell.com\/sv\/home\/\"},{\"@type\":\"ListItem\",\"position\":2,\"name\":\"Butik\",\"item\":\"https:\/\/rolfsenjuell.com\/butik\/\"},{\"@type\":\"ListItem\",\"position\":3,\"name\":\"Kabelsliprar\"}]},{\"@type\":\"WebSite\",\"@id\":\"https:\/\/rolfsenjuell.com\/sv\/#website\",\"url\":\"https:\/\/rolfsenjuell.com\/sv\/\",\"name\":\"Rolfsen Juell\",\"description\":\"St\u00e5l og Jernbane del leverand\u00f8rer i Norge, Sverige, Danmark, Finland\",\"publisher\":{\"@id\":\"https:\/\/rolfsenjuell.com\/sv\/#organization\"},\"potentialAction\":[{\"@type\":\"SearchAction\",\"target\":{\"@type\":\"EntryPoint\",\"urlTemplate\":\"https:\/\/rolfsenjuell.com\/sv\/?s={search_term_string}\"},\"query-input\":{\"@type\":\"PropertyValueSpecification\",\"valueRequired\":true,\"valueName\":\"search_term_string\"}}],\"inLanguage\":\"sv-SE\"},{\"@type\":\"Organization\",\"@id\":\"https:\/\/rolfsenjuell.com\/sv\/#organization\",\"name\":\"Rolfsen & Juell\",\"url\":\"https:\/\/rolfsenjuell.com\/sv\/\",\"logo\":{\"@type\":\"ImageObject\",\"inLanguage\":\"sv-SE\",\"@id\":\"https:\/\/rolfsenjuell.com\/sv\/#\/schema\/logo\/image\/\",\"url\":\"https:\/\/rolfsenjuell.com\/wp-content\/uploads\/2020\/06\/unnamed-1.jpg\",\"contentUrl\":\"https:\/\/rolfsenjuell.com\/wp-content\/uploads\/2020\/06\/unnamed-1.jpg\",\"width\":500,\"height\":122,\"caption\":\"Rolfsen & Juell\"},\"image\":{\"@id\":\"https:\/\/rolfsenjuell.com\/sv\/#\/schema\/logo\/image\/\"},\"sameAs\":[\"https:\/\/www.linkedin.com\/company\/rolfsen-sonn-as\/\"]}]}<\/script>\n<!-- \/ Yoast SEO plugin. -->","yoast_head_json":{"title":"Kabelsliprar | Rolfsen &amp; Juell","robots":{"index":"index","follow":"follow","max-snippet":"max-snippet:-1","max-image-preview":"max-image-preview:large","max-video-preview":"max-video-preview:-1"},"canonical":"https:\/\/rolfsenjuell.com\/sv\/produkt\/2831\/","og_locale":"sv_SE","og_type":"article","og_title":"Kabelsliprar | Rolfsen &amp; Juell","og_description":"Kabelsliprar g\u00f6r det m\u00f6jligt f\u00f6r kablar att enkelt krosa ett sp\u00e5r.","og_url":"https:\/\/rolfsenjuell.com\/sv\/produkt\/2831\/","og_site_name":"Rolfsen &amp; Juell","article_modified_time":"2025-06-26T09:47:51+00:00","og_image":[{"width":2560,"height":1436,"url":"https:\/\/rolfsenjuell.com\/wp-content\/uploads\/2025\/06\/Kabelsville-1.jpg","type":"image\/jpeg"}],"twitter_card":"summary_large_image","twitter_misc":{"Ber\u00e4knad l\u00e4stid":"1 minut"},"schema":{"@context":"https:\/\/schema.org","@graph":[{"@type":"WebPage","@id":"https:\/\/rolfsenjuell.com\/sv\/produkt\/2831\/","url":"https:\/\/rolfsenjuell.com\/sv\/produkt\/2831\/","name":"Kabelsliprar | Rolfsen &amp; Juell","isPartOf":{"@id":"https:\/\/rolfsenjuell.com\/sv\/#website"},"primaryImageOfPage":{"@id":"https:\/\/rolfsenjuell.com\/sv\/produkt\/2831\/#primaryimage"},"image":{"@id":"https:\/\/rolfsenjuell.com\/sv\/produkt\/2831\/#primaryimage"},"thumbnailUrl":"https:\/\/rolfsenjuell.com\/wp-content\/uploads\/2025\/06\/Kabelsville-1.jpg","datePublished":"2025-06-11T11:48:35+00:00","dateModified":"2025-06-26T09:47:51+00:00","breadcrumb":{"@id":"https:\/\/rolfsenjuell.com\/sv\/produkt\/2831\/#breadcrumb"},"inLanguage":"sv-SE","potentialAction":[{"@type":"ReadAction","target":["https:\/\/rolfsenjuell.com\/sv\/produkt\/2831\/"]}]},{"@type":"ImageObject","inLanguage":"sv-SE","@id":"https:\/\/rolfsenjuell.com\/sv\/produkt\/2831\/#primaryimage","url":"https:\/\/rolfsenjuell.com\/wp-content\/uploads\/2025\/06\/Kabelsville-1.jpg","contentUrl":"https:\/\/rolfsenjuell.com\/wp-content\/uploads\/2025\/06\/Kabelsville-1.jpg","width":2560,"height":1436},{"@type":"BreadcrumbList","@id":"https:\/\/rolfsenjuell.com\/sv\/produkt\/2831\/#breadcrumb","itemListElement":[{"@type":"ListItem","position":1,"name":"Home","item":"https:\/\/rolfsenjuell.com\/sv\/home\/"},{"@type":"ListItem","position":2,"name":"Butik","item":"https:\/\/rolfsenjuell.com\/butik\/"},{"@type":"ListItem","position":3,"name":"Kabelsliprar"}]},{"@type":"WebSite","@id":"https:\/\/rolfsenjuell.com\/sv\/#website","url":"https:\/\/rolfsenjuell.com\/sv\/","name":"Rolfsen Juell","description":"St\u00e5l og Jernbane del leverand\u00f8rer i Norge, Sverige, Danmark, Finland","publisher":{"@id":"https:\/\/rolfsenjuell.com\/sv\/#organization"},"potentialAction":[{"@type":"SearchAction","target":{"@type":"EntryPoint","urlTemplate":"https:\/\/rolfsenjuell.com\/sv\/?s={search_term_string}"},"query-input":{"@type":"PropertyValueSpecification","valueRequired":true,"valueName":"search_term_string"}}],"inLanguage":"sv-SE"},{"@type":"Organization","@id":"https:\/\/rolfsenjuell.com\/sv\/#organization","name":"Rolfsen & Juell","url":"https:\/\/rolfsenjuell.com\/sv\/","logo":{"@type":"ImageObject","inLanguage":"sv-SE","@id":"https:\/\/rolfsenjuell.com\/sv\/#\/schema\/logo\/image\/","url":"https:\/\/rolfsenjuell.com\/wp-content\/uploads\/2020\/06\/unnamed-1.jpg","contentUrl":"https:\/\/rolfsenjuell.com\/wp-content\/uploads\/2020\/06\/unnamed-1.jpg","width":500,"height":122,"caption":"Rolfsen & Juell"},"image":{"@id":"https:\/\/rolfsenjuell.com\/sv\/#\/schema\/logo\/image\/"},"sameAs":["https:\/\/www.linkedin.com\/company\/rolfsen-sonn-as\/"]}]}},"jetpack_sharing_enabled":true,"_links":{"self":[{"href":"https:\/\/rolfsenjuell.com\/sv\/wp-json\/wp\/v2\/product\/2831","targetHints":{"allow":["GET"]}}],"collection":[{"href":"https:\/\/rolfsenjuell.com\/sv\/wp-json\/wp\/v2\/product"}],"about":[{"href":"https:\/\/rolfsenjuell.com\/sv\/wp-json\/wp\/v2\/types\/product"}],"replies":[{"embeddable":true,"href":"https:\/\/rolfsenjuell.com\/sv\/wp-json\/wp\/v2\/comments?post=2831"}],"wp:featuredmedia":[{"embeddable":true,"href":"https:\/\/rolfsenjuell.com\/sv\/wp-json\/wp\/v2\/media\/2806"}],"wp:attachment":[{"href":"https:\/\/rolfsenjuell.com\/sv\/wp-json\/wp\/v2\/media?parent=2831"}],"wp:term":[{"taxonomy":"product_brand","embeddable":true,"href":"https:\/\/rolfsenjuell.com\/sv\/wp-json\/wp\/v2\/product_brand?post=2831"},{"taxonomy":"product_cat","embeddable":true,"href":"https:\/\/rolfsenjuell.com\/sv\/wp-json\/wp\/v2\/product_cat?post=2831"},{"taxonomy":"product_tag","embeddable":true,"href":"https:\/\/rolfsenjuell.com\/sv\/wp-json\/wp\/v2\/product_tag?post=2831"}],"curies":[{"name":"wp","href":"https:\/\/api.w.org\/{rel}","templated":true}]}}