{"id":2707,"date":"2024-04-17T11:23:07","date_gmt":"2025-01-15T11:01:47","guid":{"rendered":"https:\/\/rolfsenjuell.com\/product\/ebs-embedded-block-system\/"},"modified":"2025-01-15T12:01:47","modified_gmt":"2025-01-15T11:01:47","slug":"ebs-embedded-block-system-2","status":"publish","type":"product","link":"https:\/\/rolfsenjuell.com\/sv\/produkt\/ebs-embedded-block-system-2\/","title":{"rendered":"EBS &#8211; Embedded Block System"},"content":{"rendered":"","protected":false},"excerpt":{"rendered":"<p>EBS \u00e4r ett r\u00e4lbef\u00e4stningssystem f\u00f6r tunnelbane- och godstrafik. Det \u00e4r ett prefabricerat robust blocksystem som l\u00e4mpar sig v\u00e4l f\u00f6r mycket precis och snabb installation i bl.a. tunnlar och stationsomr\u00e5den. EBS best\u00e5r i princip av prefabricerade betongblock som f\u00e4sts elastiskt och h\u00e5llbart i en specialdesignad betongplatta med Edilon)(Sedra Corkelast\u00ae. Blocken installeras snabbt och enkelt. Detta sp\u00e5rkonstruktionssystem absorberar en betydande del av de medel- och h\u00f6gfrekventa vibrationer som orsakas av interaktionen mellan hjul och r\u00e4l. Detta minskar ocks\u00e5 bullret avsev\u00e4rt, vilket \u00e4r s\u00e4rskilt viktigt i stadsmilj\u00f6er.     <\/p>\n","protected":false},"featured_media":3200,"comment_status":"closed","ping_status":"closed","template":"","meta":{"_acf_changed":false,"inline_featured_image":false},"product_brand":[],"product_cat":[118],"product_tag":[],"class_list":{"0":"post-2707","1":"product","2":"type-product","3":"status-publish","4":"has-post-thumbnail","6":"product_cat-ralfastning","8":"first","9":"instock","10":"shipping-taxable","11":"product-type-simple"},"acf":[],"yoast_head":"<!-- This site is optimized with the Yoast SEO plugin v25.1 - https:\/\/yoast.com\/wordpress\/plugins\/seo\/ -->\n<title>EBS Skinnebefestigelse Skinnefeste | Rolfsen &amp; Juell<\/title>\n<meta name=\"robots\" content=\"index, follow, max-snippet:-1, max-image-preview:large, max-video-preview:-1\" \/>\n<link rel=\"canonical\" href=\"https:\/\/rolfsenjuell.com\/sv\/produkt\/ebs-embedded-block-system-2\/\" \/>\n<meta property=\"og:locale\" content=\"sv_SE\" \/>\n<meta property=\"og:type\" content=\"article\" \/>\n<meta property=\"og:title\" content=\"EBS Skinnebefestigelse Skinnefeste | Rolfsen &amp; Juell\" \/>\n<meta property=\"og:description\" content=\"EBS \u00e4r ett r\u00e4lbef\u00e4stningssystem f\u00f6r tunnelbane- och godstrafik. Det \u00e4r ett prefabricerat robust blocksystem som l\u00e4mpar sig v\u00e4l f\u00f6r mycket precis och snabb installation i bl.a. tunnlar och stationsomr\u00e5den. EBS best\u00e5r i princip av prefabricerade betongblock som f\u00e4sts elastiskt och h\u00e5llbart i en specialdesignad betongplatta med Edilon)(Sedra Corkelast\u00ae. Blocken installeras snabbt och enkelt. Detta sp\u00e5rkonstruktionssystem absorberar en betydande del av de medel- och h\u00f6gfrekventa vibrationer som orsakas av interaktionen mellan hjul och r\u00e4l. Detta minskar ocks\u00e5 bullret avsev\u00e4rt, vilket \u00e4r s\u00e4rskilt viktigt i stadsmilj\u00f6er.\" \/>\n<meta property=\"og:url\" content=\"https:\/\/rolfsenjuell.com\/sv\/produkt\/ebs-embedded-block-system-2\/\" \/>\n<meta property=\"og:site_name\" content=\"Rolfsen &amp; Juell\" \/>\n<meta property=\"og:image\" content=\"https:\/\/rolfsenjuell.com\/wp-content\/uploads\/2024\/04\/EBS.jpg\" \/>\n\t<meta property=\"og:image:width\" content=\"1905\" \/>\n\t<meta property=\"og:image:height\" content=\"768\" \/>\n\t<meta property=\"og:image:type\" content=\"image\/jpeg\" \/>\n<meta name=\"twitter:card\" content=\"summary_large_image\" \/>\n<script type=\"application\/ld+json\" class=\"yoast-schema-graph\">{\"@context\":\"https:\/\/schema.org\",\"@graph\":[{\"@type\":\"WebPage\",\"@id\":\"https:\/\/rolfsenjuell.com\/sv\/produkt\/ebs-embedded-block-system-2\/\",\"url\":\"https:\/\/rolfsenjuell.com\/sv\/produkt\/ebs-embedded-block-system-2\/\",\"name\":\"EBS Skinnebefestigelse Skinnefeste | Rolfsen &amp; Juell\",\"isPartOf\":{\"@id\":\"https:\/\/rolfsenjuell.com\/sv\/#website\"},\"primaryImageOfPage\":{\"@id\":\"https:\/\/rolfsenjuell.com\/sv\/produkt\/ebs-embedded-block-system-2\/#primaryimage\"},\"image\":{\"@id\":\"https:\/\/rolfsenjuell.com\/sv\/produkt\/ebs-embedded-block-system-2\/#primaryimage\"},\"thumbnailUrl\":\"https:\/\/rolfsenjuell.com\/wp-content\/uploads\/2024\/04\/EBS-1.jpg\",\"datePublished\":\"2025-01-15T11:01:47+00:00\",\"breadcrumb\":{\"@id\":\"https:\/\/rolfsenjuell.com\/sv\/produkt\/ebs-embedded-block-system-2\/#breadcrumb\"},\"inLanguage\":\"sv-SE\",\"potentialAction\":[{\"@type\":\"ReadAction\",\"target\":[\"https:\/\/rolfsenjuell.com\/sv\/produkt\/ebs-embedded-block-system-2\/\"]}]},{\"@type\":\"ImageObject\",\"inLanguage\":\"sv-SE\",\"@id\":\"https:\/\/rolfsenjuell.com\/sv\/produkt\/ebs-embedded-block-system-2\/#primaryimage\",\"url\":\"https:\/\/rolfsenjuell.com\/wp-content\/uploads\/2024\/04\/EBS-1.jpg\",\"contentUrl\":\"https:\/\/rolfsenjuell.com\/wp-content\/uploads\/2024\/04\/EBS-1.jpg\",\"width\":1000,\"height\":1122},{\"@type\":\"BreadcrumbList\",\"@id\":\"https:\/\/rolfsenjuell.com\/sv\/produkt\/ebs-embedded-block-system-2\/#breadcrumb\",\"itemListElement\":[{\"@type\":\"ListItem\",\"position\":1,\"name\":\"Home\",\"item\":\"https:\/\/rolfsenjuell.com\/sv\/home\/\"},{\"@type\":\"ListItem\",\"position\":2,\"name\":\"Butik\",\"item\":\"https:\/\/rolfsenjuell.com\/butik\/\"},{\"@type\":\"ListItem\",\"position\":3,\"name\":\"EBS &#8211; Embedded Block System\"}]},{\"@type\":\"WebSite\",\"@id\":\"https:\/\/rolfsenjuell.com\/sv\/#website\",\"url\":\"https:\/\/rolfsenjuell.com\/sv\/\",\"name\":\"Rolfsen Juell\",\"description\":\"St\u00e5l og Jernbane del leverand\u00f8rer i Norge, Sverige, Danmark, Finland\",\"publisher\":{\"@id\":\"https:\/\/rolfsenjuell.com\/sv\/#organization\"},\"potentialAction\":[{\"@type\":\"SearchAction\",\"target\":{\"@type\":\"EntryPoint\",\"urlTemplate\":\"https:\/\/rolfsenjuell.com\/sv\/?s={search_term_string}\"},\"query-input\":{\"@type\":\"PropertyValueSpecification\",\"valueRequired\":true,\"valueName\":\"search_term_string\"}}],\"inLanguage\":\"sv-SE\"},{\"@type\":\"Organization\",\"@id\":\"https:\/\/rolfsenjuell.com\/sv\/#organization\",\"name\":\"Rolfsen & Juell\",\"url\":\"https:\/\/rolfsenjuell.com\/sv\/\",\"logo\":{\"@type\":\"ImageObject\",\"inLanguage\":\"sv-SE\",\"@id\":\"https:\/\/rolfsenjuell.com\/sv\/#\/schema\/logo\/image\/\",\"url\":\"https:\/\/rolfsenjuell.com\/wp-content\/uploads\/2020\/06\/unnamed-1.jpg\",\"contentUrl\":\"https:\/\/rolfsenjuell.com\/wp-content\/uploads\/2020\/06\/unnamed-1.jpg\",\"width\":500,\"height\":122,\"caption\":\"Rolfsen & Juell\"},\"image\":{\"@id\":\"https:\/\/rolfsenjuell.com\/sv\/#\/schema\/logo\/image\/\"},\"sameAs\":[\"https:\/\/www.linkedin.com\/company\/rolfsen-sonn-as\/\"]}]}<\/script>\n<!-- \/ Yoast SEO plugin. -->","yoast_head_json":{"title":"EBS Skinnebefestigelse Skinnefeste | Rolfsen &amp; Juell","robots":{"index":"index","follow":"follow","max-snippet":"max-snippet:-1","max-image-preview":"max-image-preview:large","max-video-preview":"max-video-preview:-1"},"canonical":"https:\/\/rolfsenjuell.com\/sv\/produkt\/ebs-embedded-block-system-2\/","og_locale":"sv_SE","og_type":"article","og_title":"EBS Skinnebefestigelse Skinnefeste | Rolfsen &amp; Juell","og_description":"EBS \u00e4r ett r\u00e4lbef\u00e4stningssystem f\u00f6r tunnelbane- och godstrafik. Det \u00e4r ett prefabricerat robust blocksystem som l\u00e4mpar sig v\u00e4l f\u00f6r mycket precis och snabb installation i bl.a. tunnlar och stationsomr\u00e5den. EBS best\u00e5r i princip av prefabricerade betongblock som f\u00e4sts elastiskt och h\u00e5llbart i en specialdesignad betongplatta med Edilon)(Sedra Corkelast\u00ae. Blocken installeras snabbt och enkelt. Detta sp\u00e5rkonstruktionssystem absorberar en betydande del av de medel- och h\u00f6gfrekventa vibrationer som orsakas av interaktionen mellan hjul och r\u00e4l. Detta minskar ocks\u00e5 bullret avsev\u00e4rt, vilket \u00e4r s\u00e4rskilt viktigt i stadsmilj\u00f6er.","og_url":"https:\/\/rolfsenjuell.com\/sv\/produkt\/ebs-embedded-block-system-2\/","og_site_name":"Rolfsen &amp; Juell","og_image":[{"width":1905,"height":768,"url":"https:\/\/rolfsenjuell.com\/wp-content\/uploads\/2024\/04\/EBS.jpg","type":"image\/jpeg"}],"twitter_card":"summary_large_image","schema":{"@context":"https:\/\/schema.org","@graph":[{"@type":"WebPage","@id":"https:\/\/rolfsenjuell.com\/sv\/produkt\/ebs-embedded-block-system-2\/","url":"https:\/\/rolfsenjuell.com\/sv\/produkt\/ebs-embedded-block-system-2\/","name":"EBS Skinnebefestigelse Skinnefeste | Rolfsen &amp; Juell","isPartOf":{"@id":"https:\/\/rolfsenjuell.com\/sv\/#website"},"primaryImageOfPage":{"@id":"https:\/\/rolfsenjuell.com\/sv\/produkt\/ebs-embedded-block-system-2\/#primaryimage"},"image":{"@id":"https:\/\/rolfsenjuell.com\/sv\/produkt\/ebs-embedded-block-system-2\/#primaryimage"},"thumbnailUrl":"https:\/\/rolfsenjuell.com\/wp-content\/uploads\/2024\/04\/EBS-1.jpg","datePublished":"2025-01-15T11:01:47+00:00","breadcrumb":{"@id":"https:\/\/rolfsenjuell.com\/sv\/produkt\/ebs-embedded-block-system-2\/#breadcrumb"},"inLanguage":"sv-SE","potentialAction":[{"@type":"ReadAction","target":["https:\/\/rolfsenjuell.com\/sv\/produkt\/ebs-embedded-block-system-2\/"]}]},{"@type":"ImageObject","inLanguage":"sv-SE","@id":"https:\/\/rolfsenjuell.com\/sv\/produkt\/ebs-embedded-block-system-2\/#primaryimage","url":"https:\/\/rolfsenjuell.com\/wp-content\/uploads\/2024\/04\/EBS-1.jpg","contentUrl":"https:\/\/rolfsenjuell.com\/wp-content\/uploads\/2024\/04\/EBS-1.jpg","width":1000,"height":1122},{"@type":"BreadcrumbList","@id":"https:\/\/rolfsenjuell.com\/sv\/produkt\/ebs-embedded-block-system-2\/#breadcrumb","itemListElement":[{"@type":"ListItem","position":1,"name":"Home","item":"https:\/\/rolfsenjuell.com\/sv\/home\/"},{"@type":"ListItem","position":2,"name":"Butik","item":"https:\/\/rolfsenjuell.com\/butik\/"},{"@type":"ListItem","position":3,"name":"EBS &#8211; Embedded Block System"}]},{"@type":"WebSite","@id":"https:\/\/rolfsenjuell.com\/sv\/#website","url":"https:\/\/rolfsenjuell.com\/sv\/","name":"Rolfsen Juell","description":"St\u00e5l og Jernbane del leverand\u00f8rer i Norge, Sverige, Danmark, Finland","publisher":{"@id":"https:\/\/rolfsenjuell.com\/sv\/#organization"},"potentialAction":[{"@type":"SearchAction","target":{"@type":"EntryPoint","urlTemplate":"https:\/\/rolfsenjuell.com\/sv\/?s={search_term_string}"},"query-input":{"@type":"PropertyValueSpecification","valueRequired":true,"valueName":"search_term_string"}}],"inLanguage":"sv-SE"},{"@type":"Organization","@id":"https:\/\/rolfsenjuell.com\/sv\/#organization","name":"Rolfsen & Juell","url":"https:\/\/rolfsenjuell.com\/sv\/","logo":{"@type":"ImageObject","inLanguage":"sv-SE","@id":"https:\/\/rolfsenjuell.com\/sv\/#\/schema\/logo\/image\/","url":"https:\/\/rolfsenjuell.com\/wp-content\/uploads\/2020\/06\/unnamed-1.jpg","contentUrl":"https:\/\/rolfsenjuell.com\/wp-content\/uploads\/2020\/06\/unnamed-1.jpg","width":500,"height":122,"caption":"Rolfsen & Juell"},"image":{"@id":"https:\/\/rolfsenjuell.com\/sv\/#\/schema\/logo\/image\/"},"sameAs":["https:\/\/www.linkedin.com\/company\/rolfsen-sonn-as\/"]}]}},"jetpack_sharing_enabled":true,"_links":{"self":[{"href":"https:\/\/rolfsenjuell.com\/sv\/wp-json\/wp\/v2\/product\/2707","targetHints":{"allow":["GET"]}}],"collection":[{"href":"https:\/\/rolfsenjuell.com\/sv\/wp-json\/wp\/v2\/product"}],"about":[{"href":"https:\/\/rolfsenjuell.com\/sv\/wp-json\/wp\/v2\/types\/product"}],"replies":[{"embeddable":true,"href":"https:\/\/rolfsenjuell.com\/sv\/wp-json\/wp\/v2\/comments?post=2707"}],"wp:featuredmedia":[{"embeddable":true,"href":"https:\/\/rolfsenjuell.com\/sv\/wp-json\/wp\/v2\/media\/3200"}],"wp:attachment":[{"href":"https:\/\/rolfsenjuell.com\/sv\/wp-json\/wp\/v2\/media?parent=2707"}],"wp:term":[{"taxonomy":"product_brand","embeddable":true,"href":"https:\/\/rolfsenjuell.com\/sv\/wp-json\/wp\/v2\/product_brand?post=2707"},{"taxonomy":"product_cat","embeddable":true,"href":"https:\/\/rolfsenjuell.com\/sv\/wp-json\/wp\/v2\/product_cat?post=2707"},{"taxonomy":"product_tag","embeddable":true,"href":"https:\/\/rolfsenjuell.com\/sv\/wp-json\/wp\/v2\/product_tag?post=2707"}],"curies":[{"name":"wp","href":"https:\/\/api.w.org\/{rel}","templated":true}]}}