{"id":2706,"date":"2024-04-17T11:31:45","date_gmt":"2025-01-15T11:01:22","guid":{"rendered":"https:\/\/rolfsenjuell.com\/product\/crs-crane-rail-system\/"},"modified":"2025-01-15T12:01:23","modified_gmt":"2025-01-15T11:01:23","slug":"crs-crane-rail-system","status":"publish","type":"product","link":"https:\/\/rolfsenjuell.com\/sv\/produkt\/crs-crane-rail-system\/","title":{"rendered":"CRS Crane Rail System"},"content":{"rendered":"","protected":false},"excerpt":{"rendered":"<p>Corkelast\u00ae CRS (Crane Rail System) \u00e4r synonymt med h\u00f6g kvalitet , tilf\u00f6rlighet och kostnadseffektivitet. Corkelast\u00ae CRS \u00e4r det optimala r\u00e4lsbef\u00e4stningssystemet f\u00f6r alla av kranr\u00e4ls. I hamnar, inlandshamnar, omlastningsterminaler eller industriomr\u00e5den. Systemet \u00e4r ekonomiskt, felxibelt, l\u00e5ngvarig och underh\u00e5llsfritt. Systemet klarar extrema temperaturerFor kranspor er v\u00e5rt velpr\u00f8vde Corkelast\u00ae CRS (Crane Rail System) synonymt med h\u00f8y kvalitet, p\u00e5litelighet og kostnadseffektivitet. Corkelast\u00ae CRS er det optimale skinnefestesystemet for alle typer kranspor. I havner, innlandshavner, omlastingsterminaler eller industriomr\u00e5der. Systemet gir det \u00f8konomiske, fleksible, langvarige og lite vedlikeholdsskinnefestesystemet du har lett etter. Systemet kan takle ekstreme temperaturer, og med h\u00f8y komprimering, strekk    <\/p>\n","protected":false},"featured_media":2440,"comment_status":"closed","ping_status":"closed","template":"","meta":{"_acf_changed":false,"inline_featured_image":false},"product_brand":[],"product_cat":[118],"product_tag":[],"class_list":{"0":"post-2706","1":"product","2":"type-product","3":"status-publish","4":"has-post-thumbnail","6":"product_cat-ralfastning","8":"first","9":"instock","10":"shipping-taxable","11":"product-type-simple"},"acf":[],"yoast_head":"<!-- This site is optimized with the Yoast SEO plugin v25.1 - https:\/\/yoast.com\/wordpress\/plugins\/seo\/ -->\n<title>CRS Crane Rail System | Rolfsen &amp; Juell<\/title>\n<meta name=\"robots\" content=\"index, follow, max-snippet:-1, max-image-preview:large, max-video-preview:-1\" \/>\n<link rel=\"canonical\" href=\"https:\/\/rolfsenjuell.com\/sv\/produkt\/crs-crane-rail-system\/\" \/>\n<meta property=\"og:locale\" content=\"sv_SE\" \/>\n<meta property=\"og:type\" content=\"article\" \/>\n<meta property=\"og:title\" content=\"CRS Crane Rail System | Rolfsen &amp; Juell\" \/>\n<meta property=\"og:description\" content=\"Corkelast\u00ae CRS (Crane Rail System) \u00e4r synonymt med h\u00f6g kvalitet , tilf\u00f6rlighet och kostnadseffektivitet. Corkelast\u00ae CRS \u00e4r det optimala r\u00e4lsbef\u00e4stningssystemet f\u00f6r alla av kranr\u00e4ls. I hamnar, inlandshamnar, omlastningsterminaler eller industriomr\u00e5den. Systemet \u00e4r ekonomiskt, felxibelt, l\u00e5ngvarig och underh\u00e5llsfritt. Systemet klarar extrema temperaturerFor kranspor er v\u00e5rt velpr\u00f8vde Corkelast\u00ae CRS (Crane Rail System) synonymt med h\u00f8y kvalitet, p\u00e5litelighet og kostnadseffektivitet. Corkelast\u00ae CRS er det optimale skinnefestesystemet for alle typer kranspor. I havner, innlandshavner, omlastingsterminaler eller industriomr\u00e5der. Systemet gir det \u00f8konomiske, fleksible, langvarige og lite vedlikeholdsskinnefestesystemet du har lett etter. Systemet kan takle ekstreme temperaturer, og med h\u00f8y komprimering, strekk\" \/>\n<meta property=\"og:url\" content=\"https:\/\/rolfsenjuell.com\/sv\/produkt\/crs-crane-rail-system\/\" \/>\n<meta property=\"og:site_name\" content=\"Rolfsen &amp; Juell\" \/>\n<meta property=\"article:modified_time\" content=\"2025-01-15T11:01:23+00:00\" \/>\n<meta property=\"og:image\" content=\"https:\/\/rolfsenjuell.com\/wp-content\/uploads\/2024\/04\/CRS.png\" \/>\n\t<meta property=\"og:image:width\" content=\"1020\" \/>\n\t<meta property=\"og:image:height\" content=\"767\" \/>\n\t<meta property=\"og:image:type\" content=\"image\/png\" \/>\n<meta name=\"twitter:card\" content=\"summary_large_image\" \/>\n<script type=\"application\/ld+json\" class=\"yoast-schema-graph\">{\"@context\":\"https:\/\/schema.org\",\"@graph\":[{\"@type\":\"WebPage\",\"@id\":\"https:\/\/rolfsenjuell.com\/sv\/produkt\/crs-crane-rail-system\/\",\"url\":\"https:\/\/rolfsenjuell.com\/sv\/produkt\/crs-crane-rail-system\/\",\"name\":\"CRS Crane Rail System | Rolfsen &amp; Juell\",\"isPartOf\":{\"@id\":\"https:\/\/rolfsenjuell.com\/sv\/#website\"},\"primaryImageOfPage\":{\"@id\":\"https:\/\/rolfsenjuell.com\/sv\/produkt\/crs-crane-rail-system\/#primaryimage\"},\"image\":{\"@id\":\"https:\/\/rolfsenjuell.com\/sv\/produkt\/crs-crane-rail-system\/#primaryimage\"},\"thumbnailUrl\":\"https:\/\/rolfsenjuell.com\/wp-content\/uploads\/2024\/04\/CRS.png\",\"datePublished\":\"2025-01-15T11:01:22+00:00\",\"dateModified\":\"2025-01-15T11:01:23+00:00\",\"breadcrumb\":{\"@id\":\"https:\/\/rolfsenjuell.com\/sv\/produkt\/crs-crane-rail-system\/#breadcrumb\"},\"inLanguage\":\"sv-SE\",\"potentialAction\":[{\"@type\":\"ReadAction\",\"target\":[\"https:\/\/rolfsenjuell.com\/sv\/produkt\/crs-crane-rail-system\/\"]}]},{\"@type\":\"ImageObject\",\"inLanguage\":\"sv-SE\",\"@id\":\"https:\/\/rolfsenjuell.com\/sv\/produkt\/crs-crane-rail-system\/#primaryimage\",\"url\":\"https:\/\/rolfsenjuell.com\/wp-content\/uploads\/2024\/04\/CRS.png\",\"contentUrl\":\"https:\/\/rolfsenjuell.com\/wp-content\/uploads\/2024\/04\/CRS.png\",\"width\":1217,\"height\":915},{\"@type\":\"BreadcrumbList\",\"@id\":\"https:\/\/rolfsenjuell.com\/sv\/produkt\/crs-crane-rail-system\/#breadcrumb\",\"itemListElement\":[{\"@type\":\"ListItem\",\"position\":1,\"name\":\"Home\",\"item\":\"https:\/\/rolfsenjuell.com\/sv\/home\/\"},{\"@type\":\"ListItem\",\"position\":2,\"name\":\"Butik\",\"item\":\"https:\/\/rolfsenjuell.com\/butik\/\"},{\"@type\":\"ListItem\",\"position\":3,\"name\":\"CRS Crane Rail System\"}]},{\"@type\":\"WebSite\",\"@id\":\"https:\/\/rolfsenjuell.com\/sv\/#website\",\"url\":\"https:\/\/rolfsenjuell.com\/sv\/\",\"name\":\"Rolfsen Juell\",\"description\":\"St\u00e5l og Jernbane del leverand\u00f8rer i Norge, Sverige, Danmark, Finland\",\"publisher\":{\"@id\":\"https:\/\/rolfsenjuell.com\/sv\/#organization\"},\"potentialAction\":[{\"@type\":\"SearchAction\",\"target\":{\"@type\":\"EntryPoint\",\"urlTemplate\":\"https:\/\/rolfsenjuell.com\/sv\/?s={search_term_string}\"},\"query-input\":{\"@type\":\"PropertyValueSpecification\",\"valueRequired\":true,\"valueName\":\"search_term_string\"}}],\"inLanguage\":\"sv-SE\"},{\"@type\":\"Organization\",\"@id\":\"https:\/\/rolfsenjuell.com\/sv\/#organization\",\"name\":\"Rolfsen & Juell\",\"url\":\"https:\/\/rolfsenjuell.com\/sv\/\",\"logo\":{\"@type\":\"ImageObject\",\"inLanguage\":\"sv-SE\",\"@id\":\"https:\/\/rolfsenjuell.com\/sv\/#\/schema\/logo\/image\/\",\"url\":\"https:\/\/rolfsenjuell.com\/wp-content\/uploads\/2020\/06\/unnamed-1.jpg\",\"contentUrl\":\"https:\/\/rolfsenjuell.com\/wp-content\/uploads\/2020\/06\/unnamed-1.jpg\",\"width\":500,\"height\":122,\"caption\":\"Rolfsen & Juell\"},\"image\":{\"@id\":\"https:\/\/rolfsenjuell.com\/sv\/#\/schema\/logo\/image\/\"},\"sameAs\":[\"https:\/\/www.linkedin.com\/company\/rolfsen-sonn-as\/\"]}]}<\/script>\n<!-- \/ Yoast SEO plugin. -->","yoast_head_json":{"title":"CRS Crane Rail System | Rolfsen &amp; Juell","robots":{"index":"index","follow":"follow","max-snippet":"max-snippet:-1","max-image-preview":"max-image-preview:large","max-video-preview":"max-video-preview:-1"},"canonical":"https:\/\/rolfsenjuell.com\/sv\/produkt\/crs-crane-rail-system\/","og_locale":"sv_SE","og_type":"article","og_title":"CRS Crane Rail System | Rolfsen &amp; Juell","og_description":"Corkelast\u00ae CRS (Crane Rail System) \u00e4r synonymt med h\u00f6g kvalitet , tilf\u00f6rlighet och kostnadseffektivitet. Corkelast\u00ae CRS \u00e4r det optimala r\u00e4lsbef\u00e4stningssystemet f\u00f6r alla av kranr\u00e4ls. I hamnar, inlandshamnar, omlastningsterminaler eller industriomr\u00e5den. Systemet \u00e4r ekonomiskt, felxibelt, l\u00e5ngvarig och underh\u00e5llsfritt. Systemet klarar extrema temperaturerFor kranspor er v\u00e5rt velpr\u00f8vde Corkelast\u00ae CRS (Crane Rail System) synonymt med h\u00f8y kvalitet, p\u00e5litelighet og kostnadseffektivitet. Corkelast\u00ae CRS er det optimale skinnefestesystemet for alle typer kranspor. I havner, innlandshavner, omlastingsterminaler eller industriomr\u00e5der. Systemet gir det \u00f8konomiske, fleksible, langvarige og lite vedlikeholdsskinnefestesystemet du har lett etter. Systemet kan takle ekstreme temperaturer, og med h\u00f8y komprimering, strekk","og_url":"https:\/\/rolfsenjuell.com\/sv\/produkt\/crs-crane-rail-system\/","og_site_name":"Rolfsen &amp; Juell","article_modified_time":"2025-01-15T11:01:23+00:00","og_image":[{"url":"https:\/\/rolfsenjuell.com\/wp-content\/uploads\/2024\/04\/CRS.png","width":1020,"height":767,"type":"image\/png"}],"twitter_card":"summary_large_image","schema":{"@context":"https:\/\/schema.org","@graph":[{"@type":"WebPage","@id":"https:\/\/rolfsenjuell.com\/sv\/produkt\/crs-crane-rail-system\/","url":"https:\/\/rolfsenjuell.com\/sv\/produkt\/crs-crane-rail-system\/","name":"CRS Crane Rail System | Rolfsen &amp; Juell","isPartOf":{"@id":"https:\/\/rolfsenjuell.com\/sv\/#website"},"primaryImageOfPage":{"@id":"https:\/\/rolfsenjuell.com\/sv\/produkt\/crs-crane-rail-system\/#primaryimage"},"image":{"@id":"https:\/\/rolfsenjuell.com\/sv\/produkt\/crs-crane-rail-system\/#primaryimage"},"thumbnailUrl":"https:\/\/rolfsenjuell.com\/wp-content\/uploads\/2024\/04\/CRS.png","datePublished":"2025-01-15T11:01:22+00:00","dateModified":"2025-01-15T11:01:23+00:00","breadcrumb":{"@id":"https:\/\/rolfsenjuell.com\/sv\/produkt\/crs-crane-rail-system\/#breadcrumb"},"inLanguage":"sv-SE","potentialAction":[{"@type":"ReadAction","target":["https:\/\/rolfsenjuell.com\/sv\/produkt\/crs-crane-rail-system\/"]}]},{"@type":"ImageObject","inLanguage":"sv-SE","@id":"https:\/\/rolfsenjuell.com\/sv\/produkt\/crs-crane-rail-system\/#primaryimage","url":"https:\/\/rolfsenjuell.com\/wp-content\/uploads\/2024\/04\/CRS.png","contentUrl":"https:\/\/rolfsenjuell.com\/wp-content\/uploads\/2024\/04\/CRS.png","width":1217,"height":915},{"@type":"BreadcrumbList","@id":"https:\/\/rolfsenjuell.com\/sv\/produkt\/crs-crane-rail-system\/#breadcrumb","itemListElement":[{"@type":"ListItem","position":1,"name":"Home","item":"https:\/\/rolfsenjuell.com\/sv\/home\/"},{"@type":"ListItem","position":2,"name":"Butik","item":"https:\/\/rolfsenjuell.com\/butik\/"},{"@type":"ListItem","position":3,"name":"CRS Crane Rail System"}]},{"@type":"WebSite","@id":"https:\/\/rolfsenjuell.com\/sv\/#website","url":"https:\/\/rolfsenjuell.com\/sv\/","name":"Rolfsen Juell","description":"St\u00e5l og Jernbane del leverand\u00f8rer i Norge, Sverige, Danmark, Finland","publisher":{"@id":"https:\/\/rolfsenjuell.com\/sv\/#organization"},"potentialAction":[{"@type":"SearchAction","target":{"@type":"EntryPoint","urlTemplate":"https:\/\/rolfsenjuell.com\/sv\/?s={search_term_string}"},"query-input":{"@type":"PropertyValueSpecification","valueRequired":true,"valueName":"search_term_string"}}],"inLanguage":"sv-SE"},{"@type":"Organization","@id":"https:\/\/rolfsenjuell.com\/sv\/#organization","name":"Rolfsen & Juell","url":"https:\/\/rolfsenjuell.com\/sv\/","logo":{"@type":"ImageObject","inLanguage":"sv-SE","@id":"https:\/\/rolfsenjuell.com\/sv\/#\/schema\/logo\/image\/","url":"https:\/\/rolfsenjuell.com\/wp-content\/uploads\/2020\/06\/unnamed-1.jpg","contentUrl":"https:\/\/rolfsenjuell.com\/wp-content\/uploads\/2020\/06\/unnamed-1.jpg","width":500,"height":122,"caption":"Rolfsen & Juell"},"image":{"@id":"https:\/\/rolfsenjuell.com\/sv\/#\/schema\/logo\/image\/"},"sameAs":["https:\/\/www.linkedin.com\/company\/rolfsen-sonn-as\/"]}]}},"jetpack_sharing_enabled":true,"_links":{"self":[{"href":"https:\/\/rolfsenjuell.com\/sv\/wp-json\/wp\/v2\/product\/2706","targetHints":{"allow":["GET"]}}],"collection":[{"href":"https:\/\/rolfsenjuell.com\/sv\/wp-json\/wp\/v2\/product"}],"about":[{"href":"https:\/\/rolfsenjuell.com\/sv\/wp-json\/wp\/v2\/types\/product"}],"replies":[{"embeddable":true,"href":"https:\/\/rolfsenjuell.com\/sv\/wp-json\/wp\/v2\/comments?post=2706"}],"wp:featuredmedia":[{"embeddable":true,"href":"https:\/\/rolfsenjuell.com\/sv\/wp-json\/wp\/v2\/media\/2440"}],"wp:attachment":[{"href":"https:\/\/rolfsenjuell.com\/sv\/wp-json\/wp\/v2\/media?parent=2706"}],"wp:term":[{"taxonomy":"product_brand","embeddable":true,"href":"https:\/\/rolfsenjuell.com\/sv\/wp-json\/wp\/v2\/product_brand?post=2706"},{"taxonomy":"product_cat","embeddable":true,"href":"https:\/\/rolfsenjuell.com\/sv\/wp-json\/wp\/v2\/product_cat?post=2706"},{"taxonomy":"product_tag","embeddable":true,"href":"https:\/\/rolfsenjuell.com\/sv\/wp-json\/wp\/v2\/product_tag?post=2706"}],"curies":[{"name":"wp","href":"https:\/\/api.w.org\/{rel}","templated":true}]}}