{"id":2655,"date":"2020-10-06T10:44:26","date_gmt":"2024-11-06T13:08:46","guid":{"rendered":"https:\/\/rolfsenjuell.com\/product\/buffertar-stoppbockar\/"},"modified":"2025-01-16T13:20:11","modified_gmt":"2025-01-16T12:20:11","slug":"buffertar-stoppbockar","status":"publish","type":"product","link":"https:\/\/rolfsenjuell.com\/sv\/produkt\/buffertar-stoppbockar\/","title":{"rendered":"Buffertar\/Stoppbockar"},"content":{"rendered":"","protected":false},"excerpt":{"rendered":"<p>Vi levererar alla typer av buffertar\/stoppbockar till b\u00e5de j\u00e4rnv\u00e4g och sp\u00e5rv\u00e4g. Buffertar\/stoppbockar \u00e4r s\u00e4kerhetsanordningar som placeras i slutet av ett sp\u00e5r. De buffertar vi levererar kan levereras med eller utan friktionselement. De kan ha hydraulik eller rent av en kombination av b\u00e5de friktionselement och hydraulik. Syftet med buffertar\/stoppbockar \u00e4r att:<\/p>\n<ul>\n<li>Hindra fordon fr\u00e5n att sp\u00e5ra ur<\/li>\n<li>Skydda f\u00f6rem\u00e5l bakom sp\u00e5rslutet<\/li>\n<li>Minimera skador p\u00e5 grund av m\u00e4nskliga eller tekniska fel<\/li>\n<li>Motverka och minimera eventuella skador<\/li>\n<\/ul>\n<div class=\"col small-12 large-12\">\n<div class=\"col-inner\"><\/div>\n<\/div>\n<div class=\"col hide-for-small medium-6 small-12 large-6\">\n<div class=\"col-inner\"><\/div>\n<\/div>\n<div class=\"col medium-6 small-12 large-6\">\n<div class=\"col-inner\"><\/div>\n<\/div>\n<div class=\"col medium-6 small-12 large-6\">\n<div class=\"col-inner\"><\/div>\n<\/div>\n<div class=\"col medium-6 small-12 large-6\">\n<div class=\"col-inner\"><\/div>\n<\/div>\n","protected":false},"featured_media":2725,"comment_status":"closed","ping_status":"closed","template":"","meta":{"_acf_changed":false,"inline_featured_image":false},"product_brand":[],"product_cat":[115,87],"product_tag":[],"class_list":{"0":"post-2655","1":"product","2":"type-product","3":"status-publish","4":"has-post-thumbnail","6":"product_cat-buffertar-stoppbockar","7":"product_cat-rail-sv","9":"first","10":"outofstock","11":"shipping-taxable","12":"product-type-variable"},"acf":[],"yoast_head":"<!-- This site is optimized with the Yoast SEO plugin v25.1 - https:\/\/yoast.com\/wordpress\/plugins\/seo\/ -->\n<title>Buffer Stoppbukk | Rolfsen &amp; Juell<\/title>\n<meta name=\"description\" content=\"Vi levererar alla typer av buffertar\/stoppbockar till b\u00e5de j\u00e4rnv\u00e4g och sp\u00e5rv\u00e4g; med eller utan friktionselement och hydraulik eller i kombination.\" \/>\n<meta name=\"robots\" content=\"index, follow, max-snippet:-1, max-image-preview:large, max-video-preview:-1\" \/>\n<link rel=\"canonical\" href=\"https:\/\/rolfsenjuell.com\/sv\/produkt\/buffertar-stoppbockar\/\" \/>\n<meta property=\"og:locale\" content=\"sv_SE\" \/>\n<meta property=\"og:type\" content=\"article\" \/>\n<meta property=\"og:title\" content=\"Buffer Stoppbukk | Rolfsen &amp; Juell\" \/>\n<meta property=\"og:description\" content=\"Vi levererar alla typer av buffertar\/stoppbockar till b\u00e5de j\u00e4rnv\u00e4g och sp\u00e5rv\u00e4g; med eller utan friktionselement och hydraulik eller i kombination.\" \/>\n<meta property=\"og:url\" content=\"https:\/\/rolfsenjuell.com\/sv\/produkt\/buffertar-stoppbockar\/\" \/>\n<meta property=\"og:site_name\" content=\"Rolfsen &amp; Juell\" \/>\n<meta property=\"article:modified_time\" content=\"2025-01-16T12:20:11+00:00\" \/>\n<meta property=\"og:image\" content=\"https:\/\/rolfsenjuell.com\/wp-content\/uploads\/2020\/10\/6.buferre1.jpg\" \/>\n\t<meta property=\"og:image:width\" content=\"1080\" \/>\n\t<meta property=\"og:image:height\" content=\"1080\" \/>\n\t<meta property=\"og:image:type\" content=\"image\/jpeg\" \/>\n<meta name=\"twitter:card\" content=\"summary_large_image\" \/>\n<script type=\"application\/ld+json\" class=\"yoast-schema-graph\">{\"@context\":\"https:\/\/schema.org\",\"@graph\":[{\"@type\":\"WebPage\",\"@id\":\"https:\/\/rolfsenjuell.com\/sv\/produkt\/buffertar-stoppbockar\/\",\"url\":\"https:\/\/rolfsenjuell.com\/sv\/produkt\/buffertar-stoppbockar\/\",\"name\":\"Buffer Stoppbukk | Rolfsen &amp; Juell\",\"isPartOf\":{\"@id\":\"https:\/\/rolfsenjuell.com\/sv\/#website\"},\"primaryImageOfPage\":{\"@id\":\"https:\/\/rolfsenjuell.com\/sv\/produkt\/buffertar-stoppbockar\/#primaryimage\"},\"image\":{\"@id\":\"https:\/\/rolfsenjuell.com\/sv\/produkt\/buffertar-stoppbockar\/#primaryimage\"},\"thumbnailUrl\":\"https:\/\/rolfsenjuell.com\/wp-content\/uploads\/2020\/10\/6.buferre1.jpg\",\"datePublished\":\"2024-11-06T13:08:46+00:00\",\"dateModified\":\"2025-01-16T12:20:11+00:00\",\"description\":\"Vi levererar alla typer av buffertar\/stoppbockar till b\u00e5de j\u00e4rnv\u00e4g och sp\u00e5rv\u00e4g; med eller utan friktionselement och hydraulik eller i kombination.\",\"breadcrumb\":{\"@id\":\"https:\/\/rolfsenjuell.com\/sv\/produkt\/buffertar-stoppbockar\/#breadcrumb\"},\"inLanguage\":\"sv-SE\",\"potentialAction\":[{\"@type\":\"ReadAction\",\"target\":[\"https:\/\/rolfsenjuell.com\/sv\/produkt\/buffertar-stoppbockar\/\"]}]},{\"@type\":\"ImageObject\",\"inLanguage\":\"sv-SE\",\"@id\":\"https:\/\/rolfsenjuell.com\/sv\/produkt\/buffertar-stoppbockar\/#primaryimage\",\"url\":\"https:\/\/rolfsenjuell.com\/wp-content\/uploads\/2020\/10\/6.buferre1.jpg\",\"contentUrl\":\"https:\/\/rolfsenjuell.com\/wp-content\/uploads\/2020\/10\/6.buferre1.jpg\",\"width\":1080,\"height\":1080},{\"@type\":\"BreadcrumbList\",\"@id\":\"https:\/\/rolfsenjuell.com\/sv\/produkt\/buffertar-stoppbockar\/#breadcrumb\",\"itemListElement\":[{\"@type\":\"ListItem\",\"position\":1,\"name\":\"Home\",\"item\":\"https:\/\/rolfsenjuell.com\/sv\/home\/\"},{\"@type\":\"ListItem\",\"position\":2,\"name\":\"Butik\",\"item\":\"https:\/\/rolfsenjuell.com\/butik\/\"},{\"@type\":\"ListItem\",\"position\":3,\"name\":\"Buffertar\/Stoppbockar\"}]},{\"@type\":\"WebSite\",\"@id\":\"https:\/\/rolfsenjuell.com\/sv\/#website\",\"url\":\"https:\/\/rolfsenjuell.com\/sv\/\",\"name\":\"Rolfsen Juell\",\"description\":\"St\u00e5l og Jernbane del leverand\u00f8rer i Norge, Sverige, Danmark, Finland\",\"publisher\":{\"@id\":\"https:\/\/rolfsenjuell.com\/sv\/#organization\"},\"potentialAction\":[{\"@type\":\"SearchAction\",\"target\":{\"@type\":\"EntryPoint\",\"urlTemplate\":\"https:\/\/rolfsenjuell.com\/sv\/?s={search_term_string}\"},\"query-input\":{\"@type\":\"PropertyValueSpecification\",\"valueRequired\":true,\"valueName\":\"search_term_string\"}}],\"inLanguage\":\"sv-SE\"},{\"@type\":\"Organization\",\"@id\":\"https:\/\/rolfsenjuell.com\/sv\/#organization\",\"name\":\"Rolfsen & Juell\",\"url\":\"https:\/\/rolfsenjuell.com\/sv\/\",\"logo\":{\"@type\":\"ImageObject\",\"inLanguage\":\"sv-SE\",\"@id\":\"https:\/\/rolfsenjuell.com\/sv\/#\/schema\/logo\/image\/\",\"url\":\"https:\/\/rolfsenjuell.com\/wp-content\/uploads\/2020\/06\/unnamed-1.jpg\",\"contentUrl\":\"https:\/\/rolfsenjuell.com\/wp-content\/uploads\/2020\/06\/unnamed-1.jpg\",\"width\":500,\"height\":122,\"caption\":\"Rolfsen & Juell\"},\"image\":{\"@id\":\"https:\/\/rolfsenjuell.com\/sv\/#\/schema\/logo\/image\/\"},\"sameAs\":[\"https:\/\/www.linkedin.com\/company\/rolfsen-sonn-as\/\"]}]}<\/script>\n<!-- \/ Yoast SEO plugin. -->","yoast_head_json":{"title":"Buffer Stoppbukk | Rolfsen &amp; Juell","description":"Vi levererar alla typer av buffertar\/stoppbockar till b\u00e5de j\u00e4rnv\u00e4g och sp\u00e5rv\u00e4g; med eller utan friktionselement och hydraulik eller i kombination.","robots":{"index":"index","follow":"follow","max-snippet":"max-snippet:-1","max-image-preview":"max-image-preview:large","max-video-preview":"max-video-preview:-1"},"canonical":"https:\/\/rolfsenjuell.com\/sv\/produkt\/buffertar-stoppbockar\/","og_locale":"sv_SE","og_type":"article","og_title":"Buffer Stoppbukk | Rolfsen &amp; Juell","og_description":"Vi levererar alla typer av buffertar\/stoppbockar till b\u00e5de j\u00e4rnv\u00e4g och sp\u00e5rv\u00e4g; med eller utan friktionselement och hydraulik eller i kombination.","og_url":"https:\/\/rolfsenjuell.com\/sv\/produkt\/buffertar-stoppbockar\/","og_site_name":"Rolfsen &amp; Juell","article_modified_time":"2025-01-16T12:20:11+00:00","og_image":[{"width":1080,"height":1080,"url":"https:\/\/rolfsenjuell.com\/wp-content\/uploads\/2020\/10\/6.buferre1.jpg","type":"image\/jpeg"}],"twitter_card":"summary_large_image","schema":{"@context":"https:\/\/schema.org","@graph":[{"@type":"WebPage","@id":"https:\/\/rolfsenjuell.com\/sv\/produkt\/buffertar-stoppbockar\/","url":"https:\/\/rolfsenjuell.com\/sv\/produkt\/buffertar-stoppbockar\/","name":"Buffer Stoppbukk | Rolfsen &amp; Juell","isPartOf":{"@id":"https:\/\/rolfsenjuell.com\/sv\/#website"},"primaryImageOfPage":{"@id":"https:\/\/rolfsenjuell.com\/sv\/produkt\/buffertar-stoppbockar\/#primaryimage"},"image":{"@id":"https:\/\/rolfsenjuell.com\/sv\/produkt\/buffertar-stoppbockar\/#primaryimage"},"thumbnailUrl":"https:\/\/rolfsenjuell.com\/wp-content\/uploads\/2020\/10\/6.buferre1.jpg","datePublished":"2024-11-06T13:08:46+00:00","dateModified":"2025-01-16T12:20:11+00:00","description":"Vi levererar alla typer av buffertar\/stoppbockar till b\u00e5de j\u00e4rnv\u00e4g och sp\u00e5rv\u00e4g; med eller utan friktionselement och hydraulik eller i kombination.","breadcrumb":{"@id":"https:\/\/rolfsenjuell.com\/sv\/produkt\/buffertar-stoppbockar\/#breadcrumb"},"inLanguage":"sv-SE","potentialAction":[{"@type":"ReadAction","target":["https:\/\/rolfsenjuell.com\/sv\/produkt\/buffertar-stoppbockar\/"]}]},{"@type":"ImageObject","inLanguage":"sv-SE","@id":"https:\/\/rolfsenjuell.com\/sv\/produkt\/buffertar-stoppbockar\/#primaryimage","url":"https:\/\/rolfsenjuell.com\/wp-content\/uploads\/2020\/10\/6.buferre1.jpg","contentUrl":"https:\/\/rolfsenjuell.com\/wp-content\/uploads\/2020\/10\/6.buferre1.jpg","width":1080,"height":1080},{"@type":"BreadcrumbList","@id":"https:\/\/rolfsenjuell.com\/sv\/produkt\/buffertar-stoppbockar\/#breadcrumb","itemListElement":[{"@type":"ListItem","position":1,"name":"Home","item":"https:\/\/rolfsenjuell.com\/sv\/home\/"},{"@type":"ListItem","position":2,"name":"Butik","item":"https:\/\/rolfsenjuell.com\/butik\/"},{"@type":"ListItem","position":3,"name":"Buffertar\/Stoppbockar"}]},{"@type":"WebSite","@id":"https:\/\/rolfsenjuell.com\/sv\/#website","url":"https:\/\/rolfsenjuell.com\/sv\/","name":"Rolfsen Juell","description":"St\u00e5l og Jernbane del leverand\u00f8rer i Norge, Sverige, Danmark, Finland","publisher":{"@id":"https:\/\/rolfsenjuell.com\/sv\/#organization"},"potentialAction":[{"@type":"SearchAction","target":{"@type":"EntryPoint","urlTemplate":"https:\/\/rolfsenjuell.com\/sv\/?s={search_term_string}"},"query-input":{"@type":"PropertyValueSpecification","valueRequired":true,"valueName":"search_term_string"}}],"inLanguage":"sv-SE"},{"@type":"Organization","@id":"https:\/\/rolfsenjuell.com\/sv\/#organization","name":"Rolfsen & Juell","url":"https:\/\/rolfsenjuell.com\/sv\/","logo":{"@type":"ImageObject","inLanguage":"sv-SE","@id":"https:\/\/rolfsenjuell.com\/sv\/#\/schema\/logo\/image\/","url":"https:\/\/rolfsenjuell.com\/wp-content\/uploads\/2020\/06\/unnamed-1.jpg","contentUrl":"https:\/\/rolfsenjuell.com\/wp-content\/uploads\/2020\/06\/unnamed-1.jpg","width":500,"height":122,"caption":"Rolfsen & Juell"},"image":{"@id":"https:\/\/rolfsenjuell.com\/sv\/#\/schema\/logo\/image\/"},"sameAs":["https:\/\/www.linkedin.com\/company\/rolfsen-sonn-as\/"]}]}},"jetpack_sharing_enabled":true,"_links":{"self":[{"href":"https:\/\/rolfsenjuell.com\/sv\/wp-json\/wp\/v2\/product\/2655","targetHints":{"allow":["GET"]}}],"collection":[{"href":"https:\/\/rolfsenjuell.com\/sv\/wp-json\/wp\/v2\/product"}],"about":[{"href":"https:\/\/rolfsenjuell.com\/sv\/wp-json\/wp\/v2\/types\/product"}],"replies":[{"embeddable":true,"href":"https:\/\/rolfsenjuell.com\/sv\/wp-json\/wp\/v2\/comments?post=2655"}],"wp:featuredmedia":[{"embeddable":true,"href":"https:\/\/rolfsenjuell.com\/sv\/wp-json\/wp\/v2\/media\/2725"}],"wp:attachment":[{"href":"https:\/\/rolfsenjuell.com\/sv\/wp-json\/wp\/v2\/media?parent=2655"}],"wp:term":[{"taxonomy":"product_brand","embeddable":true,"href":"https:\/\/rolfsenjuell.com\/sv\/wp-json\/wp\/v2\/product_brand?post=2655"},{"taxonomy":"product_cat","embeddable":true,"href":"https:\/\/rolfsenjuell.com\/sv\/wp-json\/wp\/v2\/product_cat?post=2655"},{"taxonomy":"product_tag","embeddable":true,"href":"https:\/\/rolfsenjuell.com\/sv\/wp-json\/wp\/v2\/product_tag?post=2655"}],"curies":[{"name":"wp","href":"https:\/\/api.w.org\/{rel}","templated":true}]}}