{"id":2651,"date":"2020-10-06T13:09:02","date_gmt":"2024-11-06T11:27:13","guid":{"rendered":"https:\/\/rolfsenjuell.com\/product\/sds-filler-blocks-sparfundament-livblocksystem\/"},"modified":"2025-01-16T13:13:09","modified_gmt":"2025-01-16T12:13:09","slug":"sds-fillerblocks-ralsbefastningssystem-livblocksystem","status":"publish","type":"product","link":"https:\/\/rolfsenjuell.com\/sv\/produkt\/sds-fillerblocks-ralsbefastningssystem-livblocksystem\/","title":{"rendered":"SDS &#8211; Filler Blocks &#8211; R\u00e4lsbef\u00e4stningssystem &#8211; Livblocksystem"},"content":{"rendered":"","protected":false},"excerpt":{"rendered":"<p>Det system vi erbjuder \u00e4r ett kostnadseffektivt och elektriskt isolerande vibrations- och ljudd\u00e4mpningssystem f\u00f6r sp\u00e5rv\u00e4g och tunnelbana, som kan anpassas f\u00f6r att uppfylla alla dina tekniska krav. Edilon)(Sedras system \u00e4r tillverkat av 100 % \u00e5tervunnet material. Systemet installeras snabbt och enkelt och kan anpassas till olika bullerkrav. Systemet kan levereras med skr\u00e4ddarsydda utsk\u00e4rningar f\u00f6r att passa det avsedda systemet.<\/p>\n","protected":false},"featured_media":1252,"comment_status":"closed","ping_status":"closed","template":"","meta":{"_acf_changed":false,"inline_featured_image":false},"product_brand":[],"product_cat":[118],"product_tag":[],"class_list":{"0":"post-2651","1":"product","2":"type-product","3":"status-publish","4":"has-post-thumbnail","6":"product_cat-ralfastning","8":"first","9":"outofstock","10":"shipping-taxable","11":"product-type-variable"},"acf":[],"yoast_head":"<!-- This site is optimized with the Yoast SEO plugin v25.1 - https:\/\/yoast.com\/wordpress\/plugins\/seo\/ -->\n<title>SDS - Filler Blocks - R\u00e4lsbef\u00e4stningssystem - Livblocksystem | Rolfsen &amp; Juell<\/title>\n<meta name=\"description\" content=\"Det system vi erbjuder \u00e4r ett kostnadseffektivt och elektriskt isolerande vibrations- och ljudd\u00e4mpningssystem f\u00f6r sp\u00e5rv\u00e4g och tunnelbana, som kan anpassas f\u00f6r att uppfylla alla dina tekniska krav.\" \/>\n<meta name=\"robots\" content=\"index, follow, max-snippet:-1, max-image-preview:large, max-video-preview:-1\" \/>\n<link rel=\"canonical\" href=\"https:\/\/rolfsenjuell.com\/sv\/produkt\/sds-fillerblocks-ralsbefastningssystem-livblocksystem\/\" \/>\n<meta property=\"og:locale\" content=\"sv_SE\" \/>\n<meta property=\"og:type\" content=\"article\" \/>\n<meta property=\"og:title\" content=\"SDS - Filler Blocks - R\u00e4lsbef\u00e4stningssystem - Livblocksystem | Rolfsen &amp; Juell\" \/>\n<meta property=\"og:description\" content=\"Det system vi erbjuder \u00e4r ett kostnadseffektivt och elektriskt isolerande vibrations- och ljudd\u00e4mpningssystem f\u00f6r sp\u00e5rv\u00e4g och tunnelbana, som kan anpassas f\u00f6r att uppfylla alla dina tekniska krav.\" \/>\n<meta property=\"og:url\" content=\"https:\/\/rolfsenjuell.com\/sv\/produkt\/sds-fillerblocks-ralsbefastningssystem-livblocksystem\/\" \/>\n<meta property=\"og:site_name\" content=\"Rolfsen &amp; Juell\" \/>\n<meta property=\"article:modified_time\" content=\"2025-01-16T12:13:09+00:00\" \/>\n<meta property=\"og:image\" content=\"https:\/\/rolfsenjuell.com\/wp-content\/uploads\/2020\/10\/SDS-Filler-blocks.jpg\" \/>\n\t<meta property=\"og:image:width\" content=\"570\" \/>\n\t<meta property=\"og:image:height\" content=\"381\" \/>\n\t<meta property=\"og:image:type\" content=\"image\/jpeg\" \/>\n<meta name=\"twitter:card\" content=\"summary_large_image\" \/>\n<script type=\"application\/ld+json\" class=\"yoast-schema-graph\">{\"@context\":\"https:\/\/schema.org\",\"@graph\":[{\"@type\":\"WebPage\",\"@id\":\"https:\/\/rolfsenjuell.com\/sv\/produkt\/sds-fillerblocks-ralsbefastningssystem-livblocksystem\/\",\"url\":\"https:\/\/rolfsenjuell.com\/sv\/produkt\/sds-fillerblocks-ralsbefastningssystem-livblocksystem\/\",\"name\":\"SDS - Filler Blocks - R\u00e4lsbef\u00e4stningssystem - Livblocksystem | Rolfsen &amp; Juell\",\"isPartOf\":{\"@id\":\"https:\/\/rolfsenjuell.com\/sv\/#website\"},\"primaryImageOfPage\":{\"@id\":\"https:\/\/rolfsenjuell.com\/sv\/produkt\/sds-fillerblocks-ralsbefastningssystem-livblocksystem\/#primaryimage\"},\"image\":{\"@id\":\"https:\/\/rolfsenjuell.com\/sv\/produkt\/sds-fillerblocks-ralsbefastningssystem-livblocksystem\/#primaryimage\"},\"thumbnailUrl\":\"https:\/\/rolfsenjuell.com\/wp-content\/uploads\/2020\/10\/SDS-Filler-blocks.jpg\",\"datePublished\":\"2024-11-06T11:27:13+00:00\",\"dateModified\":\"2025-01-16T12:13:09+00:00\",\"description\":\"Det system vi erbjuder \u00e4r ett kostnadseffektivt och elektriskt isolerande vibrations- och ljudd\u00e4mpningssystem f\u00f6r sp\u00e5rv\u00e4g och tunnelbana, som kan anpassas f\u00f6r att uppfylla alla dina tekniska krav.\",\"breadcrumb\":{\"@id\":\"https:\/\/rolfsenjuell.com\/sv\/produkt\/sds-fillerblocks-ralsbefastningssystem-livblocksystem\/#breadcrumb\"},\"inLanguage\":\"sv-SE\",\"potentialAction\":[{\"@type\":\"ReadAction\",\"target\":[\"https:\/\/rolfsenjuell.com\/sv\/produkt\/sds-fillerblocks-ralsbefastningssystem-livblocksystem\/\"]}]},{\"@type\":\"ImageObject\",\"inLanguage\":\"sv-SE\",\"@id\":\"https:\/\/rolfsenjuell.com\/sv\/produkt\/sds-fillerblocks-ralsbefastningssystem-livblocksystem\/#primaryimage\",\"url\":\"https:\/\/rolfsenjuell.com\/wp-content\/uploads\/2020\/10\/SDS-Filler-blocks.jpg\",\"contentUrl\":\"https:\/\/rolfsenjuell.com\/wp-content\/uploads\/2020\/10\/SDS-Filler-blocks.jpg\",\"width\":570,\"height\":381},{\"@type\":\"BreadcrumbList\",\"@id\":\"https:\/\/rolfsenjuell.com\/sv\/produkt\/sds-fillerblocks-ralsbefastningssystem-livblocksystem\/#breadcrumb\",\"itemListElement\":[{\"@type\":\"ListItem\",\"position\":1,\"name\":\"Home\",\"item\":\"https:\/\/rolfsenjuell.com\/sv\/home\/\"},{\"@type\":\"ListItem\",\"position\":2,\"name\":\"Butik\",\"item\":\"https:\/\/rolfsenjuell.com\/butik\/\"},{\"@type\":\"ListItem\",\"position\":3,\"name\":\"SDS &#8211; Filler Blocks &#8211; R\u00e4lsbef\u00e4stningssystem &#8211; Livblocksystem\"}]},{\"@type\":\"WebSite\",\"@id\":\"https:\/\/rolfsenjuell.com\/sv\/#website\",\"url\":\"https:\/\/rolfsenjuell.com\/sv\/\",\"name\":\"Rolfsen Juell\",\"description\":\"St\u00e5l og Jernbane del leverand\u00f8rer i Norge, Sverige, Danmark, Finland\",\"publisher\":{\"@id\":\"https:\/\/rolfsenjuell.com\/sv\/#organization\"},\"potentialAction\":[{\"@type\":\"SearchAction\",\"target\":{\"@type\":\"EntryPoint\",\"urlTemplate\":\"https:\/\/rolfsenjuell.com\/sv\/?s={search_term_string}\"},\"query-input\":{\"@type\":\"PropertyValueSpecification\",\"valueRequired\":true,\"valueName\":\"search_term_string\"}}],\"inLanguage\":\"sv-SE\"},{\"@type\":\"Organization\",\"@id\":\"https:\/\/rolfsenjuell.com\/sv\/#organization\",\"name\":\"Rolfsen & Juell\",\"url\":\"https:\/\/rolfsenjuell.com\/sv\/\",\"logo\":{\"@type\":\"ImageObject\",\"inLanguage\":\"sv-SE\",\"@id\":\"https:\/\/rolfsenjuell.com\/sv\/#\/schema\/logo\/image\/\",\"url\":\"https:\/\/rolfsenjuell.com\/wp-content\/uploads\/2020\/06\/unnamed-1.jpg\",\"contentUrl\":\"https:\/\/rolfsenjuell.com\/wp-content\/uploads\/2020\/06\/unnamed-1.jpg\",\"width\":500,\"height\":122,\"caption\":\"Rolfsen & Juell\"},\"image\":{\"@id\":\"https:\/\/rolfsenjuell.com\/sv\/#\/schema\/logo\/image\/\"},\"sameAs\":[\"https:\/\/www.linkedin.com\/company\/rolfsen-sonn-as\/\"]}]}<\/script>\n<!-- \/ Yoast SEO plugin. -->","yoast_head_json":{"title":"SDS - Filler Blocks - R\u00e4lsbef\u00e4stningssystem - Livblocksystem | Rolfsen &amp; Juell","description":"Det system vi erbjuder \u00e4r ett kostnadseffektivt och elektriskt isolerande vibrations- och ljudd\u00e4mpningssystem f\u00f6r sp\u00e5rv\u00e4g och tunnelbana, som kan anpassas f\u00f6r att uppfylla alla dina tekniska krav.","robots":{"index":"index","follow":"follow","max-snippet":"max-snippet:-1","max-image-preview":"max-image-preview:large","max-video-preview":"max-video-preview:-1"},"canonical":"https:\/\/rolfsenjuell.com\/sv\/produkt\/sds-fillerblocks-ralsbefastningssystem-livblocksystem\/","og_locale":"sv_SE","og_type":"article","og_title":"SDS - Filler Blocks - R\u00e4lsbef\u00e4stningssystem - Livblocksystem | Rolfsen &amp; Juell","og_description":"Det system vi erbjuder \u00e4r ett kostnadseffektivt och elektriskt isolerande vibrations- och ljudd\u00e4mpningssystem f\u00f6r sp\u00e5rv\u00e4g och tunnelbana, som kan anpassas f\u00f6r att uppfylla alla dina tekniska krav.","og_url":"https:\/\/rolfsenjuell.com\/sv\/produkt\/sds-fillerblocks-ralsbefastningssystem-livblocksystem\/","og_site_name":"Rolfsen &amp; Juell","article_modified_time":"2025-01-16T12:13:09+00:00","og_image":[{"width":570,"height":381,"url":"https:\/\/rolfsenjuell.com\/wp-content\/uploads\/2020\/10\/SDS-Filler-blocks.jpg","type":"image\/jpeg"}],"twitter_card":"summary_large_image","schema":{"@context":"https:\/\/schema.org","@graph":[{"@type":"WebPage","@id":"https:\/\/rolfsenjuell.com\/sv\/produkt\/sds-fillerblocks-ralsbefastningssystem-livblocksystem\/","url":"https:\/\/rolfsenjuell.com\/sv\/produkt\/sds-fillerblocks-ralsbefastningssystem-livblocksystem\/","name":"SDS - Filler Blocks - R\u00e4lsbef\u00e4stningssystem - Livblocksystem | Rolfsen &amp; Juell","isPartOf":{"@id":"https:\/\/rolfsenjuell.com\/sv\/#website"},"primaryImageOfPage":{"@id":"https:\/\/rolfsenjuell.com\/sv\/produkt\/sds-fillerblocks-ralsbefastningssystem-livblocksystem\/#primaryimage"},"image":{"@id":"https:\/\/rolfsenjuell.com\/sv\/produkt\/sds-fillerblocks-ralsbefastningssystem-livblocksystem\/#primaryimage"},"thumbnailUrl":"https:\/\/rolfsenjuell.com\/wp-content\/uploads\/2020\/10\/SDS-Filler-blocks.jpg","datePublished":"2024-11-06T11:27:13+00:00","dateModified":"2025-01-16T12:13:09+00:00","description":"Det system vi erbjuder \u00e4r ett kostnadseffektivt och elektriskt isolerande vibrations- och ljudd\u00e4mpningssystem f\u00f6r sp\u00e5rv\u00e4g och tunnelbana, som kan anpassas f\u00f6r att uppfylla alla dina tekniska krav.","breadcrumb":{"@id":"https:\/\/rolfsenjuell.com\/sv\/produkt\/sds-fillerblocks-ralsbefastningssystem-livblocksystem\/#breadcrumb"},"inLanguage":"sv-SE","potentialAction":[{"@type":"ReadAction","target":["https:\/\/rolfsenjuell.com\/sv\/produkt\/sds-fillerblocks-ralsbefastningssystem-livblocksystem\/"]}]},{"@type":"ImageObject","inLanguage":"sv-SE","@id":"https:\/\/rolfsenjuell.com\/sv\/produkt\/sds-fillerblocks-ralsbefastningssystem-livblocksystem\/#primaryimage","url":"https:\/\/rolfsenjuell.com\/wp-content\/uploads\/2020\/10\/SDS-Filler-blocks.jpg","contentUrl":"https:\/\/rolfsenjuell.com\/wp-content\/uploads\/2020\/10\/SDS-Filler-blocks.jpg","width":570,"height":381},{"@type":"BreadcrumbList","@id":"https:\/\/rolfsenjuell.com\/sv\/produkt\/sds-fillerblocks-ralsbefastningssystem-livblocksystem\/#breadcrumb","itemListElement":[{"@type":"ListItem","position":1,"name":"Home","item":"https:\/\/rolfsenjuell.com\/sv\/home\/"},{"@type":"ListItem","position":2,"name":"Butik","item":"https:\/\/rolfsenjuell.com\/butik\/"},{"@type":"ListItem","position":3,"name":"SDS &#8211; Filler Blocks &#8211; R\u00e4lsbef\u00e4stningssystem &#8211; Livblocksystem"}]},{"@type":"WebSite","@id":"https:\/\/rolfsenjuell.com\/sv\/#website","url":"https:\/\/rolfsenjuell.com\/sv\/","name":"Rolfsen Juell","description":"St\u00e5l og Jernbane del leverand\u00f8rer i Norge, Sverige, Danmark, Finland","publisher":{"@id":"https:\/\/rolfsenjuell.com\/sv\/#organization"},"potentialAction":[{"@type":"SearchAction","target":{"@type":"EntryPoint","urlTemplate":"https:\/\/rolfsenjuell.com\/sv\/?s={search_term_string}"},"query-input":{"@type":"PropertyValueSpecification","valueRequired":true,"valueName":"search_term_string"}}],"inLanguage":"sv-SE"},{"@type":"Organization","@id":"https:\/\/rolfsenjuell.com\/sv\/#organization","name":"Rolfsen & Juell","url":"https:\/\/rolfsenjuell.com\/sv\/","logo":{"@type":"ImageObject","inLanguage":"sv-SE","@id":"https:\/\/rolfsenjuell.com\/sv\/#\/schema\/logo\/image\/","url":"https:\/\/rolfsenjuell.com\/wp-content\/uploads\/2020\/06\/unnamed-1.jpg","contentUrl":"https:\/\/rolfsenjuell.com\/wp-content\/uploads\/2020\/06\/unnamed-1.jpg","width":500,"height":122,"caption":"Rolfsen & Juell"},"image":{"@id":"https:\/\/rolfsenjuell.com\/sv\/#\/schema\/logo\/image\/"},"sameAs":["https:\/\/www.linkedin.com\/company\/rolfsen-sonn-as\/"]}]}},"jetpack_sharing_enabled":true,"_links":{"self":[{"href":"https:\/\/rolfsenjuell.com\/sv\/wp-json\/wp\/v2\/product\/2651","targetHints":{"allow":["GET"]}}],"collection":[{"href":"https:\/\/rolfsenjuell.com\/sv\/wp-json\/wp\/v2\/product"}],"about":[{"href":"https:\/\/rolfsenjuell.com\/sv\/wp-json\/wp\/v2\/types\/product"}],"replies":[{"embeddable":true,"href":"https:\/\/rolfsenjuell.com\/sv\/wp-json\/wp\/v2\/comments?post=2651"}],"wp:featuredmedia":[{"embeddable":true,"href":"https:\/\/rolfsenjuell.com\/sv\/wp-json\/wp\/v2\/media\/1252"}],"wp:attachment":[{"href":"https:\/\/rolfsenjuell.com\/sv\/wp-json\/wp\/v2\/media?parent=2651"}],"wp:term":[{"taxonomy":"product_brand","embeddable":true,"href":"https:\/\/rolfsenjuell.com\/sv\/wp-json\/wp\/v2\/product_brand?post=2651"},{"taxonomy":"product_cat","embeddable":true,"href":"https:\/\/rolfsenjuell.com\/sv\/wp-json\/wp\/v2\/product_cat?post=2651"},{"taxonomy":"product_tag","embeddable":true,"href":"https:\/\/rolfsenjuell.com\/sv\/wp-json\/wp\/v2\/product_tag?post=2651"}],"curies":[{"name":"wp","href":"https:\/\/api.w.org\/{rel}","templated":true}]}}