{"id":2649,"date":"2020-10-06T13:30:27","date_gmt":"2024-11-06T11:11:12","guid":{"rendered":"https:\/\/rolfsenjuell.com\/product\/sakerhetssystem-for-plankorsningar-lidar\/"},"modified":"2025-01-16T13:10:51","modified_gmt":"2025-01-16T12:10:51","slug":"sakerhetssystem-for-plankorsningar-lidar","status":"publish","type":"product","link":"https:\/\/rolfsenjuell.com\/sv\/produkt\/sakerhetssystem-for-plankorsningar-lidar\/","title":{"rendered":"S\u00e4kerhetssystem f\u00f6r plankorsningar (LIDAR)"},"content":{"rendered":"","protected":false},"excerpt":{"rendered":"<p>Vi levererar s\u00e4kerhetssystem f\u00f6r plankorsningar inom sp\u00e5rv\u00e4g. Det system vi erbjuder \u00e4r utformat f\u00f6r att uppt\u00e4cka hinder p\u00e5 marken, vilket g\u00f6r det m\u00f6jligt att identifiera och varna f\u00f6r sm\u00e5 f\u00f6rem\u00e5l eller personer som blockerar sp\u00e5ret. P\u00e5 s\u00e5 s\u00e4tt skyddas b\u00e5de barn, vuxna och fordon.<\/p>\n","protected":false},"featured_media":1263,"comment_status":"closed","ping_status":"closed","template":"","meta":{"_acf_changed":false,"inline_featured_image":false},"product_brand":[],"product_cat":[117,87],"product_tag":[],"class_list":{"0":"post-2649","1":"product","2":"type-product","3":"status-publish","4":"has-post-thumbnail","6":"product_cat-rals-och-vaxelstilbehor","7":"product_cat-rail-sv","9":"first","10":"outofstock","11":"shipping-taxable","12":"product-type-variable"},"acf":[],"yoast_head":"<!-- This site is optimized with the Yoast SEO plugin v25.1 - https:\/\/yoast.com\/wordpress\/plugins\/seo\/ -->\n<title>Planovergangssikring LIDAR | Rolfsen &amp; Juell<\/title>\n<meta name=\"description\" content=\"Vi levererar s\u00e4kerhetssystem f\u00f6r plankorsningar inom sp\u00e5rv\u00e4g. Det system vi erbjuder \u00e4r utformat f\u00f6r att uppt\u00e4cka hinder p\u00e5 marken,\" \/>\n<meta name=\"robots\" content=\"index, follow, max-snippet:-1, max-image-preview:large, max-video-preview:-1\" \/>\n<link rel=\"canonical\" href=\"https:\/\/rolfsenjuell.com\/sv\/produkt\/sakerhetssystem-for-plankorsningar-lidar\/\" \/>\n<meta property=\"og:locale\" content=\"sv_SE\" \/>\n<meta property=\"og:type\" content=\"article\" \/>\n<meta property=\"og:title\" content=\"Planovergangssikring LIDAR | Rolfsen &amp; Juell\" \/>\n<meta property=\"og:description\" content=\"Vi levererar s\u00e4kerhetssystem f\u00f6r plankorsningar inom sp\u00e5rv\u00e4g. Det system vi erbjuder \u00e4r utformat f\u00f6r att uppt\u00e4cka hinder p\u00e5 marken,\" \/>\n<meta property=\"og:url\" content=\"https:\/\/rolfsenjuell.com\/sv\/produkt\/sakerhetssystem-for-plankorsningar-lidar\/\" \/>\n<meta property=\"og:site_name\" content=\"Rolfsen &amp; Juell\" \/>\n<meta property=\"article:modified_time\" content=\"2025-01-16T12:10:51+00:00\" \/>\n<meta property=\"og:image\" content=\"https:\/\/rolfsenjuell.com\/wp-content\/uploads\/2020\/10\/LIDAR.jpg\" \/>\n\t<meta property=\"og:image:width\" content=\"790\" \/>\n\t<meta property=\"og:image:height\" content=\"534\" \/>\n\t<meta property=\"og:image:type\" content=\"image\/jpeg\" \/>\n<meta name=\"twitter:card\" content=\"summary_large_image\" \/>\n<script type=\"application\/ld+json\" class=\"yoast-schema-graph\">{\"@context\":\"https:\/\/schema.org\",\"@graph\":[{\"@type\":\"WebPage\",\"@id\":\"https:\/\/rolfsenjuell.com\/sv\/produkt\/sakerhetssystem-for-plankorsningar-lidar\/\",\"url\":\"https:\/\/rolfsenjuell.com\/sv\/produkt\/sakerhetssystem-for-plankorsningar-lidar\/\",\"name\":\"Planovergangssikring LIDAR | Rolfsen &amp; Juell\",\"isPartOf\":{\"@id\":\"https:\/\/rolfsenjuell.com\/sv\/#website\"},\"primaryImageOfPage\":{\"@id\":\"https:\/\/rolfsenjuell.com\/sv\/produkt\/sakerhetssystem-for-plankorsningar-lidar\/#primaryimage\"},\"image\":{\"@id\":\"https:\/\/rolfsenjuell.com\/sv\/produkt\/sakerhetssystem-for-plankorsningar-lidar\/#primaryimage\"},\"thumbnailUrl\":\"https:\/\/rolfsenjuell.com\/wp-content\/uploads\/2020\/10\/LIDAR.jpg\",\"datePublished\":\"2024-11-06T11:11:12+00:00\",\"dateModified\":\"2025-01-16T12:10:51+00:00\",\"description\":\"Vi levererar s\u00e4kerhetssystem f\u00f6r plankorsningar inom sp\u00e5rv\u00e4g. Det system vi erbjuder \u00e4r utformat f\u00f6r att uppt\u00e4cka hinder p\u00e5 marken,\",\"breadcrumb\":{\"@id\":\"https:\/\/rolfsenjuell.com\/sv\/produkt\/sakerhetssystem-for-plankorsningar-lidar\/#breadcrumb\"},\"inLanguage\":\"sv-SE\",\"potentialAction\":[{\"@type\":\"ReadAction\",\"target\":[\"https:\/\/rolfsenjuell.com\/sv\/produkt\/sakerhetssystem-for-plankorsningar-lidar\/\"]}]},{\"@type\":\"ImageObject\",\"inLanguage\":\"sv-SE\",\"@id\":\"https:\/\/rolfsenjuell.com\/sv\/produkt\/sakerhetssystem-for-plankorsningar-lidar\/#primaryimage\",\"url\":\"https:\/\/rolfsenjuell.com\/wp-content\/uploads\/2020\/10\/LIDAR.jpg\",\"contentUrl\":\"https:\/\/rolfsenjuell.com\/wp-content\/uploads\/2020\/10\/LIDAR.jpg\",\"width\":790,\"height\":534},{\"@type\":\"BreadcrumbList\",\"@id\":\"https:\/\/rolfsenjuell.com\/sv\/produkt\/sakerhetssystem-for-plankorsningar-lidar\/#breadcrumb\",\"itemListElement\":[{\"@type\":\"ListItem\",\"position\":1,\"name\":\"Home\",\"item\":\"https:\/\/rolfsenjuell.com\/sv\/home\/\"},{\"@type\":\"ListItem\",\"position\":2,\"name\":\"Butik\",\"item\":\"https:\/\/rolfsenjuell.com\/butik\/\"},{\"@type\":\"ListItem\",\"position\":3,\"name\":\"S\u00e4kerhetssystem f\u00f6r plankorsningar (LIDAR)\"}]},{\"@type\":\"WebSite\",\"@id\":\"https:\/\/rolfsenjuell.com\/sv\/#website\",\"url\":\"https:\/\/rolfsenjuell.com\/sv\/\",\"name\":\"Rolfsen Juell\",\"description\":\"St\u00e5l og Jernbane del leverand\u00f8rer i Norge, Sverige, Danmark, Finland\",\"publisher\":{\"@id\":\"https:\/\/rolfsenjuell.com\/sv\/#organization\"},\"potentialAction\":[{\"@type\":\"SearchAction\",\"target\":{\"@type\":\"EntryPoint\",\"urlTemplate\":\"https:\/\/rolfsenjuell.com\/sv\/?s={search_term_string}\"},\"query-input\":{\"@type\":\"PropertyValueSpecification\",\"valueRequired\":true,\"valueName\":\"search_term_string\"}}],\"inLanguage\":\"sv-SE\"},{\"@type\":\"Organization\",\"@id\":\"https:\/\/rolfsenjuell.com\/sv\/#organization\",\"name\":\"Rolfsen & Juell\",\"url\":\"https:\/\/rolfsenjuell.com\/sv\/\",\"logo\":{\"@type\":\"ImageObject\",\"inLanguage\":\"sv-SE\",\"@id\":\"https:\/\/rolfsenjuell.com\/sv\/#\/schema\/logo\/image\/\",\"url\":\"https:\/\/rolfsenjuell.com\/wp-content\/uploads\/2020\/06\/unnamed-1.jpg\",\"contentUrl\":\"https:\/\/rolfsenjuell.com\/wp-content\/uploads\/2020\/06\/unnamed-1.jpg\",\"width\":500,\"height\":122,\"caption\":\"Rolfsen & Juell\"},\"image\":{\"@id\":\"https:\/\/rolfsenjuell.com\/sv\/#\/schema\/logo\/image\/\"},\"sameAs\":[\"https:\/\/www.linkedin.com\/company\/rolfsen-sonn-as\/\"]}]}<\/script>\n<!-- \/ Yoast SEO plugin. -->","yoast_head_json":{"title":"Planovergangssikring LIDAR | Rolfsen &amp; Juell","description":"Vi levererar s\u00e4kerhetssystem f\u00f6r plankorsningar inom sp\u00e5rv\u00e4g. Det system vi erbjuder \u00e4r utformat f\u00f6r att uppt\u00e4cka hinder p\u00e5 marken,","robots":{"index":"index","follow":"follow","max-snippet":"max-snippet:-1","max-image-preview":"max-image-preview:large","max-video-preview":"max-video-preview:-1"},"canonical":"https:\/\/rolfsenjuell.com\/sv\/produkt\/sakerhetssystem-for-plankorsningar-lidar\/","og_locale":"sv_SE","og_type":"article","og_title":"Planovergangssikring LIDAR | Rolfsen &amp; Juell","og_description":"Vi levererar s\u00e4kerhetssystem f\u00f6r plankorsningar inom sp\u00e5rv\u00e4g. Det system vi erbjuder \u00e4r utformat f\u00f6r att uppt\u00e4cka hinder p\u00e5 marken,","og_url":"https:\/\/rolfsenjuell.com\/sv\/produkt\/sakerhetssystem-for-plankorsningar-lidar\/","og_site_name":"Rolfsen &amp; Juell","article_modified_time":"2025-01-16T12:10:51+00:00","og_image":[{"width":790,"height":534,"url":"https:\/\/rolfsenjuell.com\/wp-content\/uploads\/2020\/10\/LIDAR.jpg","type":"image\/jpeg"}],"twitter_card":"summary_large_image","schema":{"@context":"https:\/\/schema.org","@graph":[{"@type":"WebPage","@id":"https:\/\/rolfsenjuell.com\/sv\/produkt\/sakerhetssystem-for-plankorsningar-lidar\/","url":"https:\/\/rolfsenjuell.com\/sv\/produkt\/sakerhetssystem-for-plankorsningar-lidar\/","name":"Planovergangssikring LIDAR | Rolfsen &amp; Juell","isPartOf":{"@id":"https:\/\/rolfsenjuell.com\/sv\/#website"},"primaryImageOfPage":{"@id":"https:\/\/rolfsenjuell.com\/sv\/produkt\/sakerhetssystem-for-plankorsningar-lidar\/#primaryimage"},"image":{"@id":"https:\/\/rolfsenjuell.com\/sv\/produkt\/sakerhetssystem-for-plankorsningar-lidar\/#primaryimage"},"thumbnailUrl":"https:\/\/rolfsenjuell.com\/wp-content\/uploads\/2020\/10\/LIDAR.jpg","datePublished":"2024-11-06T11:11:12+00:00","dateModified":"2025-01-16T12:10:51+00:00","description":"Vi levererar s\u00e4kerhetssystem f\u00f6r plankorsningar inom sp\u00e5rv\u00e4g. Det system vi erbjuder \u00e4r utformat f\u00f6r att uppt\u00e4cka hinder p\u00e5 marken,","breadcrumb":{"@id":"https:\/\/rolfsenjuell.com\/sv\/produkt\/sakerhetssystem-for-plankorsningar-lidar\/#breadcrumb"},"inLanguage":"sv-SE","potentialAction":[{"@type":"ReadAction","target":["https:\/\/rolfsenjuell.com\/sv\/produkt\/sakerhetssystem-for-plankorsningar-lidar\/"]}]},{"@type":"ImageObject","inLanguage":"sv-SE","@id":"https:\/\/rolfsenjuell.com\/sv\/produkt\/sakerhetssystem-for-plankorsningar-lidar\/#primaryimage","url":"https:\/\/rolfsenjuell.com\/wp-content\/uploads\/2020\/10\/LIDAR.jpg","contentUrl":"https:\/\/rolfsenjuell.com\/wp-content\/uploads\/2020\/10\/LIDAR.jpg","width":790,"height":534},{"@type":"BreadcrumbList","@id":"https:\/\/rolfsenjuell.com\/sv\/produkt\/sakerhetssystem-for-plankorsningar-lidar\/#breadcrumb","itemListElement":[{"@type":"ListItem","position":1,"name":"Home","item":"https:\/\/rolfsenjuell.com\/sv\/home\/"},{"@type":"ListItem","position":2,"name":"Butik","item":"https:\/\/rolfsenjuell.com\/butik\/"},{"@type":"ListItem","position":3,"name":"S\u00e4kerhetssystem f\u00f6r plankorsningar (LIDAR)"}]},{"@type":"WebSite","@id":"https:\/\/rolfsenjuell.com\/sv\/#website","url":"https:\/\/rolfsenjuell.com\/sv\/","name":"Rolfsen Juell","description":"St\u00e5l og Jernbane del leverand\u00f8rer i Norge, Sverige, Danmark, Finland","publisher":{"@id":"https:\/\/rolfsenjuell.com\/sv\/#organization"},"potentialAction":[{"@type":"SearchAction","target":{"@type":"EntryPoint","urlTemplate":"https:\/\/rolfsenjuell.com\/sv\/?s={search_term_string}"},"query-input":{"@type":"PropertyValueSpecification","valueRequired":true,"valueName":"search_term_string"}}],"inLanguage":"sv-SE"},{"@type":"Organization","@id":"https:\/\/rolfsenjuell.com\/sv\/#organization","name":"Rolfsen & Juell","url":"https:\/\/rolfsenjuell.com\/sv\/","logo":{"@type":"ImageObject","inLanguage":"sv-SE","@id":"https:\/\/rolfsenjuell.com\/sv\/#\/schema\/logo\/image\/","url":"https:\/\/rolfsenjuell.com\/wp-content\/uploads\/2020\/06\/unnamed-1.jpg","contentUrl":"https:\/\/rolfsenjuell.com\/wp-content\/uploads\/2020\/06\/unnamed-1.jpg","width":500,"height":122,"caption":"Rolfsen & Juell"},"image":{"@id":"https:\/\/rolfsenjuell.com\/sv\/#\/schema\/logo\/image\/"},"sameAs":["https:\/\/www.linkedin.com\/company\/rolfsen-sonn-as\/"]}]}},"jetpack_sharing_enabled":true,"_links":{"self":[{"href":"https:\/\/rolfsenjuell.com\/sv\/wp-json\/wp\/v2\/product\/2649","targetHints":{"allow":["GET"]}}],"collection":[{"href":"https:\/\/rolfsenjuell.com\/sv\/wp-json\/wp\/v2\/product"}],"about":[{"href":"https:\/\/rolfsenjuell.com\/sv\/wp-json\/wp\/v2\/types\/product"}],"replies":[{"embeddable":true,"href":"https:\/\/rolfsenjuell.com\/sv\/wp-json\/wp\/v2\/comments?post=2649"}],"wp:featuredmedia":[{"embeddable":true,"href":"https:\/\/rolfsenjuell.com\/sv\/wp-json\/wp\/v2\/media\/1263"}],"wp:attachment":[{"href":"https:\/\/rolfsenjuell.com\/sv\/wp-json\/wp\/v2\/media?parent=2649"}],"wp:term":[{"taxonomy":"product_brand","embeddable":true,"href":"https:\/\/rolfsenjuell.com\/sv\/wp-json\/wp\/v2\/product_brand?post=2649"},{"taxonomy":"product_cat","embeddable":true,"href":"https:\/\/rolfsenjuell.com\/sv\/wp-json\/wp\/v2\/product_cat?post=2649"},{"taxonomy":"product_tag","embeddable":true,"href":"https:\/\/rolfsenjuell.com\/sv\/wp-json\/wp\/v2\/product_tag?post=2649"}],"curies":[{"name":"wp","href":"https:\/\/api.w.org\/{rel}","templated":true}]}}