{"id":2648,"date":"2020-10-06T13:34:37","date_gmt":"2024-11-06T11:03:29","guid":{"rendered":"https:\/\/rolfsenjuell.com\/product\/vibrationsmattor\/"},"modified":"2025-01-16T13:07:56","modified_gmt":"2025-01-16T12:07:56","slug":"vibrationsmattor","status":"publish","type":"product","link":"https:\/\/rolfsenjuell.com\/sv\/produkt\/vibrationsmattor\/","title":{"rendered":"Vibrationsmattor"},"content":{"rendered":"","protected":false},"excerpt":{"rendered":"<p>Vi erbjuder ett brett utbud av l\u00f6sningar f\u00f6r buller- och vibrationsd\u00e4mpning, som kan anpassas f\u00f6r att uppfylla alla dina tekniska krav. De l\u00f6sningar vi levererar \u00e4r av h\u00f6gsta kvalitet och ger utm\u00e4rkta resultat.<\/p>\n","protected":false},"featured_media":1254,"comment_status":"closed","ping_status":"closed","template":"","meta":{"_acf_changed":false,"inline_featured_image":false},"product_brand":[],"product_cat":[118,87,108],"product_tag":[],"class_list":{"0":"post-2648","1":"product","2":"type-product","3":"status-publish","4":"has-post-thumbnail","6":"product_cat-ralfastning","7":"product_cat-rail-sv","8":"product_cat-skinnesmoring-sv","10":"first","11":"outofstock","12":"shipping-taxable","13":"product-type-variable"},"acf":[],"yoast_head":"<!-- This site is optimized with the Yoast SEO plugin v25.1 - https:\/\/yoast.com\/wordpress\/plugins\/seo\/ -->\n<title>Vibrasjonsmatter Vibrasjonsdemping Friksjonsdemping | Rolfsen &amp; Juell<\/title>\n<meta name=\"description\" content=\"Vi erbjuder ett brett utbud av l\u00f6sningar f\u00f6r buller- och vibrationsd\u00e4mpning, som kan anpassas f\u00f6r att uppfylla alla dina tekniska krav.\" \/>\n<meta name=\"robots\" content=\"index, follow, max-snippet:-1, max-image-preview:large, max-video-preview:-1\" \/>\n<link rel=\"canonical\" href=\"https:\/\/rolfsenjuell.com\/sv\/produkt\/vibrationsmattor\/\" \/>\n<meta property=\"og:locale\" content=\"sv_SE\" \/>\n<meta property=\"og:type\" content=\"article\" \/>\n<meta property=\"og:title\" content=\"Vibrasjonsmatter Vibrasjonsdemping Friksjonsdemping | Rolfsen &amp; Juell\" \/>\n<meta property=\"og:description\" content=\"Vi erbjuder ett brett utbud av l\u00f6sningar f\u00f6r buller- och vibrationsd\u00e4mpning, som kan anpassas f\u00f6r att uppfylla alla dina tekniska krav.\" \/>\n<meta property=\"og:url\" content=\"https:\/\/rolfsenjuell.com\/sv\/produkt\/vibrationsmattor\/\" \/>\n<meta property=\"og:site_name\" content=\"Rolfsen &amp; Juell\" \/>\n<meta property=\"article:modified_time\" content=\"2025-01-16T12:07:56+00:00\" \/>\n<meta property=\"og:image\" content=\"https:\/\/rolfsenjuell.com\/wp-content\/uploads\/2020\/10\/Bilde3.png\" \/>\n\t<meta property=\"og:image:width\" content=\"199\" \/>\n\t<meta property=\"og:image:height\" content=\"199\" \/>\n\t<meta property=\"og:image:type\" content=\"image\/png\" \/>\n<meta name=\"twitter:card\" content=\"summary_large_image\" \/>\n<script type=\"application\/ld+json\" class=\"yoast-schema-graph\">{\"@context\":\"https:\/\/schema.org\",\"@graph\":[{\"@type\":\"WebPage\",\"@id\":\"https:\/\/rolfsenjuell.com\/sv\/produkt\/vibrationsmattor\/\",\"url\":\"https:\/\/rolfsenjuell.com\/sv\/produkt\/vibrationsmattor\/\",\"name\":\"Vibrasjonsmatter Vibrasjonsdemping Friksjonsdemping | Rolfsen &amp; Juell\",\"isPartOf\":{\"@id\":\"https:\/\/rolfsenjuell.com\/sv\/#website\"},\"primaryImageOfPage\":{\"@id\":\"https:\/\/rolfsenjuell.com\/sv\/produkt\/vibrationsmattor\/#primaryimage\"},\"image\":{\"@id\":\"https:\/\/rolfsenjuell.com\/sv\/produkt\/vibrationsmattor\/#primaryimage\"},\"thumbnailUrl\":\"https:\/\/rolfsenjuell.com\/wp-content\/uploads\/2020\/10\/Bilde3.png\",\"datePublished\":\"2024-11-06T11:03:29+00:00\",\"dateModified\":\"2025-01-16T12:07:56+00:00\",\"description\":\"Vi erbjuder ett brett utbud av l\u00f6sningar f\u00f6r buller- och vibrationsd\u00e4mpning, som kan anpassas f\u00f6r att uppfylla alla dina tekniska krav.\",\"breadcrumb\":{\"@id\":\"https:\/\/rolfsenjuell.com\/sv\/produkt\/vibrationsmattor\/#breadcrumb\"},\"inLanguage\":\"sv-SE\",\"potentialAction\":[{\"@type\":\"ReadAction\",\"target\":[\"https:\/\/rolfsenjuell.com\/sv\/produkt\/vibrationsmattor\/\"]}]},{\"@type\":\"ImageObject\",\"inLanguage\":\"sv-SE\",\"@id\":\"https:\/\/rolfsenjuell.com\/sv\/produkt\/vibrationsmattor\/#primaryimage\",\"url\":\"https:\/\/rolfsenjuell.com\/wp-content\/uploads\/2020\/10\/Bilde3.png\",\"contentUrl\":\"https:\/\/rolfsenjuell.com\/wp-content\/uploads\/2020\/10\/Bilde3.png\",\"width\":199,\"height\":199},{\"@type\":\"BreadcrumbList\",\"@id\":\"https:\/\/rolfsenjuell.com\/sv\/produkt\/vibrationsmattor\/#breadcrumb\",\"itemListElement\":[{\"@type\":\"ListItem\",\"position\":1,\"name\":\"Home\",\"item\":\"https:\/\/rolfsenjuell.com\/sv\/home\/\"},{\"@type\":\"ListItem\",\"position\":2,\"name\":\"Butik\",\"item\":\"https:\/\/rolfsenjuell.com\/butik\/\"},{\"@type\":\"ListItem\",\"position\":3,\"name\":\"Vibrationsmattor\"}]},{\"@type\":\"WebSite\",\"@id\":\"https:\/\/rolfsenjuell.com\/sv\/#website\",\"url\":\"https:\/\/rolfsenjuell.com\/sv\/\",\"name\":\"Rolfsen Juell\",\"description\":\"St\u00e5l og Jernbane del leverand\u00f8rer i Norge, Sverige, Danmark, Finland\",\"publisher\":{\"@id\":\"https:\/\/rolfsenjuell.com\/sv\/#organization\"},\"potentialAction\":[{\"@type\":\"SearchAction\",\"target\":{\"@type\":\"EntryPoint\",\"urlTemplate\":\"https:\/\/rolfsenjuell.com\/sv\/?s={search_term_string}\"},\"query-input\":{\"@type\":\"PropertyValueSpecification\",\"valueRequired\":true,\"valueName\":\"search_term_string\"}}],\"inLanguage\":\"sv-SE\"},{\"@type\":\"Organization\",\"@id\":\"https:\/\/rolfsenjuell.com\/sv\/#organization\",\"name\":\"Rolfsen & Juell\",\"url\":\"https:\/\/rolfsenjuell.com\/sv\/\",\"logo\":{\"@type\":\"ImageObject\",\"inLanguage\":\"sv-SE\",\"@id\":\"https:\/\/rolfsenjuell.com\/sv\/#\/schema\/logo\/image\/\",\"url\":\"https:\/\/rolfsenjuell.com\/wp-content\/uploads\/2020\/06\/unnamed-1.jpg\",\"contentUrl\":\"https:\/\/rolfsenjuell.com\/wp-content\/uploads\/2020\/06\/unnamed-1.jpg\",\"width\":500,\"height\":122,\"caption\":\"Rolfsen & Juell\"},\"image\":{\"@id\":\"https:\/\/rolfsenjuell.com\/sv\/#\/schema\/logo\/image\/\"},\"sameAs\":[\"https:\/\/www.linkedin.com\/company\/rolfsen-sonn-as\/\"]}]}<\/script>\n<!-- \/ Yoast SEO plugin. -->","yoast_head_json":{"title":"Vibrasjonsmatter Vibrasjonsdemping Friksjonsdemping | Rolfsen &amp; Juell","description":"Vi erbjuder ett brett utbud av l\u00f6sningar f\u00f6r buller- och vibrationsd\u00e4mpning, som kan anpassas f\u00f6r att uppfylla alla dina tekniska krav.","robots":{"index":"index","follow":"follow","max-snippet":"max-snippet:-1","max-image-preview":"max-image-preview:large","max-video-preview":"max-video-preview:-1"},"canonical":"https:\/\/rolfsenjuell.com\/sv\/produkt\/vibrationsmattor\/","og_locale":"sv_SE","og_type":"article","og_title":"Vibrasjonsmatter Vibrasjonsdemping Friksjonsdemping | Rolfsen &amp; Juell","og_description":"Vi erbjuder ett brett utbud av l\u00f6sningar f\u00f6r buller- och vibrationsd\u00e4mpning, som kan anpassas f\u00f6r att uppfylla alla dina tekniska krav.","og_url":"https:\/\/rolfsenjuell.com\/sv\/produkt\/vibrationsmattor\/","og_site_name":"Rolfsen &amp; Juell","article_modified_time":"2025-01-16T12:07:56+00:00","og_image":[{"width":199,"height":199,"url":"https:\/\/rolfsenjuell.com\/wp-content\/uploads\/2020\/10\/Bilde3.png","type":"image\/png"}],"twitter_card":"summary_large_image","schema":{"@context":"https:\/\/schema.org","@graph":[{"@type":"WebPage","@id":"https:\/\/rolfsenjuell.com\/sv\/produkt\/vibrationsmattor\/","url":"https:\/\/rolfsenjuell.com\/sv\/produkt\/vibrationsmattor\/","name":"Vibrasjonsmatter Vibrasjonsdemping Friksjonsdemping | Rolfsen &amp; Juell","isPartOf":{"@id":"https:\/\/rolfsenjuell.com\/sv\/#website"},"primaryImageOfPage":{"@id":"https:\/\/rolfsenjuell.com\/sv\/produkt\/vibrationsmattor\/#primaryimage"},"image":{"@id":"https:\/\/rolfsenjuell.com\/sv\/produkt\/vibrationsmattor\/#primaryimage"},"thumbnailUrl":"https:\/\/rolfsenjuell.com\/wp-content\/uploads\/2020\/10\/Bilde3.png","datePublished":"2024-11-06T11:03:29+00:00","dateModified":"2025-01-16T12:07:56+00:00","description":"Vi erbjuder ett brett utbud av l\u00f6sningar f\u00f6r buller- och vibrationsd\u00e4mpning, som kan anpassas f\u00f6r att uppfylla alla dina tekniska krav.","breadcrumb":{"@id":"https:\/\/rolfsenjuell.com\/sv\/produkt\/vibrationsmattor\/#breadcrumb"},"inLanguage":"sv-SE","potentialAction":[{"@type":"ReadAction","target":["https:\/\/rolfsenjuell.com\/sv\/produkt\/vibrationsmattor\/"]}]},{"@type":"ImageObject","inLanguage":"sv-SE","@id":"https:\/\/rolfsenjuell.com\/sv\/produkt\/vibrationsmattor\/#primaryimage","url":"https:\/\/rolfsenjuell.com\/wp-content\/uploads\/2020\/10\/Bilde3.png","contentUrl":"https:\/\/rolfsenjuell.com\/wp-content\/uploads\/2020\/10\/Bilde3.png","width":199,"height":199},{"@type":"BreadcrumbList","@id":"https:\/\/rolfsenjuell.com\/sv\/produkt\/vibrationsmattor\/#breadcrumb","itemListElement":[{"@type":"ListItem","position":1,"name":"Home","item":"https:\/\/rolfsenjuell.com\/sv\/home\/"},{"@type":"ListItem","position":2,"name":"Butik","item":"https:\/\/rolfsenjuell.com\/butik\/"},{"@type":"ListItem","position":3,"name":"Vibrationsmattor"}]},{"@type":"WebSite","@id":"https:\/\/rolfsenjuell.com\/sv\/#website","url":"https:\/\/rolfsenjuell.com\/sv\/","name":"Rolfsen Juell","description":"St\u00e5l og Jernbane del leverand\u00f8rer i Norge, Sverige, Danmark, Finland","publisher":{"@id":"https:\/\/rolfsenjuell.com\/sv\/#organization"},"potentialAction":[{"@type":"SearchAction","target":{"@type":"EntryPoint","urlTemplate":"https:\/\/rolfsenjuell.com\/sv\/?s={search_term_string}"},"query-input":{"@type":"PropertyValueSpecification","valueRequired":true,"valueName":"search_term_string"}}],"inLanguage":"sv-SE"},{"@type":"Organization","@id":"https:\/\/rolfsenjuell.com\/sv\/#organization","name":"Rolfsen & Juell","url":"https:\/\/rolfsenjuell.com\/sv\/","logo":{"@type":"ImageObject","inLanguage":"sv-SE","@id":"https:\/\/rolfsenjuell.com\/sv\/#\/schema\/logo\/image\/","url":"https:\/\/rolfsenjuell.com\/wp-content\/uploads\/2020\/06\/unnamed-1.jpg","contentUrl":"https:\/\/rolfsenjuell.com\/wp-content\/uploads\/2020\/06\/unnamed-1.jpg","width":500,"height":122,"caption":"Rolfsen & Juell"},"image":{"@id":"https:\/\/rolfsenjuell.com\/sv\/#\/schema\/logo\/image\/"},"sameAs":["https:\/\/www.linkedin.com\/company\/rolfsen-sonn-as\/"]}]}},"jetpack_sharing_enabled":true,"_links":{"self":[{"href":"https:\/\/rolfsenjuell.com\/sv\/wp-json\/wp\/v2\/product\/2648","targetHints":{"allow":["GET"]}}],"collection":[{"href":"https:\/\/rolfsenjuell.com\/sv\/wp-json\/wp\/v2\/product"}],"about":[{"href":"https:\/\/rolfsenjuell.com\/sv\/wp-json\/wp\/v2\/types\/product"}],"replies":[{"embeddable":true,"href":"https:\/\/rolfsenjuell.com\/sv\/wp-json\/wp\/v2\/comments?post=2648"}],"wp:featuredmedia":[{"embeddable":true,"href":"https:\/\/rolfsenjuell.com\/sv\/wp-json\/wp\/v2\/media\/1254"}],"wp:attachment":[{"href":"https:\/\/rolfsenjuell.com\/sv\/wp-json\/wp\/v2\/media?parent=2648"}],"wp:term":[{"taxonomy":"product_brand","embeddable":true,"href":"https:\/\/rolfsenjuell.com\/sv\/wp-json\/wp\/v2\/product_brand?post=2648"},{"taxonomy":"product_cat","embeddable":true,"href":"https:\/\/rolfsenjuell.com\/sv\/wp-json\/wp\/v2\/product_cat?post=2648"},{"taxonomy":"product_tag","embeddable":true,"href":"https:\/\/rolfsenjuell.com\/sv\/wp-json\/wp\/v2\/product_tag?post=2648"}],"curies":[{"name":"wp","href":"https:\/\/api.w.org\/{rel}","templated":true}]}}