{"id":1460,"date":"2020-10-06T15:06:13","date_gmt":"2020-10-06T13:06:13","guid":{"rendered":"http:\/\/rolfsenjuell.com\/product\/hzm-malinger\/"},"modified":"2024-10-31T12:24:10","modified_gmt":"2024-10-31T11:24:10","slug":"hzm-matningar","status":"publish","type":"product","link":"https:\/\/rolfsenjuell.com\/sv\/produkt\/hzm-matningar\/","title":{"rendered":"HZM-m\u00e4tinstrument"},"content":{"rendered":"","protected":false},"excerpt":{"rendered":"<p>HZMHZM \u00e4r ett m\u00e4tinstrument som m\u00e4ter oml\u00e4ggningskraften och h\u00e5llkraften p\u00e5 v\u00e4xeldriv. Instrumentet \u00e4r beh\u00e4ndigt och enkelt att anv\u00e4nda. <\/p>\n","protected":false},"featured_media":1240,"comment_status":"closed","ping_status":"closed","template":"","meta":{"_acf_changed":false,"inline_featured_image":false},"product_brand":[],"product_cat":[111],"product_tag":[],"class_list":{"0":"post-1460","1":"product","2":"type-product","3":"status-publish","4":"has-post-thumbnail","6":"product_cat-vaxseldriv","8":"first","9":"outofstock","10":"shipping-taxable","11":"product-type-variable"},"acf":[],"yoast_head":"<!-- This site is optimized with the Yoast SEO plugin v25.1 - https:\/\/yoast.com\/wordpress\/plugins\/seo\/ -->\n<title>HZM-m\u00e5leinstrument M\u00e5leinstrument Holdekraft | Rolfsen &amp; Juell<\/title>\n<meta name=\"description\" content=\"HZM \u00e4r ett m\u00e4tinstrument som m\u00e4ter oml\u00e4ggningskraften och h\u00e5llkraften p\u00e5 v\u00e4xeldriv. Instrumentet \u00e4r beh\u00e4ndigt och enkelt att anv\u00e4nda.\" \/>\n<meta name=\"robots\" content=\"index, follow, max-snippet:-1, max-image-preview:large, max-video-preview:-1\" \/>\n<link rel=\"canonical\" href=\"https:\/\/rolfsenjuell.com\/sv\/produkt\/hzm-matningar\/\" \/>\n<meta property=\"og:locale\" content=\"sv_SE\" \/>\n<meta property=\"og:type\" content=\"article\" \/>\n<meta property=\"og:title\" content=\"HZM-m\u00e5leinstrument M\u00e5leinstrument Holdekraft | Rolfsen &amp; Juell\" \/>\n<meta property=\"og:description\" content=\"HZM \u00e4r ett m\u00e4tinstrument som m\u00e4ter oml\u00e4ggningskraften och h\u00e5llkraften p\u00e5 v\u00e4xeldriv. Instrumentet \u00e4r beh\u00e4ndigt och enkelt att anv\u00e4nda.\" \/>\n<meta property=\"og:url\" content=\"https:\/\/rolfsenjuell.com\/sv\/produkt\/hzm-matningar\/\" \/>\n<meta property=\"og:site_name\" content=\"Rolfsen &amp; Juell\" \/>\n<meta property=\"article:modified_time\" content=\"2024-10-31T11:24:10+00:00\" \/>\n<meta property=\"og:image\" content=\"https:\/\/rolfsenjuell.com\/wp-content\/uploads\/2020\/10\/HZM-koffert-med-instrument.jpg\" \/>\n\t<meta property=\"og:image:width\" content=\"2357\" \/>\n\t<meta property=\"og:image:height\" content=\"2282\" \/>\n\t<meta property=\"og:image:type\" content=\"image\/jpeg\" \/>\n<meta name=\"twitter:card\" content=\"summary_large_image\" \/>\n<script type=\"application\/ld+json\" class=\"yoast-schema-graph\">{\"@context\":\"https:\/\/schema.org\",\"@graph\":[{\"@type\":\"WebPage\",\"@id\":\"https:\/\/rolfsenjuell.com\/sv\/produkt\/hzm-matningar\/\",\"url\":\"https:\/\/rolfsenjuell.com\/sv\/produkt\/hzm-matningar\/\",\"name\":\"HZM-m\u00e5leinstrument M\u00e5leinstrument Holdekraft | Rolfsen &amp; Juell\",\"isPartOf\":{\"@id\":\"https:\/\/rolfsenjuell.com\/sv\/#website\"},\"primaryImageOfPage\":{\"@id\":\"https:\/\/rolfsenjuell.com\/sv\/produkt\/hzm-matningar\/#primaryimage\"},\"image\":{\"@id\":\"https:\/\/rolfsenjuell.com\/sv\/produkt\/hzm-matningar\/#primaryimage\"},\"thumbnailUrl\":\"https:\/\/rolfsenjuell.com\/wp-content\/uploads\/2020\/10\/HZM-koffert-med-instrument.jpg\",\"datePublished\":\"2020-10-06T13:06:13+00:00\",\"dateModified\":\"2024-10-31T11:24:10+00:00\",\"description\":\"HZM \u00e4r ett m\u00e4tinstrument som m\u00e4ter oml\u00e4ggningskraften och h\u00e5llkraften p\u00e5 v\u00e4xeldriv. Instrumentet \u00e4r beh\u00e4ndigt och enkelt att anv\u00e4nda.\",\"breadcrumb\":{\"@id\":\"https:\/\/rolfsenjuell.com\/sv\/produkt\/hzm-matningar\/#breadcrumb\"},\"inLanguage\":\"sv-SE\",\"potentialAction\":[{\"@type\":\"ReadAction\",\"target\":[\"https:\/\/rolfsenjuell.com\/sv\/produkt\/hzm-matningar\/\"]}]},{\"@type\":\"ImageObject\",\"inLanguage\":\"sv-SE\",\"@id\":\"https:\/\/rolfsenjuell.com\/sv\/produkt\/hzm-matningar\/#primaryimage\",\"url\":\"https:\/\/rolfsenjuell.com\/wp-content\/uploads\/2020\/10\/HZM-koffert-med-instrument.jpg\",\"contentUrl\":\"https:\/\/rolfsenjuell.com\/wp-content\/uploads\/2020\/10\/HZM-koffert-med-instrument.jpg\",\"width\":2357,\"height\":2282},{\"@type\":\"BreadcrumbList\",\"@id\":\"https:\/\/rolfsenjuell.com\/sv\/produkt\/hzm-matningar\/#breadcrumb\",\"itemListElement\":[{\"@type\":\"ListItem\",\"position\":1,\"name\":\"Home\",\"item\":\"https:\/\/rolfsenjuell.com\/sv\/home\/\"},{\"@type\":\"ListItem\",\"position\":2,\"name\":\"Butik\",\"item\":\"https:\/\/rolfsenjuell.com\/butik\/\"},{\"@type\":\"ListItem\",\"position\":3,\"name\":\"HZM-m\u00e4tinstrument\"}]},{\"@type\":\"WebSite\",\"@id\":\"https:\/\/rolfsenjuell.com\/sv\/#website\",\"url\":\"https:\/\/rolfsenjuell.com\/sv\/\",\"name\":\"Rolfsen Juell\",\"description\":\"St\u00e5l og Jernbane del leverand\u00f8rer i Norge, Sverige, Danmark, Finland\",\"publisher\":{\"@id\":\"https:\/\/rolfsenjuell.com\/sv\/#organization\"},\"potentialAction\":[{\"@type\":\"SearchAction\",\"target\":{\"@type\":\"EntryPoint\",\"urlTemplate\":\"https:\/\/rolfsenjuell.com\/sv\/?s={search_term_string}\"},\"query-input\":{\"@type\":\"PropertyValueSpecification\",\"valueRequired\":true,\"valueName\":\"search_term_string\"}}],\"inLanguage\":\"sv-SE\"},{\"@type\":\"Organization\",\"@id\":\"https:\/\/rolfsenjuell.com\/sv\/#organization\",\"name\":\"Rolfsen & Juell\",\"url\":\"https:\/\/rolfsenjuell.com\/sv\/\",\"logo\":{\"@type\":\"ImageObject\",\"inLanguage\":\"sv-SE\",\"@id\":\"https:\/\/rolfsenjuell.com\/sv\/#\/schema\/logo\/image\/\",\"url\":\"https:\/\/rolfsenjuell.com\/wp-content\/uploads\/2020\/06\/unnamed-1.jpg\",\"contentUrl\":\"https:\/\/rolfsenjuell.com\/wp-content\/uploads\/2020\/06\/unnamed-1.jpg\",\"width\":500,\"height\":122,\"caption\":\"Rolfsen & Juell\"},\"image\":{\"@id\":\"https:\/\/rolfsenjuell.com\/sv\/#\/schema\/logo\/image\/\"},\"sameAs\":[\"https:\/\/www.linkedin.com\/company\/rolfsen-sonn-as\/\"]}]}<\/script>\n<!-- \/ Yoast SEO plugin. -->","yoast_head_json":{"title":"HZM-m\u00e5leinstrument M\u00e5leinstrument Holdekraft | Rolfsen &amp; Juell","description":"HZM \u00e4r ett m\u00e4tinstrument som m\u00e4ter oml\u00e4ggningskraften och h\u00e5llkraften p\u00e5 v\u00e4xeldriv. Instrumentet \u00e4r beh\u00e4ndigt och enkelt att anv\u00e4nda.","robots":{"index":"index","follow":"follow","max-snippet":"max-snippet:-1","max-image-preview":"max-image-preview:large","max-video-preview":"max-video-preview:-1"},"canonical":"https:\/\/rolfsenjuell.com\/sv\/produkt\/hzm-matningar\/","og_locale":"sv_SE","og_type":"article","og_title":"HZM-m\u00e5leinstrument M\u00e5leinstrument Holdekraft | Rolfsen &amp; Juell","og_description":"HZM \u00e4r ett m\u00e4tinstrument som m\u00e4ter oml\u00e4ggningskraften och h\u00e5llkraften p\u00e5 v\u00e4xeldriv. Instrumentet \u00e4r beh\u00e4ndigt och enkelt att anv\u00e4nda.","og_url":"https:\/\/rolfsenjuell.com\/sv\/produkt\/hzm-matningar\/","og_site_name":"Rolfsen &amp; Juell","article_modified_time":"2024-10-31T11:24:10+00:00","og_image":[{"width":2357,"height":2282,"url":"https:\/\/rolfsenjuell.com\/wp-content\/uploads\/2020\/10\/HZM-koffert-med-instrument.jpg","type":"image\/jpeg"}],"twitter_card":"summary_large_image","schema":{"@context":"https:\/\/schema.org","@graph":[{"@type":"WebPage","@id":"https:\/\/rolfsenjuell.com\/sv\/produkt\/hzm-matningar\/","url":"https:\/\/rolfsenjuell.com\/sv\/produkt\/hzm-matningar\/","name":"HZM-m\u00e5leinstrument M\u00e5leinstrument Holdekraft | Rolfsen &amp; Juell","isPartOf":{"@id":"https:\/\/rolfsenjuell.com\/sv\/#website"},"primaryImageOfPage":{"@id":"https:\/\/rolfsenjuell.com\/sv\/produkt\/hzm-matningar\/#primaryimage"},"image":{"@id":"https:\/\/rolfsenjuell.com\/sv\/produkt\/hzm-matningar\/#primaryimage"},"thumbnailUrl":"https:\/\/rolfsenjuell.com\/wp-content\/uploads\/2020\/10\/HZM-koffert-med-instrument.jpg","datePublished":"2020-10-06T13:06:13+00:00","dateModified":"2024-10-31T11:24:10+00:00","description":"HZM \u00e4r ett m\u00e4tinstrument som m\u00e4ter oml\u00e4ggningskraften och h\u00e5llkraften p\u00e5 v\u00e4xeldriv. Instrumentet \u00e4r beh\u00e4ndigt och enkelt att anv\u00e4nda.","breadcrumb":{"@id":"https:\/\/rolfsenjuell.com\/sv\/produkt\/hzm-matningar\/#breadcrumb"},"inLanguage":"sv-SE","potentialAction":[{"@type":"ReadAction","target":["https:\/\/rolfsenjuell.com\/sv\/produkt\/hzm-matningar\/"]}]},{"@type":"ImageObject","inLanguage":"sv-SE","@id":"https:\/\/rolfsenjuell.com\/sv\/produkt\/hzm-matningar\/#primaryimage","url":"https:\/\/rolfsenjuell.com\/wp-content\/uploads\/2020\/10\/HZM-koffert-med-instrument.jpg","contentUrl":"https:\/\/rolfsenjuell.com\/wp-content\/uploads\/2020\/10\/HZM-koffert-med-instrument.jpg","width":2357,"height":2282},{"@type":"BreadcrumbList","@id":"https:\/\/rolfsenjuell.com\/sv\/produkt\/hzm-matningar\/#breadcrumb","itemListElement":[{"@type":"ListItem","position":1,"name":"Home","item":"https:\/\/rolfsenjuell.com\/sv\/home\/"},{"@type":"ListItem","position":2,"name":"Butik","item":"https:\/\/rolfsenjuell.com\/butik\/"},{"@type":"ListItem","position":3,"name":"HZM-m\u00e4tinstrument"}]},{"@type":"WebSite","@id":"https:\/\/rolfsenjuell.com\/sv\/#website","url":"https:\/\/rolfsenjuell.com\/sv\/","name":"Rolfsen Juell","description":"St\u00e5l og Jernbane del leverand\u00f8rer i Norge, Sverige, Danmark, Finland","publisher":{"@id":"https:\/\/rolfsenjuell.com\/sv\/#organization"},"potentialAction":[{"@type":"SearchAction","target":{"@type":"EntryPoint","urlTemplate":"https:\/\/rolfsenjuell.com\/sv\/?s={search_term_string}"},"query-input":{"@type":"PropertyValueSpecification","valueRequired":true,"valueName":"search_term_string"}}],"inLanguage":"sv-SE"},{"@type":"Organization","@id":"https:\/\/rolfsenjuell.com\/sv\/#organization","name":"Rolfsen & Juell","url":"https:\/\/rolfsenjuell.com\/sv\/","logo":{"@type":"ImageObject","inLanguage":"sv-SE","@id":"https:\/\/rolfsenjuell.com\/sv\/#\/schema\/logo\/image\/","url":"https:\/\/rolfsenjuell.com\/wp-content\/uploads\/2020\/06\/unnamed-1.jpg","contentUrl":"https:\/\/rolfsenjuell.com\/wp-content\/uploads\/2020\/06\/unnamed-1.jpg","width":500,"height":122,"caption":"Rolfsen & Juell"},"image":{"@id":"https:\/\/rolfsenjuell.com\/sv\/#\/schema\/logo\/image\/"},"sameAs":["https:\/\/www.linkedin.com\/company\/rolfsen-sonn-as\/"]}]}},"jetpack_sharing_enabled":true,"_links":{"self":[{"href":"https:\/\/rolfsenjuell.com\/sv\/wp-json\/wp\/v2\/product\/1460","targetHints":{"allow":["GET"]}}],"collection":[{"href":"https:\/\/rolfsenjuell.com\/sv\/wp-json\/wp\/v2\/product"}],"about":[{"href":"https:\/\/rolfsenjuell.com\/sv\/wp-json\/wp\/v2\/types\/product"}],"replies":[{"embeddable":true,"href":"https:\/\/rolfsenjuell.com\/sv\/wp-json\/wp\/v2\/comments?post=1460"}],"wp:featuredmedia":[{"embeddable":true,"href":"https:\/\/rolfsenjuell.com\/sv\/wp-json\/wp\/v2\/media\/1240"}],"wp:attachment":[{"href":"https:\/\/rolfsenjuell.com\/sv\/wp-json\/wp\/v2\/media?parent=1460"}],"wp:term":[{"taxonomy":"product_brand","embeddable":true,"href":"https:\/\/rolfsenjuell.com\/sv\/wp-json\/wp\/v2\/product_brand?post=1460"},{"taxonomy":"product_cat","embeddable":true,"href":"https:\/\/rolfsenjuell.com\/sv\/wp-json\/wp\/v2\/product_cat?post=1460"},{"taxonomy":"product_tag","embeddable":true,"href":"https:\/\/rolfsenjuell.com\/sv\/wp-json\/wp\/v2\/product_tag?post=1460"}],"curies":[{"name":"wp","href":"https:\/\/api.w.org\/{rel}","templated":true}]}}