{"id":1456,"date":"2020-10-13T11:34:02","date_gmt":"2021-06-03T09:43:12","guid":{"rendered":"http:\/\/rolfsenjuell.com\/?post_type=product&#038;p=1456"},"modified":"2024-10-31T12:06:56","modified_gmt":"2024-10-31T11:06:56","slug":"ralssmorjning","status":"publish","type":"product","link":"https:\/\/rolfsenjuell.com\/sv\/produkt\/ralssmorjning\/","title":{"rendered":"R\u00e4lssm\u00f6rjning"},"content":{"rendered":"","protected":false},"excerpt":{"rendered":"<p>Vi levererar ett brett sortiment av r\u00e4lssm\u00f6rjning och r\u00e4lssm\u00f6rjutrustning som isolerar mot friktion mellan hjul och r\u00e4ls. L\u00f6sningarna vi levererar s\u00e4kerst\u00e4ller ljudd\u00e4mpning och bidrar till mindre slitage p\u00e5 r\u00e4lsen och d\u00e4rmed \u00e4ven till ett minskat behov av underh\u00e5ll av r\u00e4lsen. <\/p>\n","protected":false},"featured_media":1832,"comment_status":"closed","ping_status":"closed","template":"","meta":{"_acf_changed":false,"inline_featured_image":false},"product_brand":[],"product_cat":[87,108],"product_tag":[],"class_list":{"0":"post-1456","1":"product","2":"type-product","3":"status-publish","4":"has-post-thumbnail","6":"product_cat-rail-sv","7":"product_cat-skinnesmoring-sv","9":"first","10":"outofstock","11":"shipping-taxable","12":"product-type-variable"},"acf":[],"yoast_head":"<!-- This site is optimized with the Yoast SEO plugin v25.1 - https:\/\/yoast.com\/wordpress\/plugins\/seo\/ -->\n<title>Skinnesm\u00f8ring Sm\u00f8remiddel Skinner | Rolfsen &amp; Juell<\/title>\n<meta name=\"description\" content=\"Vi levererar r\u00e4lsm\u00f6rjning och r\u00e4lssm\u00f6rjutrustning som isolerar mot friktion, s\u00e4kerst\u00e4ller ljudd\u00e4mpning och bidrar till mindre slitage p\u00e5 r\u00e4ls och d\u00e4rmed ocks\u00e5 minskar behovet av r\u00e4lsunderh\u00e5ll.\" \/>\n<meta name=\"robots\" content=\"index, follow, max-snippet:-1, max-image-preview:large, max-video-preview:-1\" \/>\n<link rel=\"canonical\" href=\"https:\/\/rolfsenjuell.com\/sv\/produkt\/ralssmorjning\/\" \/>\n<meta property=\"og:locale\" content=\"sv_SE\" \/>\n<meta property=\"og:type\" content=\"article\" \/>\n<meta property=\"og:title\" content=\"Skinnesm\u00f8ring Sm\u00f8remiddel Skinner | Rolfsen &amp; Juell\" \/>\n<meta property=\"og:description\" content=\"Vi levererar r\u00e4lsm\u00f6rjning och r\u00e4lssm\u00f6rjutrustning som isolerar mot friktion, s\u00e4kerst\u00e4ller ljudd\u00e4mpning och bidrar till mindre slitage p\u00e5 r\u00e4ls och d\u00e4rmed ocks\u00e5 minskar behovet av r\u00e4lsunderh\u00e5ll.\" \/>\n<meta property=\"og:url\" content=\"https:\/\/rolfsenjuell.com\/sv\/produkt\/ralssmorjning\/\" \/>\n<meta property=\"og:site_name\" content=\"Rolfsen &amp; Juell\" \/>\n<meta property=\"article:modified_time\" content=\"2024-10-31T11:06:56+00:00\" \/>\n<meta property=\"og:image\" content=\"https:\/\/rolfsenjuell.com\/wp-content\/uploads\/2020\/10\/Lubrication.png\" \/>\n\t<meta property=\"og:image:width\" content=\"370\" \/>\n\t<meta property=\"og:image:height\" content=\"212\" \/>\n\t<meta property=\"og:image:type\" content=\"image\/png\" \/>\n<meta name=\"twitter:card\" content=\"summary_large_image\" \/>\n<script type=\"application\/ld+json\" class=\"yoast-schema-graph\">{\"@context\":\"https:\/\/schema.org\",\"@graph\":[{\"@type\":\"WebPage\",\"@id\":\"https:\/\/rolfsenjuell.com\/sv\/produkt\/ralssmorjning\/\",\"url\":\"https:\/\/rolfsenjuell.com\/sv\/produkt\/ralssmorjning\/\",\"name\":\"Skinnesm\u00f8ring Sm\u00f8remiddel Skinner | Rolfsen &amp; Juell\",\"isPartOf\":{\"@id\":\"https:\/\/rolfsenjuell.com\/sv\/#website\"},\"primaryImageOfPage\":{\"@id\":\"https:\/\/rolfsenjuell.com\/sv\/produkt\/ralssmorjning\/#primaryimage\"},\"image\":{\"@id\":\"https:\/\/rolfsenjuell.com\/sv\/produkt\/ralssmorjning\/#primaryimage\"},\"thumbnailUrl\":\"https:\/\/rolfsenjuell.com\/wp-content\/uploads\/2020\/10\/Lubrication.png\",\"datePublished\":\"2021-06-03T09:43:12+00:00\",\"dateModified\":\"2024-10-31T11:06:56+00:00\",\"description\":\"Vi levererar r\u00e4lsm\u00f6rjning och r\u00e4lssm\u00f6rjutrustning som isolerar mot friktion, s\u00e4kerst\u00e4ller ljudd\u00e4mpning och bidrar till mindre slitage p\u00e5 r\u00e4ls och d\u00e4rmed ocks\u00e5 minskar behovet av r\u00e4lsunderh\u00e5ll.\",\"breadcrumb\":{\"@id\":\"https:\/\/rolfsenjuell.com\/sv\/produkt\/ralssmorjning\/#breadcrumb\"},\"inLanguage\":\"sv-SE\",\"potentialAction\":[{\"@type\":\"ReadAction\",\"target\":[\"https:\/\/rolfsenjuell.com\/sv\/produkt\/ralssmorjning\/\"]}]},{\"@type\":\"ImageObject\",\"inLanguage\":\"sv-SE\",\"@id\":\"https:\/\/rolfsenjuell.com\/sv\/produkt\/ralssmorjning\/#primaryimage\",\"url\":\"https:\/\/rolfsenjuell.com\/wp-content\/uploads\/2020\/10\/Lubrication.png\",\"contentUrl\":\"https:\/\/rolfsenjuell.com\/wp-content\/uploads\/2020\/10\/Lubrication.png\",\"width\":370,\"height\":212},{\"@type\":\"BreadcrumbList\",\"@id\":\"https:\/\/rolfsenjuell.com\/sv\/produkt\/ralssmorjning\/#breadcrumb\",\"itemListElement\":[{\"@type\":\"ListItem\",\"position\":1,\"name\":\"Home\",\"item\":\"https:\/\/rolfsenjuell.com\/sv\/home\/\"},{\"@type\":\"ListItem\",\"position\":2,\"name\":\"Butik\",\"item\":\"https:\/\/rolfsenjuell.com\/butik\/\"},{\"@type\":\"ListItem\",\"position\":3,\"name\":\"R\u00e4lssm\u00f6rjning\"}]},{\"@type\":\"WebSite\",\"@id\":\"https:\/\/rolfsenjuell.com\/sv\/#website\",\"url\":\"https:\/\/rolfsenjuell.com\/sv\/\",\"name\":\"Rolfsen Juell\",\"description\":\"St\u00e5l og Jernbane del leverand\u00f8rer i Norge, Sverige, Danmark, Finland\",\"publisher\":{\"@id\":\"https:\/\/rolfsenjuell.com\/sv\/#organization\"},\"potentialAction\":[{\"@type\":\"SearchAction\",\"target\":{\"@type\":\"EntryPoint\",\"urlTemplate\":\"https:\/\/rolfsenjuell.com\/sv\/?s={search_term_string}\"},\"query-input\":{\"@type\":\"PropertyValueSpecification\",\"valueRequired\":true,\"valueName\":\"search_term_string\"}}],\"inLanguage\":\"sv-SE\"},{\"@type\":\"Organization\",\"@id\":\"https:\/\/rolfsenjuell.com\/sv\/#organization\",\"name\":\"Rolfsen & Juell\",\"url\":\"https:\/\/rolfsenjuell.com\/sv\/\",\"logo\":{\"@type\":\"ImageObject\",\"inLanguage\":\"sv-SE\",\"@id\":\"https:\/\/rolfsenjuell.com\/sv\/#\/schema\/logo\/image\/\",\"url\":\"https:\/\/rolfsenjuell.com\/wp-content\/uploads\/2020\/06\/unnamed-1.jpg\",\"contentUrl\":\"https:\/\/rolfsenjuell.com\/wp-content\/uploads\/2020\/06\/unnamed-1.jpg\",\"width\":500,\"height\":122,\"caption\":\"Rolfsen & Juell\"},\"image\":{\"@id\":\"https:\/\/rolfsenjuell.com\/sv\/#\/schema\/logo\/image\/\"},\"sameAs\":[\"https:\/\/www.linkedin.com\/company\/rolfsen-sonn-as\/\"]}]}<\/script>\n<!-- \/ Yoast SEO plugin. -->","yoast_head_json":{"title":"Skinnesm\u00f8ring Sm\u00f8remiddel Skinner | Rolfsen &amp; Juell","description":"Vi levererar r\u00e4lsm\u00f6rjning och r\u00e4lssm\u00f6rjutrustning som isolerar mot friktion, s\u00e4kerst\u00e4ller ljudd\u00e4mpning och bidrar till mindre slitage p\u00e5 r\u00e4ls och d\u00e4rmed ocks\u00e5 minskar behovet av r\u00e4lsunderh\u00e5ll.","robots":{"index":"index","follow":"follow","max-snippet":"max-snippet:-1","max-image-preview":"max-image-preview:large","max-video-preview":"max-video-preview:-1"},"canonical":"https:\/\/rolfsenjuell.com\/sv\/produkt\/ralssmorjning\/","og_locale":"sv_SE","og_type":"article","og_title":"Skinnesm\u00f8ring Sm\u00f8remiddel Skinner | Rolfsen &amp; Juell","og_description":"Vi levererar r\u00e4lsm\u00f6rjning och r\u00e4lssm\u00f6rjutrustning som isolerar mot friktion, s\u00e4kerst\u00e4ller ljudd\u00e4mpning och bidrar till mindre slitage p\u00e5 r\u00e4ls och d\u00e4rmed ocks\u00e5 minskar behovet av r\u00e4lsunderh\u00e5ll.","og_url":"https:\/\/rolfsenjuell.com\/sv\/produkt\/ralssmorjning\/","og_site_name":"Rolfsen &amp; Juell","article_modified_time":"2024-10-31T11:06:56+00:00","og_image":[{"width":370,"height":212,"url":"https:\/\/rolfsenjuell.com\/wp-content\/uploads\/2020\/10\/Lubrication.png","type":"image\/png"}],"twitter_card":"summary_large_image","schema":{"@context":"https:\/\/schema.org","@graph":[{"@type":"WebPage","@id":"https:\/\/rolfsenjuell.com\/sv\/produkt\/ralssmorjning\/","url":"https:\/\/rolfsenjuell.com\/sv\/produkt\/ralssmorjning\/","name":"Skinnesm\u00f8ring Sm\u00f8remiddel Skinner | Rolfsen &amp; Juell","isPartOf":{"@id":"https:\/\/rolfsenjuell.com\/sv\/#website"},"primaryImageOfPage":{"@id":"https:\/\/rolfsenjuell.com\/sv\/produkt\/ralssmorjning\/#primaryimage"},"image":{"@id":"https:\/\/rolfsenjuell.com\/sv\/produkt\/ralssmorjning\/#primaryimage"},"thumbnailUrl":"https:\/\/rolfsenjuell.com\/wp-content\/uploads\/2020\/10\/Lubrication.png","datePublished":"2021-06-03T09:43:12+00:00","dateModified":"2024-10-31T11:06:56+00:00","description":"Vi levererar r\u00e4lsm\u00f6rjning och r\u00e4lssm\u00f6rjutrustning som isolerar mot friktion, s\u00e4kerst\u00e4ller ljudd\u00e4mpning och bidrar till mindre slitage p\u00e5 r\u00e4ls och d\u00e4rmed ocks\u00e5 minskar behovet av r\u00e4lsunderh\u00e5ll.","breadcrumb":{"@id":"https:\/\/rolfsenjuell.com\/sv\/produkt\/ralssmorjning\/#breadcrumb"},"inLanguage":"sv-SE","potentialAction":[{"@type":"ReadAction","target":["https:\/\/rolfsenjuell.com\/sv\/produkt\/ralssmorjning\/"]}]},{"@type":"ImageObject","inLanguage":"sv-SE","@id":"https:\/\/rolfsenjuell.com\/sv\/produkt\/ralssmorjning\/#primaryimage","url":"https:\/\/rolfsenjuell.com\/wp-content\/uploads\/2020\/10\/Lubrication.png","contentUrl":"https:\/\/rolfsenjuell.com\/wp-content\/uploads\/2020\/10\/Lubrication.png","width":370,"height":212},{"@type":"BreadcrumbList","@id":"https:\/\/rolfsenjuell.com\/sv\/produkt\/ralssmorjning\/#breadcrumb","itemListElement":[{"@type":"ListItem","position":1,"name":"Home","item":"https:\/\/rolfsenjuell.com\/sv\/home\/"},{"@type":"ListItem","position":2,"name":"Butik","item":"https:\/\/rolfsenjuell.com\/butik\/"},{"@type":"ListItem","position":3,"name":"R\u00e4lssm\u00f6rjning"}]},{"@type":"WebSite","@id":"https:\/\/rolfsenjuell.com\/sv\/#website","url":"https:\/\/rolfsenjuell.com\/sv\/","name":"Rolfsen Juell","description":"St\u00e5l og Jernbane del leverand\u00f8rer i Norge, Sverige, Danmark, Finland","publisher":{"@id":"https:\/\/rolfsenjuell.com\/sv\/#organization"},"potentialAction":[{"@type":"SearchAction","target":{"@type":"EntryPoint","urlTemplate":"https:\/\/rolfsenjuell.com\/sv\/?s={search_term_string}"},"query-input":{"@type":"PropertyValueSpecification","valueRequired":true,"valueName":"search_term_string"}}],"inLanguage":"sv-SE"},{"@type":"Organization","@id":"https:\/\/rolfsenjuell.com\/sv\/#organization","name":"Rolfsen & Juell","url":"https:\/\/rolfsenjuell.com\/sv\/","logo":{"@type":"ImageObject","inLanguage":"sv-SE","@id":"https:\/\/rolfsenjuell.com\/sv\/#\/schema\/logo\/image\/","url":"https:\/\/rolfsenjuell.com\/wp-content\/uploads\/2020\/06\/unnamed-1.jpg","contentUrl":"https:\/\/rolfsenjuell.com\/wp-content\/uploads\/2020\/06\/unnamed-1.jpg","width":500,"height":122,"caption":"Rolfsen & Juell"},"image":{"@id":"https:\/\/rolfsenjuell.com\/sv\/#\/schema\/logo\/image\/"},"sameAs":["https:\/\/www.linkedin.com\/company\/rolfsen-sonn-as\/"]}]}},"jetpack_sharing_enabled":true,"_links":{"self":[{"href":"https:\/\/rolfsenjuell.com\/sv\/wp-json\/wp\/v2\/product\/1456","targetHints":{"allow":["GET"]}}],"collection":[{"href":"https:\/\/rolfsenjuell.com\/sv\/wp-json\/wp\/v2\/product"}],"about":[{"href":"https:\/\/rolfsenjuell.com\/sv\/wp-json\/wp\/v2\/types\/product"}],"replies":[{"embeddable":true,"href":"https:\/\/rolfsenjuell.com\/sv\/wp-json\/wp\/v2\/comments?post=1456"}],"wp:featuredmedia":[{"embeddable":true,"href":"https:\/\/rolfsenjuell.com\/sv\/wp-json\/wp\/v2\/media\/1832"}],"wp:attachment":[{"href":"https:\/\/rolfsenjuell.com\/sv\/wp-json\/wp\/v2\/media?parent=1456"}],"wp:term":[{"taxonomy":"product_brand","embeddable":true,"href":"https:\/\/rolfsenjuell.com\/sv\/wp-json\/wp\/v2\/product_brand?post=1456"},{"taxonomy":"product_cat","embeddable":true,"href":"https:\/\/rolfsenjuell.com\/sv\/wp-json\/wp\/v2\/product_cat?post=1456"},{"taxonomy":"product_tag","embeddable":true,"href":"https:\/\/rolfsenjuell.com\/sv\/wp-json\/wp\/v2\/product_tag?post=1456"}],"curies":[{"name":"wp","href":"https:\/\/api.w.org\/{rel}","templated":true}]}}