{"id":3106,"date":"2020-10-06T12:58:35","date_gmt":"2020-10-06T10:58:35","guid":{"rendered":"https:\/\/rolfsenjuell.com\/product\/ekos-tungeruller\/"},"modified":"2020-10-06T12:58:35","modified_gmt":"2020-10-06T10:58:35","slug":"ekos-tungeruller","status":"publish","type":"product","link":"https:\/\/rolfsenjuell.com\/fi\/tuote\/ekos-tungeruller\/","title":{"rendered":"EKOS\/Tungeruller"},"content":{"rendered":"","protected":false},"excerpt":{"rendered":"<p>Vi levererar mekaniska EKOS\/tungrullar med fj\u00e4der, som lyfter upp tungan n\u00e5got fr\u00e5n glidplattan. Detta eliminerar behovet av sm\u00f6rjning och ger en j\u00e4mn dragkraft f\u00f6r v\u00e4xeldriv, s\u00e5 att tungan inte fastnar.<\/p>\n","protected":false},"featured_media":3107,"comment_status":"closed","ping_status":"closed","template":"","meta":{"_acf_changed":false,"inline_featured_image":false},"product_brand":[],"product_cat":[135],"product_tag":[],"class_list":{"0":"post-3106","1":"product","2":"type-product","3":"status-publish","4":"has-post-thumbnail","6":"product_cat-rals-och-vaxelstilbehor-fi","8":"first","9":"outofstock","10":"shipping-taxable","11":"product-type-variable"},"acf":[],"yoast_head":"<!-- This site is optimized with the Yoast SEO plugin v25.1 - https:\/\/yoast.com\/wordpress\/plugins\/seo\/ -->\n<title>EKOS Tungrullar | Rolfsen &amp; Juell<\/title>\n<meta name=\"description\" content=\"Vi levererar mekaniska EKOS\/tungrullar med fj\u00e4der, som lyfter upp tungan n\u00e5got fr\u00e5n glidplattan. som eliminerar behovet av sm\u00f6rjning och ger\" \/>\n<meta name=\"robots\" content=\"index, follow, max-snippet:-1, max-image-preview:large, max-video-preview:-1\" \/>\n<link rel=\"canonical\" href=\"https:\/\/rolfsenjuell.com\/fi\/tuote\/ekos-tungeruller\/\" \/>\n<meta property=\"og:locale\" content=\"fi_FI\" \/>\n<meta property=\"og:type\" content=\"article\" \/>\n<meta property=\"og:title\" content=\"EKOS Tungrullar | Rolfsen &amp; Juell\" \/>\n<meta property=\"og:description\" content=\"Vi levererar mekaniska EKOS\/tungrullar med fj\u00e4der, som lyfter upp tungan n\u00e5got fr\u00e5n glidplattan. som eliminerar behovet av sm\u00f6rjning och ger\" \/>\n<meta property=\"og:url\" content=\"https:\/\/rolfsenjuell.com\/fi\/tuote\/ekos-tungeruller\/\" \/>\n<meta property=\"og:site_name\" content=\"Rolfsen &amp; Juell\" \/>\n<meta property=\"og:image\" content=\"https:\/\/rolfsenjuell.com\/wp-content\/uploads\/2020\/10\/EKOS.jpg\" \/>\n\t<meta property=\"og:image:width\" content=\"640\" \/>\n\t<meta property=\"og:image:height\" content=\"480\" \/>\n\t<meta property=\"og:image:type\" content=\"image\/jpeg\" \/>\n<meta name=\"twitter:card\" content=\"summary_large_image\" \/>\n<script type=\"application\/ld+json\" class=\"yoast-schema-graph\">{\"@context\":\"https:\/\/schema.org\",\"@graph\":[{\"@type\":\"WebPage\",\"@id\":\"https:\/\/rolfsenjuell.com\/fi\/tuote\/ekos-tungeruller\/\",\"url\":\"https:\/\/rolfsenjuell.com\/fi\/tuote\/ekos-tungeruller\/\",\"name\":\"EKOS Tungrullar | Rolfsen &amp; Juell\",\"isPartOf\":{\"@id\":\"https:\/\/rolfsenjuell.com\/fi\/#website\"},\"primaryImageOfPage\":{\"@id\":\"https:\/\/rolfsenjuell.com\/fi\/tuote\/ekos-tungeruller\/#primaryimage\"},\"image\":{\"@id\":\"https:\/\/rolfsenjuell.com\/fi\/tuote\/ekos-tungeruller\/#primaryimage\"},\"thumbnailUrl\":\"https:\/\/rolfsenjuell.com\/wp-content\/uploads\/2020\/10\/EKOS.jpg\",\"datePublished\":\"2020-10-06T10:58:35+00:00\",\"description\":\"Vi levererar mekaniska EKOS\/tungrullar med fj\u00e4der, som lyfter upp tungan n\u00e5got fr\u00e5n glidplattan. som eliminerar behovet av sm\u00f6rjning och ger\",\"breadcrumb\":{\"@id\":\"https:\/\/rolfsenjuell.com\/fi\/tuote\/ekos-tungeruller\/#breadcrumb\"},\"inLanguage\":\"fi\",\"potentialAction\":[{\"@type\":\"ReadAction\",\"target\":[\"https:\/\/rolfsenjuell.com\/fi\/tuote\/ekos-tungeruller\/\"]}]},{\"@type\":\"ImageObject\",\"inLanguage\":\"fi\",\"@id\":\"https:\/\/rolfsenjuell.com\/fi\/tuote\/ekos-tungeruller\/#primaryimage\",\"url\":\"https:\/\/rolfsenjuell.com\/wp-content\/uploads\/2020\/10\/EKOS.jpg\",\"contentUrl\":\"https:\/\/rolfsenjuell.com\/wp-content\/uploads\/2020\/10\/EKOS.jpg\",\"width\":640,\"height\":480},{\"@type\":\"BreadcrumbList\",\"@id\":\"https:\/\/rolfsenjuell.com\/fi\/tuote\/ekos-tungeruller\/#breadcrumb\",\"itemListElement\":[{\"@type\":\"ListItem\",\"position\":1,\"name\":\"Home\",\"item\":\"https:\/\/rolfsenjuell.com\/fi\/\"},{\"@type\":\"ListItem\",\"position\":2,\"name\":\"Butik\",\"item\":\"https:\/\/rolfsenjuell.com\/butik\/\"},{\"@type\":\"ListItem\",\"position\":3,\"name\":\"EKOS\/Tungeruller\"}]},{\"@type\":\"WebSite\",\"@id\":\"https:\/\/rolfsenjuell.com\/fi\/#website\",\"url\":\"https:\/\/rolfsenjuell.com\/fi\/\",\"name\":\"Rolfsen Juell\",\"description\":\"St\u00e5l og Jernbane del leverand\u00f8rer i Norge, Sverige, Danmark, Finland\",\"publisher\":{\"@id\":\"https:\/\/rolfsenjuell.com\/fi\/#organization\"},\"potentialAction\":[{\"@type\":\"SearchAction\",\"target\":{\"@type\":\"EntryPoint\",\"urlTemplate\":\"https:\/\/rolfsenjuell.com\/fi\/?s={search_term_string}\"},\"query-input\":{\"@type\":\"PropertyValueSpecification\",\"valueRequired\":true,\"valueName\":\"search_term_string\"}}],\"inLanguage\":\"fi\"},{\"@type\":\"Organization\",\"@id\":\"https:\/\/rolfsenjuell.com\/fi\/#organization\",\"name\":\"Rolfsen & Juell\",\"url\":\"https:\/\/rolfsenjuell.com\/fi\/\",\"logo\":{\"@type\":\"ImageObject\",\"inLanguage\":\"fi\",\"@id\":\"https:\/\/rolfsenjuell.com\/fi\/#\/schema\/logo\/image\/\",\"url\":\"https:\/\/rolfsenjuell.com\/wp-content\/uploads\/2020\/06\/unnamed-1.jpg\",\"contentUrl\":\"https:\/\/rolfsenjuell.com\/wp-content\/uploads\/2020\/06\/unnamed-1.jpg\",\"width\":500,\"height\":122,\"caption\":\"Rolfsen & Juell\"},\"image\":{\"@id\":\"https:\/\/rolfsenjuell.com\/fi\/#\/schema\/logo\/image\/\"},\"sameAs\":[\"https:\/\/www.linkedin.com\/company\/rolfsen-sonn-as\/\"]}]}<\/script>\n<!-- \/ Yoast SEO plugin. -->","yoast_head_json":{"title":"EKOS Tungrullar | Rolfsen &amp; Juell","description":"Vi levererar mekaniska EKOS\/tungrullar med fj\u00e4der, som lyfter upp tungan n\u00e5got fr\u00e5n glidplattan. som eliminerar behovet av sm\u00f6rjning och ger","robots":{"index":"index","follow":"follow","max-snippet":"max-snippet:-1","max-image-preview":"max-image-preview:large","max-video-preview":"max-video-preview:-1"},"canonical":"https:\/\/rolfsenjuell.com\/fi\/tuote\/ekos-tungeruller\/","og_locale":"fi_FI","og_type":"article","og_title":"EKOS Tungrullar | Rolfsen &amp; Juell","og_description":"Vi levererar mekaniska EKOS\/tungrullar med fj\u00e4der, som lyfter upp tungan n\u00e5got fr\u00e5n glidplattan. som eliminerar behovet av sm\u00f6rjning och ger","og_url":"https:\/\/rolfsenjuell.com\/fi\/tuote\/ekos-tungeruller\/","og_site_name":"Rolfsen &amp; Juell","og_image":[{"width":640,"height":480,"url":"https:\/\/rolfsenjuell.com\/wp-content\/uploads\/2020\/10\/EKOS.jpg","type":"image\/jpeg"}],"twitter_card":"summary_large_image","schema":{"@context":"https:\/\/schema.org","@graph":[{"@type":"WebPage","@id":"https:\/\/rolfsenjuell.com\/fi\/tuote\/ekos-tungeruller\/","url":"https:\/\/rolfsenjuell.com\/fi\/tuote\/ekos-tungeruller\/","name":"EKOS Tungrullar | Rolfsen &amp; Juell","isPartOf":{"@id":"https:\/\/rolfsenjuell.com\/fi\/#website"},"primaryImageOfPage":{"@id":"https:\/\/rolfsenjuell.com\/fi\/tuote\/ekos-tungeruller\/#primaryimage"},"image":{"@id":"https:\/\/rolfsenjuell.com\/fi\/tuote\/ekos-tungeruller\/#primaryimage"},"thumbnailUrl":"https:\/\/rolfsenjuell.com\/wp-content\/uploads\/2020\/10\/EKOS.jpg","datePublished":"2020-10-06T10:58:35+00:00","description":"Vi levererar mekaniska EKOS\/tungrullar med fj\u00e4der, som lyfter upp tungan n\u00e5got fr\u00e5n glidplattan. som eliminerar behovet av sm\u00f6rjning och ger","breadcrumb":{"@id":"https:\/\/rolfsenjuell.com\/fi\/tuote\/ekos-tungeruller\/#breadcrumb"},"inLanguage":"fi","potentialAction":[{"@type":"ReadAction","target":["https:\/\/rolfsenjuell.com\/fi\/tuote\/ekos-tungeruller\/"]}]},{"@type":"ImageObject","inLanguage":"fi","@id":"https:\/\/rolfsenjuell.com\/fi\/tuote\/ekos-tungeruller\/#primaryimage","url":"https:\/\/rolfsenjuell.com\/wp-content\/uploads\/2020\/10\/EKOS.jpg","contentUrl":"https:\/\/rolfsenjuell.com\/wp-content\/uploads\/2020\/10\/EKOS.jpg","width":640,"height":480},{"@type":"BreadcrumbList","@id":"https:\/\/rolfsenjuell.com\/fi\/tuote\/ekos-tungeruller\/#breadcrumb","itemListElement":[{"@type":"ListItem","position":1,"name":"Home","item":"https:\/\/rolfsenjuell.com\/fi\/"},{"@type":"ListItem","position":2,"name":"Butik","item":"https:\/\/rolfsenjuell.com\/butik\/"},{"@type":"ListItem","position":3,"name":"EKOS\/Tungeruller"}]},{"@type":"WebSite","@id":"https:\/\/rolfsenjuell.com\/fi\/#website","url":"https:\/\/rolfsenjuell.com\/fi\/","name":"Rolfsen Juell","description":"St\u00e5l og Jernbane del leverand\u00f8rer i Norge, Sverige, Danmark, Finland","publisher":{"@id":"https:\/\/rolfsenjuell.com\/fi\/#organization"},"potentialAction":[{"@type":"SearchAction","target":{"@type":"EntryPoint","urlTemplate":"https:\/\/rolfsenjuell.com\/fi\/?s={search_term_string}"},"query-input":{"@type":"PropertyValueSpecification","valueRequired":true,"valueName":"search_term_string"}}],"inLanguage":"fi"},{"@type":"Organization","@id":"https:\/\/rolfsenjuell.com\/fi\/#organization","name":"Rolfsen & Juell","url":"https:\/\/rolfsenjuell.com\/fi\/","logo":{"@type":"ImageObject","inLanguage":"fi","@id":"https:\/\/rolfsenjuell.com\/fi\/#\/schema\/logo\/image\/","url":"https:\/\/rolfsenjuell.com\/wp-content\/uploads\/2020\/06\/unnamed-1.jpg","contentUrl":"https:\/\/rolfsenjuell.com\/wp-content\/uploads\/2020\/06\/unnamed-1.jpg","width":500,"height":122,"caption":"Rolfsen & Juell"},"image":{"@id":"https:\/\/rolfsenjuell.com\/fi\/#\/schema\/logo\/image\/"},"sameAs":["https:\/\/www.linkedin.com\/company\/rolfsen-sonn-as\/"]}]}},"jetpack_sharing_enabled":true,"_links":{"self":[{"href":"https:\/\/rolfsenjuell.com\/fi\/wp-json\/wp\/v2\/product\/3106","targetHints":{"allow":["GET"]}}],"collection":[{"href":"https:\/\/rolfsenjuell.com\/fi\/wp-json\/wp\/v2\/product"}],"about":[{"href":"https:\/\/rolfsenjuell.com\/fi\/wp-json\/wp\/v2\/types\/product"}],"replies":[{"embeddable":true,"href":"https:\/\/rolfsenjuell.com\/fi\/wp-json\/wp\/v2\/comments?post=3106"}],"wp:featuredmedia":[{"embeddable":true,"href":"https:\/\/rolfsenjuell.com\/fi\/wp-json\/wp\/v2\/media\/3107"}],"wp:attachment":[{"href":"https:\/\/rolfsenjuell.com\/fi\/wp-json\/wp\/v2\/media?parent=3106"}],"wp:term":[{"taxonomy":"product_brand","embeddable":true,"href":"https:\/\/rolfsenjuell.com\/fi\/wp-json\/wp\/v2\/product_brand?post=3106"},{"taxonomy":"product_cat","embeddable":true,"href":"https:\/\/rolfsenjuell.com\/fi\/wp-json\/wp\/v2\/product_cat?post=3106"},{"taxonomy":"product_tag","embeddable":true,"href":"https:\/\/rolfsenjuell.com\/fi\/wp-json\/wp\/v2\/product_tag?post=3106"}],"curies":[{"name":"wp","href":"https:\/\/api.w.org\/{rel}","templated":true}]}}