{"id":3081,"date":"2020-10-06T14:05:22","date_gmt":"2020-10-06T12:05:22","guid":{"rendered":"https:\/\/rolfsenjuell.com\/product\/esa\/"},"modified":"2020-10-06T14:05:22","modified_gmt":"2020-10-06T12:05:22","slug":"esa","status":"publish","type":"product","link":"https:\/\/rolfsenjuell.com\/fi\/tuote\/esa\/","title":{"rendered":"ESA"},"content":{"rendered":"","protected":false},"excerpt":{"rendered":"<p>ESA \u00e4r en sm\u00f6rjanordning som applicerar en exakt och tillf\u00f6rlitlig friktionsl\u00f6sning till r\u00e4len f\u00f6r att f\u00f6rhindra o\u00f6nskat sp\u00e5r- och fordonsbuller. Hjul och r\u00e4l uts\u00e4tts f\u00f6r slitage, vilket leder till betydande buller, s\u00e4rskilt vid \u00f6verg\u00e5ngar och i kurvor. ESA ger en mycket exakt sm\u00f6rjning av r\u00e4lytorna, och\/eller riktad v\u00e4tning av r\u00e4lhuvudet, vilket snabbt och effektivt l\u00f6ser dessa problem. ESA-systemet har l\u00e4tt utbytbara och p\u00e5fyllningsbara sm\u00f6rjmedelsbeh\u00e5llare som f\u00f6rhindrar att smuts eller luft tr\u00e4nger in i systemet och skyddar underh\u00e5llspersonalen fr\u00e5n att komma i kontakt med sm\u00f6rjmedlet.   <\/p>\n","protected":false},"featured_media":3082,"comment_status":"closed","ping_status":"closed","template":"","meta":{"_acf_changed":false,"inline_featured_image":false},"product_brand":[],"product_cat":[141],"product_tag":[],"class_list":{"0":"post-3081","1":"product","2":"type-product","3":"status-publish","4":"has-post-thumbnail","6":"product_cat-skinnesmoring","8":"first","9":"outofstock","10":"shipping-taxable","11":"product-type-variable"},"acf":[],"yoast_head":"<!-- This site is optimized with the Yoast SEO plugin v25.1 - https:\/\/yoast.com\/wordpress\/plugins\/seo\/ -->\n<title>ESA Sm\u00f8remiddel Vibrasjonsdemping | Rolfsen &amp; Juell<\/title>\n<meta name=\"description\" content=\"\u00c4r en sm\u00f6rjmedelsanordning som ger en exakt och p\u00e5litlig friktionsl\u00f6sning till r\u00e4len f\u00f6r att f\u00f6rhindra o\u00f6nskat sp\u00e5r- och fordonsljud.\" \/>\n<meta name=\"robots\" content=\"index, follow, max-snippet:-1, max-image-preview:large, max-video-preview:-1\" \/>\n<link rel=\"canonical\" href=\"https:\/\/rolfsenjuell.com\/fi\/tuote\/esa\/\" \/>\n<meta property=\"og:locale\" content=\"fi_FI\" \/>\n<meta property=\"og:type\" content=\"article\" \/>\n<meta property=\"og:title\" content=\"ESA Sm\u00f8remiddel Vibrasjonsdemping | Rolfsen &amp; Juell\" \/>\n<meta property=\"og:description\" content=\"\u00c4r en sm\u00f6rjmedelsanordning som ger en exakt och p\u00e5litlig friktionsl\u00f6sning till r\u00e4len f\u00f6r att f\u00f6rhindra o\u00f6nskat sp\u00e5r- och fordonsljud.\" \/>\n<meta property=\"og:url\" content=\"https:\/\/rolfsenjuell.com\/fi\/tuote\/esa\/\" \/>\n<meta property=\"og:site_name\" content=\"Rolfsen &amp; Juell\" \/>\n<meta property=\"og:image\" content=\"https:\/\/rolfsenjuell.com\/wp-content\/uploads\/2020\/10\/29-esa.jpg\" \/>\n\t<meta property=\"og:image:width\" content=\"1080\" \/>\n\t<meta property=\"og:image:height\" content=\"1080\" \/>\n\t<meta property=\"og:image:type\" content=\"image\/jpeg\" \/>\n<meta name=\"twitter:card\" content=\"summary_large_image\" \/>\n<script type=\"application\/ld+json\" class=\"yoast-schema-graph\">{\"@context\":\"https:\/\/schema.org\",\"@graph\":[{\"@type\":\"WebPage\",\"@id\":\"https:\/\/rolfsenjuell.com\/fi\/tuote\/esa\/\",\"url\":\"https:\/\/rolfsenjuell.com\/fi\/tuote\/esa\/\",\"name\":\"ESA Sm\u00f8remiddel Vibrasjonsdemping | Rolfsen &amp; Juell\",\"isPartOf\":{\"@id\":\"https:\/\/rolfsenjuell.com\/fi\/#website\"},\"primaryImageOfPage\":{\"@id\":\"https:\/\/rolfsenjuell.com\/fi\/tuote\/esa\/#primaryimage\"},\"image\":{\"@id\":\"https:\/\/rolfsenjuell.com\/fi\/tuote\/esa\/#primaryimage\"},\"thumbnailUrl\":\"https:\/\/rolfsenjuell.com\/wp-content\/uploads\/2020\/10\/29-esa.jpg\",\"datePublished\":\"2020-10-06T12:05:22+00:00\",\"description\":\"\u00c4r en sm\u00f6rjmedelsanordning som ger en exakt och p\u00e5litlig friktionsl\u00f6sning till r\u00e4len f\u00f6r att f\u00f6rhindra o\u00f6nskat sp\u00e5r- och fordonsljud.\",\"breadcrumb\":{\"@id\":\"https:\/\/rolfsenjuell.com\/fi\/tuote\/esa\/#breadcrumb\"},\"inLanguage\":\"fi\",\"potentialAction\":[{\"@type\":\"ReadAction\",\"target\":[\"https:\/\/rolfsenjuell.com\/fi\/tuote\/esa\/\"]}]},{\"@type\":\"ImageObject\",\"inLanguage\":\"fi\",\"@id\":\"https:\/\/rolfsenjuell.com\/fi\/tuote\/esa\/#primaryimage\",\"url\":\"https:\/\/rolfsenjuell.com\/wp-content\/uploads\/2020\/10\/29-esa.jpg\",\"contentUrl\":\"https:\/\/rolfsenjuell.com\/wp-content\/uploads\/2020\/10\/29-esa.jpg\",\"width\":1080,\"height\":1080,\"caption\":\"esa leverant\u00f6r sporvei rolfsen juell\"},{\"@type\":\"BreadcrumbList\",\"@id\":\"https:\/\/rolfsenjuell.com\/fi\/tuote\/esa\/#breadcrumb\",\"itemListElement\":[{\"@type\":\"ListItem\",\"position\":1,\"name\":\"Home\",\"item\":\"https:\/\/rolfsenjuell.com\/fi\/\"},{\"@type\":\"ListItem\",\"position\":2,\"name\":\"Butik\",\"item\":\"https:\/\/rolfsenjuell.com\/butik\/\"},{\"@type\":\"ListItem\",\"position\":3,\"name\":\"ESA\"}]},{\"@type\":\"WebSite\",\"@id\":\"https:\/\/rolfsenjuell.com\/fi\/#website\",\"url\":\"https:\/\/rolfsenjuell.com\/fi\/\",\"name\":\"Rolfsen Juell\",\"description\":\"St\u00e5l og Jernbane del leverand\u00f8rer i Norge, Sverige, Danmark, Finland\",\"publisher\":{\"@id\":\"https:\/\/rolfsenjuell.com\/fi\/#organization\"},\"potentialAction\":[{\"@type\":\"SearchAction\",\"target\":{\"@type\":\"EntryPoint\",\"urlTemplate\":\"https:\/\/rolfsenjuell.com\/fi\/?s={search_term_string}\"},\"query-input\":{\"@type\":\"PropertyValueSpecification\",\"valueRequired\":true,\"valueName\":\"search_term_string\"}}],\"inLanguage\":\"fi\"},{\"@type\":\"Organization\",\"@id\":\"https:\/\/rolfsenjuell.com\/fi\/#organization\",\"name\":\"Rolfsen & Juell\",\"url\":\"https:\/\/rolfsenjuell.com\/fi\/\",\"logo\":{\"@type\":\"ImageObject\",\"inLanguage\":\"fi\",\"@id\":\"https:\/\/rolfsenjuell.com\/fi\/#\/schema\/logo\/image\/\",\"url\":\"https:\/\/rolfsenjuell.com\/wp-content\/uploads\/2020\/06\/unnamed-1.jpg\",\"contentUrl\":\"https:\/\/rolfsenjuell.com\/wp-content\/uploads\/2020\/06\/unnamed-1.jpg\",\"width\":500,\"height\":122,\"caption\":\"Rolfsen & Juell\"},\"image\":{\"@id\":\"https:\/\/rolfsenjuell.com\/fi\/#\/schema\/logo\/image\/\"},\"sameAs\":[\"https:\/\/www.linkedin.com\/company\/rolfsen-sonn-as\/\"]}]}<\/script>\n<!-- \/ Yoast SEO plugin. -->","yoast_head_json":{"title":"ESA Sm\u00f8remiddel Vibrasjonsdemping | Rolfsen &amp; Juell","description":"\u00c4r en sm\u00f6rjmedelsanordning som ger en exakt och p\u00e5litlig friktionsl\u00f6sning till r\u00e4len f\u00f6r att f\u00f6rhindra o\u00f6nskat sp\u00e5r- och fordonsljud.","robots":{"index":"index","follow":"follow","max-snippet":"max-snippet:-1","max-image-preview":"max-image-preview:large","max-video-preview":"max-video-preview:-1"},"canonical":"https:\/\/rolfsenjuell.com\/fi\/tuote\/esa\/","og_locale":"fi_FI","og_type":"article","og_title":"ESA Sm\u00f8remiddel Vibrasjonsdemping | Rolfsen &amp; Juell","og_description":"\u00c4r en sm\u00f6rjmedelsanordning som ger en exakt och p\u00e5litlig friktionsl\u00f6sning till r\u00e4len f\u00f6r att f\u00f6rhindra o\u00f6nskat sp\u00e5r- och fordonsljud.","og_url":"https:\/\/rolfsenjuell.com\/fi\/tuote\/esa\/","og_site_name":"Rolfsen &amp; Juell","og_image":[{"width":1080,"height":1080,"url":"https:\/\/rolfsenjuell.com\/wp-content\/uploads\/2020\/10\/29-esa.jpg","type":"image\/jpeg"}],"twitter_card":"summary_large_image","schema":{"@context":"https:\/\/schema.org","@graph":[{"@type":"WebPage","@id":"https:\/\/rolfsenjuell.com\/fi\/tuote\/esa\/","url":"https:\/\/rolfsenjuell.com\/fi\/tuote\/esa\/","name":"ESA Sm\u00f8remiddel Vibrasjonsdemping | Rolfsen &amp; Juell","isPartOf":{"@id":"https:\/\/rolfsenjuell.com\/fi\/#website"},"primaryImageOfPage":{"@id":"https:\/\/rolfsenjuell.com\/fi\/tuote\/esa\/#primaryimage"},"image":{"@id":"https:\/\/rolfsenjuell.com\/fi\/tuote\/esa\/#primaryimage"},"thumbnailUrl":"https:\/\/rolfsenjuell.com\/wp-content\/uploads\/2020\/10\/29-esa.jpg","datePublished":"2020-10-06T12:05:22+00:00","description":"\u00c4r en sm\u00f6rjmedelsanordning som ger en exakt och p\u00e5litlig friktionsl\u00f6sning till r\u00e4len f\u00f6r att f\u00f6rhindra o\u00f6nskat sp\u00e5r- och fordonsljud.","breadcrumb":{"@id":"https:\/\/rolfsenjuell.com\/fi\/tuote\/esa\/#breadcrumb"},"inLanguage":"fi","potentialAction":[{"@type":"ReadAction","target":["https:\/\/rolfsenjuell.com\/fi\/tuote\/esa\/"]}]},{"@type":"ImageObject","inLanguage":"fi","@id":"https:\/\/rolfsenjuell.com\/fi\/tuote\/esa\/#primaryimage","url":"https:\/\/rolfsenjuell.com\/wp-content\/uploads\/2020\/10\/29-esa.jpg","contentUrl":"https:\/\/rolfsenjuell.com\/wp-content\/uploads\/2020\/10\/29-esa.jpg","width":1080,"height":1080,"caption":"esa leverant\u00f6r sporvei rolfsen juell"},{"@type":"BreadcrumbList","@id":"https:\/\/rolfsenjuell.com\/fi\/tuote\/esa\/#breadcrumb","itemListElement":[{"@type":"ListItem","position":1,"name":"Home","item":"https:\/\/rolfsenjuell.com\/fi\/"},{"@type":"ListItem","position":2,"name":"Butik","item":"https:\/\/rolfsenjuell.com\/butik\/"},{"@type":"ListItem","position":3,"name":"ESA"}]},{"@type":"WebSite","@id":"https:\/\/rolfsenjuell.com\/fi\/#website","url":"https:\/\/rolfsenjuell.com\/fi\/","name":"Rolfsen Juell","description":"St\u00e5l og Jernbane del leverand\u00f8rer i Norge, Sverige, Danmark, Finland","publisher":{"@id":"https:\/\/rolfsenjuell.com\/fi\/#organization"},"potentialAction":[{"@type":"SearchAction","target":{"@type":"EntryPoint","urlTemplate":"https:\/\/rolfsenjuell.com\/fi\/?s={search_term_string}"},"query-input":{"@type":"PropertyValueSpecification","valueRequired":true,"valueName":"search_term_string"}}],"inLanguage":"fi"},{"@type":"Organization","@id":"https:\/\/rolfsenjuell.com\/fi\/#organization","name":"Rolfsen & Juell","url":"https:\/\/rolfsenjuell.com\/fi\/","logo":{"@type":"ImageObject","inLanguage":"fi","@id":"https:\/\/rolfsenjuell.com\/fi\/#\/schema\/logo\/image\/","url":"https:\/\/rolfsenjuell.com\/wp-content\/uploads\/2020\/06\/unnamed-1.jpg","contentUrl":"https:\/\/rolfsenjuell.com\/wp-content\/uploads\/2020\/06\/unnamed-1.jpg","width":500,"height":122,"caption":"Rolfsen & Juell"},"image":{"@id":"https:\/\/rolfsenjuell.com\/fi\/#\/schema\/logo\/image\/"},"sameAs":["https:\/\/www.linkedin.com\/company\/rolfsen-sonn-as\/"]}]}},"jetpack_sharing_enabled":true,"_links":{"self":[{"href":"https:\/\/rolfsenjuell.com\/fi\/wp-json\/wp\/v2\/product\/3081","targetHints":{"allow":["GET"]}}],"collection":[{"href":"https:\/\/rolfsenjuell.com\/fi\/wp-json\/wp\/v2\/product"}],"about":[{"href":"https:\/\/rolfsenjuell.com\/fi\/wp-json\/wp\/v2\/types\/product"}],"replies":[{"embeddable":true,"href":"https:\/\/rolfsenjuell.com\/fi\/wp-json\/wp\/v2\/comments?post=3081"}],"wp:featuredmedia":[{"embeddable":true,"href":"https:\/\/rolfsenjuell.com\/fi\/wp-json\/wp\/v2\/media\/3082"}],"wp:attachment":[{"href":"https:\/\/rolfsenjuell.com\/fi\/wp-json\/wp\/v2\/media?parent=3081"}],"wp:term":[{"taxonomy":"product_brand","embeddable":true,"href":"https:\/\/rolfsenjuell.com\/fi\/wp-json\/wp\/v2\/product_brand?post=3081"},{"taxonomy":"product_cat","embeddable":true,"href":"https:\/\/rolfsenjuell.com\/fi\/wp-json\/wp\/v2\/product_cat?post=3081"},{"taxonomy":"product_tag","embeddable":true,"href":"https:\/\/rolfsenjuell.com\/fi\/wp-json\/wp\/v2\/product_tag?post=3081"}],"curies":[{"name":"wp","href":"https:\/\/api.w.org\/{rel}","templated":true}]}}