{"id":3043,"date":"2020-10-20T09:33:10","date_gmt":"2020-10-20T07:33:10","guid":{"rendered":"https:\/\/rolfsenjuell.com\/product\/kopplingslador\/"},"modified":"2020-10-20T09:33:10","modified_gmt":"2020-10-20T07:33:10","slug":"kopplingslador","status":"publish","type":"product","link":"https:\/\/rolfsenjuell.com\/fi\/tuote\/kopplingslador\/","title":{"rendered":"Kopplingsl\u00e5dor"},"content":{"rendered":"","protected":false},"excerpt":{"rendered":"<p>Hanning &amp; Kahls kopplingsl\u00e5dor skyddar r\u00e4lens kontaktdon mot korrosion och mekanisk p\u00e5verkan. Du f\u00e5r \u00e5tkomst till elanslutningarna genom att \u00f6ppna locket p\u00e5 kopplingsl\u00e5dan. Kopplingsl\u00e5dorna \u00e4r designade och konstruerade f\u00f6r att klara av att kontinuerligt k\u00f6ras \u00f6ver och korsas av v\u00e4gtrafik. De kan anpassas och justeras f\u00f6r att passa alla r\u00e4lprofiler, och underl\u00e4ttar kabeldragningen. En skumgummit\u00e4tning mellan r\u00e4len och l\u00e5dan hj\u00e4lper till att h\u00e5lla allt inuti l\u00e5dan torrt.    <\/p>\n","protected":false},"featured_media":3044,"comment_status":"closed","ping_status":"closed","template":"","meta":{"_acf_changed":false,"inline_featured_image":false},"product_brand":[],"product_cat":[135],"product_tag":[],"class_list":{"0":"post-3043","1":"product","2":"type-product","3":"status-publish","4":"has-post-thumbnail","6":"product_cat-rals-och-vaxelstilbehor-fi","8":"first","9":"outofstock","10":"shipping-taxable","11":"product-type-variable"},"acf":[],"yoast_head":"<!-- This site is optimized with the Yoast SEO plugin v25.1 - https:\/\/yoast.com\/wordpress\/plugins\/seo\/ -->\n<title>Koblingsboks Jernbane Sporvei | Rolfsen &amp; Juell<\/title>\n<meta name=\"description\" content=\"Hanning &amp; Kahls koblingsbokser besytter kontaktene i skinnegangen mot korrosjon og mekanisk p\u00e5vikning.\" \/>\n<meta name=\"robots\" content=\"index, follow, max-snippet:-1, max-image-preview:large, max-video-preview:-1\" \/>\n<link rel=\"canonical\" href=\"https:\/\/rolfsenjuell.com\/fi\/tuote\/kopplingslador\/\" \/>\n<meta property=\"og:locale\" content=\"fi_FI\" \/>\n<meta property=\"og:type\" content=\"article\" \/>\n<meta property=\"og:title\" content=\"Koblingsboks Jernbane Sporvei | Rolfsen &amp; Juell\" \/>\n<meta property=\"og:description\" content=\"Hanning &amp; Kahls koblingsbokser besytter kontaktene i skinnegangen mot korrosjon og mekanisk p\u00e5vikning.\" \/>\n<meta property=\"og:url\" content=\"https:\/\/rolfsenjuell.com\/fi\/tuote\/kopplingslador\/\" \/>\n<meta property=\"og:site_name\" content=\"Rolfsen &amp; Juell\" \/>\n<meta property=\"og:image\" content=\"https:\/\/rolfsenjuell.com\/wp-content\/uploads\/2020\/10\/Koblingsboks.jpg\" \/>\n\t<meta property=\"og:image:width\" content=\"1080\" \/>\n\t<meta property=\"og:image:height\" content=\"1080\" \/>\n\t<meta property=\"og:image:type\" content=\"image\/jpeg\" \/>\n<meta name=\"twitter:card\" content=\"summary_large_image\" \/>\n<script type=\"application\/ld+json\" class=\"yoast-schema-graph\">{\"@context\":\"https:\/\/schema.org\",\"@graph\":[{\"@type\":\"WebPage\",\"@id\":\"https:\/\/rolfsenjuell.com\/fi\/tuote\/kopplingslador\/\",\"url\":\"https:\/\/rolfsenjuell.com\/fi\/tuote\/kopplingslador\/\",\"name\":\"Koblingsboks Jernbane Sporvei | Rolfsen &amp; Juell\",\"isPartOf\":{\"@id\":\"https:\/\/rolfsenjuell.com\/fi\/#website\"},\"primaryImageOfPage\":{\"@id\":\"https:\/\/rolfsenjuell.com\/fi\/tuote\/kopplingslador\/#primaryimage\"},\"image\":{\"@id\":\"https:\/\/rolfsenjuell.com\/fi\/tuote\/kopplingslador\/#primaryimage\"},\"thumbnailUrl\":\"https:\/\/rolfsenjuell.com\/wp-content\/uploads\/2020\/10\/Koblingsboks.jpg\",\"datePublished\":\"2020-10-20T07:33:10+00:00\",\"description\":\"Hanning & Kahls koblingsbokser besytter kontaktene i skinnegangen mot korrosjon og mekanisk p\u00e5vikning.\",\"breadcrumb\":{\"@id\":\"https:\/\/rolfsenjuell.com\/fi\/tuote\/kopplingslador\/#breadcrumb\"},\"inLanguage\":\"fi\",\"potentialAction\":[{\"@type\":\"ReadAction\",\"target\":[\"https:\/\/rolfsenjuell.com\/fi\/tuote\/kopplingslador\/\"]}]},{\"@type\":\"ImageObject\",\"inLanguage\":\"fi\",\"@id\":\"https:\/\/rolfsenjuell.com\/fi\/tuote\/kopplingslador\/#primaryimage\",\"url\":\"https:\/\/rolfsenjuell.com\/wp-content\/uploads\/2020\/10\/Koblingsboks.jpg\",\"contentUrl\":\"https:\/\/rolfsenjuell.com\/wp-content\/uploads\/2020\/10\/Koblingsboks.jpg\",\"width\":1080,\"height\":1080,\"caption\":\"Kopplingsl\u00e5dor sp\u00e5rv\u00e4g rolfsen juell\"},{\"@type\":\"BreadcrumbList\",\"@id\":\"https:\/\/rolfsenjuell.com\/fi\/tuote\/kopplingslador\/#breadcrumb\",\"itemListElement\":[{\"@type\":\"ListItem\",\"position\":1,\"name\":\"Home\",\"item\":\"https:\/\/rolfsenjuell.com\/fi\/\"},{\"@type\":\"ListItem\",\"position\":2,\"name\":\"Butik\",\"item\":\"https:\/\/rolfsenjuell.com\/butik\/\"},{\"@type\":\"ListItem\",\"position\":3,\"name\":\"Kopplingsl\u00e5dor\"}]},{\"@type\":\"WebSite\",\"@id\":\"https:\/\/rolfsenjuell.com\/fi\/#website\",\"url\":\"https:\/\/rolfsenjuell.com\/fi\/\",\"name\":\"Rolfsen Juell\",\"description\":\"St\u00e5l og Jernbane del leverand\u00f8rer i Norge, Sverige, Danmark, Finland\",\"publisher\":{\"@id\":\"https:\/\/rolfsenjuell.com\/fi\/#organization\"},\"potentialAction\":[{\"@type\":\"SearchAction\",\"target\":{\"@type\":\"EntryPoint\",\"urlTemplate\":\"https:\/\/rolfsenjuell.com\/fi\/?s={search_term_string}\"},\"query-input\":{\"@type\":\"PropertyValueSpecification\",\"valueRequired\":true,\"valueName\":\"search_term_string\"}}],\"inLanguage\":\"fi\"},{\"@type\":\"Organization\",\"@id\":\"https:\/\/rolfsenjuell.com\/fi\/#organization\",\"name\":\"Rolfsen & Juell\",\"url\":\"https:\/\/rolfsenjuell.com\/fi\/\",\"logo\":{\"@type\":\"ImageObject\",\"inLanguage\":\"fi\",\"@id\":\"https:\/\/rolfsenjuell.com\/fi\/#\/schema\/logo\/image\/\",\"url\":\"https:\/\/rolfsenjuell.com\/wp-content\/uploads\/2020\/06\/unnamed-1.jpg\",\"contentUrl\":\"https:\/\/rolfsenjuell.com\/wp-content\/uploads\/2020\/06\/unnamed-1.jpg\",\"width\":500,\"height\":122,\"caption\":\"Rolfsen & Juell\"},\"image\":{\"@id\":\"https:\/\/rolfsenjuell.com\/fi\/#\/schema\/logo\/image\/\"},\"sameAs\":[\"https:\/\/www.linkedin.com\/company\/rolfsen-sonn-as\/\"]}]}<\/script>\n<!-- \/ Yoast SEO plugin. -->","yoast_head_json":{"title":"Koblingsboks Jernbane Sporvei | Rolfsen &amp; Juell","description":"Hanning & Kahls koblingsbokser besytter kontaktene i skinnegangen mot korrosjon og mekanisk p\u00e5vikning.","robots":{"index":"index","follow":"follow","max-snippet":"max-snippet:-1","max-image-preview":"max-image-preview:large","max-video-preview":"max-video-preview:-1"},"canonical":"https:\/\/rolfsenjuell.com\/fi\/tuote\/kopplingslador\/","og_locale":"fi_FI","og_type":"article","og_title":"Koblingsboks Jernbane Sporvei | Rolfsen &amp; Juell","og_description":"Hanning & Kahls koblingsbokser besytter kontaktene i skinnegangen mot korrosjon og mekanisk p\u00e5vikning.","og_url":"https:\/\/rolfsenjuell.com\/fi\/tuote\/kopplingslador\/","og_site_name":"Rolfsen &amp; Juell","og_image":[{"width":1080,"height":1080,"url":"https:\/\/rolfsenjuell.com\/wp-content\/uploads\/2020\/10\/Koblingsboks.jpg","type":"image\/jpeg"}],"twitter_card":"summary_large_image","schema":{"@context":"https:\/\/schema.org","@graph":[{"@type":"WebPage","@id":"https:\/\/rolfsenjuell.com\/fi\/tuote\/kopplingslador\/","url":"https:\/\/rolfsenjuell.com\/fi\/tuote\/kopplingslador\/","name":"Koblingsboks Jernbane Sporvei | Rolfsen &amp; Juell","isPartOf":{"@id":"https:\/\/rolfsenjuell.com\/fi\/#website"},"primaryImageOfPage":{"@id":"https:\/\/rolfsenjuell.com\/fi\/tuote\/kopplingslador\/#primaryimage"},"image":{"@id":"https:\/\/rolfsenjuell.com\/fi\/tuote\/kopplingslador\/#primaryimage"},"thumbnailUrl":"https:\/\/rolfsenjuell.com\/wp-content\/uploads\/2020\/10\/Koblingsboks.jpg","datePublished":"2020-10-20T07:33:10+00:00","description":"Hanning & Kahls koblingsbokser besytter kontaktene i skinnegangen mot korrosjon og mekanisk p\u00e5vikning.","breadcrumb":{"@id":"https:\/\/rolfsenjuell.com\/fi\/tuote\/kopplingslador\/#breadcrumb"},"inLanguage":"fi","potentialAction":[{"@type":"ReadAction","target":["https:\/\/rolfsenjuell.com\/fi\/tuote\/kopplingslador\/"]}]},{"@type":"ImageObject","inLanguage":"fi","@id":"https:\/\/rolfsenjuell.com\/fi\/tuote\/kopplingslador\/#primaryimage","url":"https:\/\/rolfsenjuell.com\/wp-content\/uploads\/2020\/10\/Koblingsboks.jpg","contentUrl":"https:\/\/rolfsenjuell.com\/wp-content\/uploads\/2020\/10\/Koblingsboks.jpg","width":1080,"height":1080,"caption":"Kopplingsl\u00e5dor sp\u00e5rv\u00e4g rolfsen juell"},{"@type":"BreadcrumbList","@id":"https:\/\/rolfsenjuell.com\/fi\/tuote\/kopplingslador\/#breadcrumb","itemListElement":[{"@type":"ListItem","position":1,"name":"Home","item":"https:\/\/rolfsenjuell.com\/fi\/"},{"@type":"ListItem","position":2,"name":"Butik","item":"https:\/\/rolfsenjuell.com\/butik\/"},{"@type":"ListItem","position":3,"name":"Kopplingsl\u00e5dor"}]},{"@type":"WebSite","@id":"https:\/\/rolfsenjuell.com\/fi\/#website","url":"https:\/\/rolfsenjuell.com\/fi\/","name":"Rolfsen Juell","description":"St\u00e5l og Jernbane del leverand\u00f8rer i Norge, Sverige, Danmark, Finland","publisher":{"@id":"https:\/\/rolfsenjuell.com\/fi\/#organization"},"potentialAction":[{"@type":"SearchAction","target":{"@type":"EntryPoint","urlTemplate":"https:\/\/rolfsenjuell.com\/fi\/?s={search_term_string}"},"query-input":{"@type":"PropertyValueSpecification","valueRequired":true,"valueName":"search_term_string"}}],"inLanguage":"fi"},{"@type":"Organization","@id":"https:\/\/rolfsenjuell.com\/fi\/#organization","name":"Rolfsen & Juell","url":"https:\/\/rolfsenjuell.com\/fi\/","logo":{"@type":"ImageObject","inLanguage":"fi","@id":"https:\/\/rolfsenjuell.com\/fi\/#\/schema\/logo\/image\/","url":"https:\/\/rolfsenjuell.com\/wp-content\/uploads\/2020\/06\/unnamed-1.jpg","contentUrl":"https:\/\/rolfsenjuell.com\/wp-content\/uploads\/2020\/06\/unnamed-1.jpg","width":500,"height":122,"caption":"Rolfsen & Juell"},"image":{"@id":"https:\/\/rolfsenjuell.com\/fi\/#\/schema\/logo\/image\/"},"sameAs":["https:\/\/www.linkedin.com\/company\/rolfsen-sonn-as\/"]}]}},"jetpack_sharing_enabled":true,"_links":{"self":[{"href":"https:\/\/rolfsenjuell.com\/fi\/wp-json\/wp\/v2\/product\/3043","targetHints":{"allow":["GET"]}}],"collection":[{"href":"https:\/\/rolfsenjuell.com\/fi\/wp-json\/wp\/v2\/product"}],"about":[{"href":"https:\/\/rolfsenjuell.com\/fi\/wp-json\/wp\/v2\/types\/product"}],"replies":[{"embeddable":true,"href":"https:\/\/rolfsenjuell.com\/fi\/wp-json\/wp\/v2\/comments?post=3043"}],"wp:featuredmedia":[{"embeddable":true,"href":"https:\/\/rolfsenjuell.com\/fi\/wp-json\/wp\/v2\/media\/3044"}],"wp:attachment":[{"href":"https:\/\/rolfsenjuell.com\/fi\/wp-json\/wp\/v2\/media?parent=3043"}],"wp:term":[{"taxonomy":"product_brand","embeddable":true,"href":"https:\/\/rolfsenjuell.com\/fi\/wp-json\/wp\/v2\/product_brand?post=3043"},{"taxonomy":"product_cat","embeddable":true,"href":"https:\/\/rolfsenjuell.com\/fi\/wp-json\/wp\/v2\/product_cat?post=3043"},{"taxonomy":"product_tag","embeddable":true,"href":"https:\/\/rolfsenjuell.com\/fi\/wp-json\/wp\/v2\/product_tag?post=3043"}],"curies":[{"name":"wp","href":"https:\/\/api.w.org\/{rel}","templated":true}]}}