{"id":3036,"date":"2024-01-25T09:28:29","date_gmt":"2024-01-25T08:28:29","guid":{"rendered":"https:\/\/rolfsenjuell.com\/product\/elektriskt-vaxeldriv-hwe-61-1\/"},"modified":"2024-01-25T09:28:29","modified_gmt":"2024-01-25T08:28:29","slug":"elektriskt-vaxeldriv-hwe-61-1","status":"publish","type":"product","link":"https:\/\/rolfsenjuell.com\/fi\/tuote\/elektriskt-vaxeldriv-hwe-61-1\/","title":{"rendered":"Elektriskt v\u00e4xeldriv HWE 61.1"},"content":{"rendered":"","protected":false},"excerpt":{"rendered":"<p>HWE 61.1 \u00e4r ett elektriskt v\u00e4xeldriv som uppfyller alla krav fr\u00e5n transportmyndigheterna. F\u00f6rregling av drivst\u00e4ngerna och en oberoende detektorl\u00e5senhet g\u00f6r att v\u00e5r v\u00e4xeldriv uppfyller kraven f\u00f6r SIL 4 i enlighet med CENELEC EN 50129-specifikationen. Detta v\u00e4xeldriv levereras med fyrledaraktivering f\u00f6r distribution till elektriskt inst\u00e4llda punkter (EOW), eller med elektroniska f\u00f6rreglingskontroller som huvudteknik. F\u00f6rdelar med 61.1-serien:  <\/p>\n<ul>\n<li>Dubbels\u00e4krade l\u00e5ssystem<\/li>\n<li>S\u00e4kerhetsklass IP67 i enlighet med EN 60529<\/li>\n<li>Kan konfigureras f\u00f6r alla avst\u00e5nd<\/li>\n<li>Kan anv\u00e4ndas i alla linjen\u00e4t, p\u00e5 broar och i tunnlar<\/li>\n<li>Detektor- och drivst\u00e4nger f\u00f6r alla typer av v\u00e4xlar<\/li>\n<li>Kompatibel med l\u00e5smekanismer i alla systemhus<\/li>\n<li>M\u00f6jlighet att s\u00e4kra manuell oml\u00e4ggning<\/li>\n<\/ul>\n","protected":false},"featured_media":3041,"comment_status":"closed","ping_status":"closed","template":"","meta":{"_acf_changed":false,"inline_featured_image":false},"product_brand":[],"product_cat":[132],"product_tag":[],"class_list":{"0":"post-3036","1":"product","2":"type-product","3":"status-publish","4":"has-post-thumbnail","6":"product_cat-vaxseldriv-fi","8":"first","9":"instock","10":"shipping-taxable","11":"product-type-simple"},"acf":[],"yoast_head":"<!-- This site is optimized with the Yoast SEO plugin v25.1 - https:\/\/yoast.com\/wordpress\/plugins\/seo\/ -->\n<title>Elektrisk Drivmaskin HWE61-1 | Rolfsen &amp; Juell<\/title>\n<meta name=\"robots\" content=\"index, follow, max-snippet:-1, max-image-preview:large, max-video-preview:-1\" \/>\n<link rel=\"canonical\" href=\"https:\/\/rolfsenjuell.com\/fi\/tuote\/elektriskt-vaxeldriv-hwe-61-1\/\" \/>\n<meta property=\"og:locale\" content=\"fi_FI\" \/>\n<meta property=\"og:type\" content=\"article\" \/>\n<meta property=\"og:title\" content=\"Elektrisk Drivmaskin HWE61-1 | Rolfsen &amp; Juell\" \/>\n<meta property=\"og:description\" content=\"HWE 61.1 \u00e4r ett elektriskt v\u00e4xeldriv som uppfyller alla krav fr\u00e5n transportmyndigheterna. F\u00f6rregling av drivst\u00e4ngerna och en oberoende detektorl\u00e5senhet g\u00f6r att v\u00e5r v\u00e4xeldriv uppfyller kraven f\u00f6r SIL 4 i enlighet med CENELEC EN 50129-specifikationen. Detta v\u00e4xeldriv levereras med fyrledaraktivering f\u00f6r distribution till elektriskt inst\u00e4llda punkter (EOW), eller med elektroniska f\u00f6rreglingskontroller som huvudteknik. F\u00f6rdelar med 61.1-serien:   Dubbels\u00e4krade l\u00e5ssystem S\u00e4kerhetsklass IP67 i enlighet med EN 60529 Kan konfigureras f\u00f6r alla avst\u00e5nd Kan anv\u00e4ndas i alla linjen\u00e4t, p\u00e5 broar och i tunnlar Detektor- och drivst\u00e4nger f\u00f6r alla typer av v\u00e4xlar Kompatibel med l\u00e5smekanismer i alla systemhus M\u00f6jlighet att s\u00e4kra manuell oml\u00e4ggning\" \/>\n<meta property=\"og:url\" content=\"https:\/\/rolfsenjuell.com\/fi\/tuote\/elektriskt-vaxeldriv-hwe-61-1\/\" \/>\n<meta property=\"og:site_name\" content=\"Rolfsen &amp; Juell\" \/>\n<meta property=\"og:image\" content=\"https:\/\/rolfsenjuell.com\/wp-content\/uploads\/2024\/01\/RolfsenJuell-HWE-61.1.jpg\" \/>\n\t<meta property=\"og:image:width\" content=\"750\" \/>\n\t<meta property=\"og:image:height\" content=\"422\" \/>\n\t<meta property=\"og:image:type\" content=\"image\/jpeg\" \/>\n<meta name=\"twitter:card\" content=\"summary_large_image\" \/>\n<script type=\"application\/ld+json\" class=\"yoast-schema-graph\">{\"@context\":\"https:\/\/schema.org\",\"@graph\":[{\"@type\":\"WebPage\",\"@id\":\"https:\/\/rolfsenjuell.com\/fi\/tuote\/elektriskt-vaxeldriv-hwe-61-1\/\",\"url\":\"https:\/\/rolfsenjuell.com\/fi\/tuote\/elektriskt-vaxeldriv-hwe-61-1\/\",\"name\":\"Elektrisk Drivmaskin HWE61-1 | Rolfsen &amp; Juell\",\"isPartOf\":{\"@id\":\"https:\/\/rolfsenjuell.com\/fi\/#website\"},\"primaryImageOfPage\":{\"@id\":\"https:\/\/rolfsenjuell.com\/fi\/tuote\/elektriskt-vaxeldriv-hwe-61-1\/#primaryimage\"},\"image\":{\"@id\":\"https:\/\/rolfsenjuell.com\/fi\/tuote\/elektriskt-vaxeldriv-hwe-61-1\/#primaryimage\"},\"thumbnailUrl\":\"https:\/\/rolfsenjuell.com\/wp-content\/uploads\/2024\/01\/RolfsenJuell-HWE-61.1.jpg\",\"datePublished\":\"2024-01-25T08:28:29+00:00\",\"breadcrumb\":{\"@id\":\"https:\/\/rolfsenjuell.com\/fi\/tuote\/elektriskt-vaxeldriv-hwe-61-1\/#breadcrumb\"},\"inLanguage\":\"fi\",\"potentialAction\":[{\"@type\":\"ReadAction\",\"target\":[\"https:\/\/rolfsenjuell.com\/fi\/tuote\/elektriskt-vaxeldriv-hwe-61-1\/\"]}]},{\"@type\":\"ImageObject\",\"inLanguage\":\"fi\",\"@id\":\"https:\/\/rolfsenjuell.com\/fi\/tuote\/elektriskt-vaxeldriv-hwe-61-1\/#primaryimage\",\"url\":\"https:\/\/rolfsenjuell.com\/wp-content\/uploads\/2024\/01\/RolfsenJuell-HWE-61.1.jpg\",\"contentUrl\":\"https:\/\/rolfsenjuell.com\/wp-content\/uploads\/2024\/01\/RolfsenJuell-HWE-61.1.jpg\",\"width\":750,\"height\":422},{\"@type\":\"BreadcrumbList\",\"@id\":\"https:\/\/rolfsenjuell.com\/fi\/tuote\/elektriskt-vaxeldriv-hwe-61-1\/#breadcrumb\",\"itemListElement\":[{\"@type\":\"ListItem\",\"position\":1,\"name\":\"Home\",\"item\":\"https:\/\/rolfsenjuell.com\/fi\/\"},{\"@type\":\"ListItem\",\"position\":2,\"name\":\"Butik\",\"item\":\"https:\/\/rolfsenjuell.com\/butik\/\"},{\"@type\":\"ListItem\",\"position\":3,\"name\":\"Elektriskt v\u00e4xeldriv HWE 61.1\"}]},{\"@type\":\"WebSite\",\"@id\":\"https:\/\/rolfsenjuell.com\/fi\/#website\",\"url\":\"https:\/\/rolfsenjuell.com\/fi\/\",\"name\":\"Rolfsen Juell\",\"description\":\"St\u00e5l og Jernbane del leverand\u00f8rer i Norge, Sverige, Danmark, Finland\",\"publisher\":{\"@id\":\"https:\/\/rolfsenjuell.com\/fi\/#organization\"},\"potentialAction\":[{\"@type\":\"SearchAction\",\"target\":{\"@type\":\"EntryPoint\",\"urlTemplate\":\"https:\/\/rolfsenjuell.com\/fi\/?s={search_term_string}\"},\"query-input\":{\"@type\":\"PropertyValueSpecification\",\"valueRequired\":true,\"valueName\":\"search_term_string\"}}],\"inLanguage\":\"fi\"},{\"@type\":\"Organization\",\"@id\":\"https:\/\/rolfsenjuell.com\/fi\/#organization\",\"name\":\"Rolfsen & Juell\",\"url\":\"https:\/\/rolfsenjuell.com\/fi\/\",\"logo\":{\"@type\":\"ImageObject\",\"inLanguage\":\"fi\",\"@id\":\"https:\/\/rolfsenjuell.com\/fi\/#\/schema\/logo\/image\/\",\"url\":\"https:\/\/rolfsenjuell.com\/wp-content\/uploads\/2020\/06\/unnamed-1.jpg\",\"contentUrl\":\"https:\/\/rolfsenjuell.com\/wp-content\/uploads\/2020\/06\/unnamed-1.jpg\",\"width\":500,\"height\":122,\"caption\":\"Rolfsen & Juell\"},\"image\":{\"@id\":\"https:\/\/rolfsenjuell.com\/fi\/#\/schema\/logo\/image\/\"},\"sameAs\":[\"https:\/\/www.linkedin.com\/company\/rolfsen-sonn-as\/\"]}]}<\/script>\n<!-- \/ Yoast SEO plugin. -->","yoast_head_json":{"title":"Elektrisk Drivmaskin HWE61-1 | Rolfsen &amp; Juell","robots":{"index":"index","follow":"follow","max-snippet":"max-snippet:-1","max-image-preview":"max-image-preview:large","max-video-preview":"max-video-preview:-1"},"canonical":"https:\/\/rolfsenjuell.com\/fi\/tuote\/elektriskt-vaxeldriv-hwe-61-1\/","og_locale":"fi_FI","og_type":"article","og_title":"Elektrisk Drivmaskin HWE61-1 | Rolfsen &amp; Juell","og_description":"HWE 61.1 \u00e4r ett elektriskt v\u00e4xeldriv som uppfyller alla krav fr\u00e5n transportmyndigheterna. F\u00f6rregling av drivst\u00e4ngerna och en oberoende detektorl\u00e5senhet g\u00f6r att v\u00e5r v\u00e4xeldriv uppfyller kraven f\u00f6r SIL 4 i enlighet med CENELEC EN 50129-specifikationen. Detta v\u00e4xeldriv levereras med fyrledaraktivering f\u00f6r distribution till elektriskt inst\u00e4llda punkter (EOW), eller med elektroniska f\u00f6rreglingskontroller som huvudteknik. F\u00f6rdelar med 61.1-serien:   Dubbels\u00e4krade l\u00e5ssystem S\u00e4kerhetsklass IP67 i enlighet med EN 60529 Kan konfigureras f\u00f6r alla avst\u00e5nd Kan anv\u00e4ndas i alla linjen\u00e4t, p\u00e5 broar och i tunnlar Detektor- och drivst\u00e4nger f\u00f6r alla typer av v\u00e4xlar Kompatibel med l\u00e5smekanismer i alla systemhus M\u00f6jlighet att s\u00e4kra manuell oml\u00e4ggning","og_url":"https:\/\/rolfsenjuell.com\/fi\/tuote\/elektriskt-vaxeldriv-hwe-61-1\/","og_site_name":"Rolfsen &amp; Juell","og_image":[{"width":750,"height":422,"url":"https:\/\/rolfsenjuell.com\/wp-content\/uploads\/2024\/01\/RolfsenJuell-HWE-61.1.jpg","type":"image\/jpeg"}],"twitter_card":"summary_large_image","schema":{"@context":"https:\/\/schema.org","@graph":[{"@type":"WebPage","@id":"https:\/\/rolfsenjuell.com\/fi\/tuote\/elektriskt-vaxeldriv-hwe-61-1\/","url":"https:\/\/rolfsenjuell.com\/fi\/tuote\/elektriskt-vaxeldriv-hwe-61-1\/","name":"Elektrisk Drivmaskin HWE61-1 | Rolfsen &amp; Juell","isPartOf":{"@id":"https:\/\/rolfsenjuell.com\/fi\/#website"},"primaryImageOfPage":{"@id":"https:\/\/rolfsenjuell.com\/fi\/tuote\/elektriskt-vaxeldriv-hwe-61-1\/#primaryimage"},"image":{"@id":"https:\/\/rolfsenjuell.com\/fi\/tuote\/elektriskt-vaxeldriv-hwe-61-1\/#primaryimage"},"thumbnailUrl":"https:\/\/rolfsenjuell.com\/wp-content\/uploads\/2024\/01\/RolfsenJuell-HWE-61.1.jpg","datePublished":"2024-01-25T08:28:29+00:00","breadcrumb":{"@id":"https:\/\/rolfsenjuell.com\/fi\/tuote\/elektriskt-vaxeldriv-hwe-61-1\/#breadcrumb"},"inLanguage":"fi","potentialAction":[{"@type":"ReadAction","target":["https:\/\/rolfsenjuell.com\/fi\/tuote\/elektriskt-vaxeldriv-hwe-61-1\/"]}]},{"@type":"ImageObject","inLanguage":"fi","@id":"https:\/\/rolfsenjuell.com\/fi\/tuote\/elektriskt-vaxeldriv-hwe-61-1\/#primaryimage","url":"https:\/\/rolfsenjuell.com\/wp-content\/uploads\/2024\/01\/RolfsenJuell-HWE-61.1.jpg","contentUrl":"https:\/\/rolfsenjuell.com\/wp-content\/uploads\/2024\/01\/RolfsenJuell-HWE-61.1.jpg","width":750,"height":422},{"@type":"BreadcrumbList","@id":"https:\/\/rolfsenjuell.com\/fi\/tuote\/elektriskt-vaxeldriv-hwe-61-1\/#breadcrumb","itemListElement":[{"@type":"ListItem","position":1,"name":"Home","item":"https:\/\/rolfsenjuell.com\/fi\/"},{"@type":"ListItem","position":2,"name":"Butik","item":"https:\/\/rolfsenjuell.com\/butik\/"},{"@type":"ListItem","position":3,"name":"Elektriskt v\u00e4xeldriv HWE 61.1"}]},{"@type":"WebSite","@id":"https:\/\/rolfsenjuell.com\/fi\/#website","url":"https:\/\/rolfsenjuell.com\/fi\/","name":"Rolfsen Juell","description":"St\u00e5l og Jernbane del leverand\u00f8rer i Norge, Sverige, Danmark, Finland","publisher":{"@id":"https:\/\/rolfsenjuell.com\/fi\/#organization"},"potentialAction":[{"@type":"SearchAction","target":{"@type":"EntryPoint","urlTemplate":"https:\/\/rolfsenjuell.com\/fi\/?s={search_term_string}"},"query-input":{"@type":"PropertyValueSpecification","valueRequired":true,"valueName":"search_term_string"}}],"inLanguage":"fi"},{"@type":"Organization","@id":"https:\/\/rolfsenjuell.com\/fi\/#organization","name":"Rolfsen & Juell","url":"https:\/\/rolfsenjuell.com\/fi\/","logo":{"@type":"ImageObject","inLanguage":"fi","@id":"https:\/\/rolfsenjuell.com\/fi\/#\/schema\/logo\/image\/","url":"https:\/\/rolfsenjuell.com\/wp-content\/uploads\/2020\/06\/unnamed-1.jpg","contentUrl":"https:\/\/rolfsenjuell.com\/wp-content\/uploads\/2020\/06\/unnamed-1.jpg","width":500,"height":122,"caption":"Rolfsen & Juell"},"image":{"@id":"https:\/\/rolfsenjuell.com\/fi\/#\/schema\/logo\/image\/"},"sameAs":["https:\/\/www.linkedin.com\/company\/rolfsen-sonn-as\/"]}]}},"jetpack_sharing_enabled":true,"_links":{"self":[{"href":"https:\/\/rolfsenjuell.com\/fi\/wp-json\/wp\/v2\/product\/3036","targetHints":{"allow":["GET"]}}],"collection":[{"href":"https:\/\/rolfsenjuell.com\/fi\/wp-json\/wp\/v2\/product"}],"about":[{"href":"https:\/\/rolfsenjuell.com\/fi\/wp-json\/wp\/v2\/types\/product"}],"replies":[{"embeddable":true,"href":"https:\/\/rolfsenjuell.com\/fi\/wp-json\/wp\/v2\/comments?post=3036"}],"wp:featuredmedia":[{"embeddable":true,"href":"https:\/\/rolfsenjuell.com\/fi\/wp-json\/wp\/v2\/media\/3041"}],"wp:attachment":[{"href":"https:\/\/rolfsenjuell.com\/fi\/wp-json\/wp\/v2\/media?parent=3036"}],"wp:term":[{"taxonomy":"product_brand","embeddable":true,"href":"https:\/\/rolfsenjuell.com\/fi\/wp-json\/wp\/v2\/product_brand?post=3036"},{"taxonomy":"product_cat","embeddable":true,"href":"https:\/\/rolfsenjuell.com\/fi\/wp-json\/wp\/v2\/product_cat?post=3036"},{"taxonomy":"product_tag","embeddable":true,"href":"https:\/\/rolfsenjuell.com\/fi\/wp-json\/wp\/v2\/product_tag?post=3036"}],"curies":[{"name":"wp","href":"https:\/\/api.w.org\/{rel}","templated":true}]}}