{"id":3030,"date":"2024-01-25T09:32:29","date_gmt":"2024-01-25T08:32:29","guid":{"rendered":"https:\/\/rolfsenjuell.com\/product\/elektriskt-vaxeldriv-h715\/"},"modified":"2024-01-25T09:32:29","modified_gmt":"2024-01-25T08:32:29","slug":"elektriskt-vaxeldriv-h715","status":"publish","type":"product","link":"https:\/\/rolfsenjuell.com\/fi\/tuote\/elektriskt-vaxeldriv-h715\/","title":{"rendered":"Elektriskt v\u00e4xeldriv H715"},"content":{"rendered":"","protected":false},"excerpt":{"rendered":"<p>H715 \u00e4r ett nyutvecklat elektriskt v\u00e4xeldriv som l\u00e4mpar sig f\u00f6r anv\u00e4ndning p\u00e5 flera platser. Detta slags v\u00e4xeldriv kan anv\u00e4ndas inom allt fr\u00e5n t\u00e5g- och kollektivtrafik, till godstransporter samt industri- och hamntransporter. H715 kan integreras i alla plattbottnade v\u00e4xlar med varierande tung\u00f6ppning. H715 kan enkelt ers\u00e4tta v\u00e4xeldriv i befintliga system, eftersom detta v\u00e4xeldriv \u00e4r certifierat f\u00f6r att uppfylla SIL 4 enligt CENELEC EN 50129, och har kompatibla mekaniska och elektriska gr\u00e4nssnitt. F\u00f6rdelar med H715:   <\/p>\n<ul>\n<li>Snabbt byte mellan v\u00e4nster- och h\u00f6gerinstallation utan eftermontering av hydraulisk enhet.<\/li>\n<li>Enkel visuell kontroll av l\u00e5s- och \u00f6vervakningsmekanismen.<\/li>\n<li>Det \u00f6ppna gr\u00e4nssnittet g\u00f6r det enkelt att anpassa olika styr- och l\u00e5smekanismer.<\/li>\n<li>Ett hydrauliskt drivsystem ger konstant kraft under hela v\u00e4xeldrivets livsl\u00e4ngd<\/li>\n<li>Trenger lite vedlikehold grunnet sm\u00f8refrie komponenter<\/li>\n<li>Manuell drift med alla typer av vevar m\u00f6jligg\u00f6rs genom en lucka i toppk\u00e5pan.<\/li>\n<li>Kan monteras i en integrerad sliper<\/li>\n<li>S\u00e4kerhetsklass IP54 i enlighet med EN 60529.<\/li>\n<\/ul>\n","protected":false},"featured_media":3031,"comment_status":"closed","ping_status":"closed","template":"","meta":{"_acf_changed":false,"inline_featured_image":false},"product_brand":[],"product_cat":[132],"product_tag":[],"class_list":{"0":"post-3030","1":"product","2":"type-product","3":"status-publish","4":"has-post-thumbnail","6":"product_cat-vaxseldriv-fi","8":"first","9":"instock","10":"shipping-taxable","11":"product-type-simple"},"acf":[],"yoast_head":"<!-- This site is optimized with the Yoast SEO plugin v25.1 - https:\/\/yoast.com\/wordpress\/plugins\/seo\/ -->\n<title>Elektrisk Drivmaskin H715 | Rolfsen &amp; Juell<\/title>\n<meta name=\"robots\" content=\"index, follow, max-snippet:-1, max-image-preview:large, max-video-preview:-1\" \/>\n<link rel=\"canonical\" href=\"https:\/\/rolfsenjuell.com\/fi\/tuote\/elektriskt-vaxeldriv-h715\/\" \/>\n<meta property=\"og:locale\" content=\"fi_FI\" \/>\n<meta property=\"og:type\" content=\"article\" \/>\n<meta property=\"og:title\" content=\"Elektrisk Drivmaskin H715 | Rolfsen &amp; Juell\" \/>\n<meta property=\"og:description\" content=\"H715 \u00e4r ett nyutvecklat elektriskt v\u00e4xeldriv som l\u00e4mpar sig f\u00f6r anv\u00e4ndning p\u00e5 flera platser. Detta slags v\u00e4xeldriv kan anv\u00e4ndas inom allt fr\u00e5n t\u00e5g- och kollektivtrafik, till godstransporter samt industri- och hamntransporter. H715 kan integreras i alla plattbottnade v\u00e4xlar med varierande tung\u00f6ppning. H715 kan enkelt ers\u00e4tta v\u00e4xeldriv i befintliga system, eftersom detta v\u00e4xeldriv \u00e4r certifierat f\u00f6r att uppfylla SIL 4 enligt CENELEC EN 50129, och har kompatibla mekaniska och elektriska gr\u00e4nssnitt. F\u00f6rdelar med H715:    Snabbt byte mellan v\u00e4nster- och h\u00f6gerinstallation utan eftermontering av hydraulisk enhet. Enkel visuell kontroll av l\u00e5s- och \u00f6vervakningsmekanismen. Det \u00f6ppna gr\u00e4nssnittet g\u00f6r det enkelt att anpassa olika styr- och l\u00e5smekanismer. Ett hydrauliskt drivsystem ger konstant kraft under hela v\u00e4xeldrivets livsl\u00e4ngd Trenger lite vedlikehold grunnet sm\u00f8refrie komponenter Manuell drift med alla typer av vevar m\u00f6jligg\u00f6rs genom en lucka i toppk\u00e5pan. Kan monteras i en integrerad sliper S\u00e4kerhetsklass IP54 i enlighet med EN 60529.\" \/>\n<meta property=\"og:url\" content=\"https:\/\/rolfsenjuell.com\/fi\/tuote\/elektriskt-vaxeldriv-h715\/\" \/>\n<meta property=\"og:site_name\" content=\"Rolfsen &amp; Juell\" \/>\n<meta property=\"og:image\" content=\"https:\/\/rolfsenjuell.com\/wp-content\/uploads\/2024\/01\/RolfsenJuell-Elektrisk-H715-1.jpg\" \/>\n\t<meta property=\"og:image:width\" content=\"750\" \/>\n\t<meta property=\"og:image:height\" content=\"512\" \/>\n\t<meta property=\"og:image:type\" content=\"image\/jpeg\" \/>\n<meta name=\"twitter:card\" content=\"summary_large_image\" \/>\n<script type=\"application\/ld+json\" class=\"yoast-schema-graph\">{\"@context\":\"https:\/\/schema.org\",\"@graph\":[{\"@type\":\"WebPage\",\"@id\":\"https:\/\/rolfsenjuell.com\/fi\/tuote\/elektriskt-vaxeldriv-h715\/\",\"url\":\"https:\/\/rolfsenjuell.com\/fi\/tuote\/elektriskt-vaxeldriv-h715\/\",\"name\":\"Elektrisk Drivmaskin H715 | Rolfsen &amp; Juell\",\"isPartOf\":{\"@id\":\"https:\/\/rolfsenjuell.com\/fi\/#website\"},\"primaryImageOfPage\":{\"@id\":\"https:\/\/rolfsenjuell.com\/fi\/tuote\/elektriskt-vaxeldriv-h715\/#primaryimage\"},\"image\":{\"@id\":\"https:\/\/rolfsenjuell.com\/fi\/tuote\/elektriskt-vaxeldriv-h715\/#primaryimage\"},\"thumbnailUrl\":\"https:\/\/rolfsenjuell.com\/wp-content\/uploads\/2024\/01\/RolfsenJuell-Elektrisk-H715-1.jpg\",\"datePublished\":\"2024-01-25T08:32:29+00:00\",\"breadcrumb\":{\"@id\":\"https:\/\/rolfsenjuell.com\/fi\/tuote\/elektriskt-vaxeldriv-h715\/#breadcrumb\"},\"inLanguage\":\"fi\",\"potentialAction\":[{\"@type\":\"ReadAction\",\"target\":[\"https:\/\/rolfsenjuell.com\/fi\/tuote\/elektriskt-vaxeldriv-h715\/\"]}]},{\"@type\":\"ImageObject\",\"inLanguage\":\"fi\",\"@id\":\"https:\/\/rolfsenjuell.com\/fi\/tuote\/elektriskt-vaxeldriv-h715\/#primaryimage\",\"url\":\"https:\/\/rolfsenjuell.com\/wp-content\/uploads\/2024\/01\/RolfsenJuell-Elektrisk-H715-1.jpg\",\"contentUrl\":\"https:\/\/rolfsenjuell.com\/wp-content\/uploads\/2024\/01\/RolfsenJuell-Elektrisk-H715-1.jpg\",\"width\":750,\"height\":512},{\"@type\":\"BreadcrumbList\",\"@id\":\"https:\/\/rolfsenjuell.com\/fi\/tuote\/elektriskt-vaxeldriv-h715\/#breadcrumb\",\"itemListElement\":[{\"@type\":\"ListItem\",\"position\":1,\"name\":\"Home\",\"item\":\"https:\/\/rolfsenjuell.com\/fi\/\"},{\"@type\":\"ListItem\",\"position\":2,\"name\":\"Butik\",\"item\":\"https:\/\/rolfsenjuell.com\/butik\/\"},{\"@type\":\"ListItem\",\"position\":3,\"name\":\"Elektriskt v\u00e4xeldriv H715\"}]},{\"@type\":\"WebSite\",\"@id\":\"https:\/\/rolfsenjuell.com\/fi\/#website\",\"url\":\"https:\/\/rolfsenjuell.com\/fi\/\",\"name\":\"Rolfsen Juell\",\"description\":\"St\u00e5l og Jernbane del leverand\u00f8rer i Norge, Sverige, Danmark, Finland\",\"publisher\":{\"@id\":\"https:\/\/rolfsenjuell.com\/fi\/#organization\"},\"potentialAction\":[{\"@type\":\"SearchAction\",\"target\":{\"@type\":\"EntryPoint\",\"urlTemplate\":\"https:\/\/rolfsenjuell.com\/fi\/?s={search_term_string}\"},\"query-input\":{\"@type\":\"PropertyValueSpecification\",\"valueRequired\":true,\"valueName\":\"search_term_string\"}}],\"inLanguage\":\"fi\"},{\"@type\":\"Organization\",\"@id\":\"https:\/\/rolfsenjuell.com\/fi\/#organization\",\"name\":\"Rolfsen & Juell\",\"url\":\"https:\/\/rolfsenjuell.com\/fi\/\",\"logo\":{\"@type\":\"ImageObject\",\"inLanguage\":\"fi\",\"@id\":\"https:\/\/rolfsenjuell.com\/fi\/#\/schema\/logo\/image\/\",\"url\":\"https:\/\/rolfsenjuell.com\/wp-content\/uploads\/2020\/06\/unnamed-1.jpg\",\"contentUrl\":\"https:\/\/rolfsenjuell.com\/wp-content\/uploads\/2020\/06\/unnamed-1.jpg\",\"width\":500,\"height\":122,\"caption\":\"Rolfsen & Juell\"},\"image\":{\"@id\":\"https:\/\/rolfsenjuell.com\/fi\/#\/schema\/logo\/image\/\"},\"sameAs\":[\"https:\/\/www.linkedin.com\/company\/rolfsen-sonn-as\/\"]}]}<\/script>\n<!-- \/ Yoast SEO plugin. -->","yoast_head_json":{"title":"Elektrisk Drivmaskin H715 | Rolfsen &amp; Juell","robots":{"index":"index","follow":"follow","max-snippet":"max-snippet:-1","max-image-preview":"max-image-preview:large","max-video-preview":"max-video-preview:-1"},"canonical":"https:\/\/rolfsenjuell.com\/fi\/tuote\/elektriskt-vaxeldriv-h715\/","og_locale":"fi_FI","og_type":"article","og_title":"Elektrisk Drivmaskin H715 | Rolfsen &amp; Juell","og_description":"H715 \u00e4r ett nyutvecklat elektriskt v\u00e4xeldriv som l\u00e4mpar sig f\u00f6r anv\u00e4ndning p\u00e5 flera platser. Detta slags v\u00e4xeldriv kan anv\u00e4ndas inom allt fr\u00e5n t\u00e5g- och kollektivtrafik, till godstransporter samt industri- och hamntransporter. H715 kan integreras i alla plattbottnade v\u00e4xlar med varierande tung\u00f6ppning. H715 kan enkelt ers\u00e4tta v\u00e4xeldriv i befintliga system, eftersom detta v\u00e4xeldriv \u00e4r certifierat f\u00f6r att uppfylla SIL 4 enligt CENELEC EN 50129, och har kompatibla mekaniska och elektriska gr\u00e4nssnitt. F\u00f6rdelar med H715:    Snabbt byte mellan v\u00e4nster- och h\u00f6gerinstallation utan eftermontering av hydraulisk enhet. Enkel visuell kontroll av l\u00e5s- och \u00f6vervakningsmekanismen. Det \u00f6ppna gr\u00e4nssnittet g\u00f6r det enkelt att anpassa olika styr- och l\u00e5smekanismer. Ett hydrauliskt drivsystem ger konstant kraft under hela v\u00e4xeldrivets livsl\u00e4ngd Trenger lite vedlikehold grunnet sm\u00f8refrie komponenter Manuell drift med alla typer av vevar m\u00f6jligg\u00f6rs genom en lucka i toppk\u00e5pan. Kan monteras i en integrerad sliper S\u00e4kerhetsklass IP54 i enlighet med EN 60529.","og_url":"https:\/\/rolfsenjuell.com\/fi\/tuote\/elektriskt-vaxeldriv-h715\/","og_site_name":"Rolfsen &amp; Juell","og_image":[{"width":750,"height":512,"url":"https:\/\/rolfsenjuell.com\/wp-content\/uploads\/2024\/01\/RolfsenJuell-Elektrisk-H715-1.jpg","type":"image\/jpeg"}],"twitter_card":"summary_large_image","schema":{"@context":"https:\/\/schema.org","@graph":[{"@type":"WebPage","@id":"https:\/\/rolfsenjuell.com\/fi\/tuote\/elektriskt-vaxeldriv-h715\/","url":"https:\/\/rolfsenjuell.com\/fi\/tuote\/elektriskt-vaxeldriv-h715\/","name":"Elektrisk Drivmaskin H715 | Rolfsen &amp; Juell","isPartOf":{"@id":"https:\/\/rolfsenjuell.com\/fi\/#website"},"primaryImageOfPage":{"@id":"https:\/\/rolfsenjuell.com\/fi\/tuote\/elektriskt-vaxeldriv-h715\/#primaryimage"},"image":{"@id":"https:\/\/rolfsenjuell.com\/fi\/tuote\/elektriskt-vaxeldriv-h715\/#primaryimage"},"thumbnailUrl":"https:\/\/rolfsenjuell.com\/wp-content\/uploads\/2024\/01\/RolfsenJuell-Elektrisk-H715-1.jpg","datePublished":"2024-01-25T08:32:29+00:00","breadcrumb":{"@id":"https:\/\/rolfsenjuell.com\/fi\/tuote\/elektriskt-vaxeldriv-h715\/#breadcrumb"},"inLanguage":"fi","potentialAction":[{"@type":"ReadAction","target":["https:\/\/rolfsenjuell.com\/fi\/tuote\/elektriskt-vaxeldriv-h715\/"]}]},{"@type":"ImageObject","inLanguage":"fi","@id":"https:\/\/rolfsenjuell.com\/fi\/tuote\/elektriskt-vaxeldriv-h715\/#primaryimage","url":"https:\/\/rolfsenjuell.com\/wp-content\/uploads\/2024\/01\/RolfsenJuell-Elektrisk-H715-1.jpg","contentUrl":"https:\/\/rolfsenjuell.com\/wp-content\/uploads\/2024\/01\/RolfsenJuell-Elektrisk-H715-1.jpg","width":750,"height":512},{"@type":"BreadcrumbList","@id":"https:\/\/rolfsenjuell.com\/fi\/tuote\/elektriskt-vaxeldriv-h715\/#breadcrumb","itemListElement":[{"@type":"ListItem","position":1,"name":"Home","item":"https:\/\/rolfsenjuell.com\/fi\/"},{"@type":"ListItem","position":2,"name":"Butik","item":"https:\/\/rolfsenjuell.com\/butik\/"},{"@type":"ListItem","position":3,"name":"Elektriskt v\u00e4xeldriv H715"}]},{"@type":"WebSite","@id":"https:\/\/rolfsenjuell.com\/fi\/#website","url":"https:\/\/rolfsenjuell.com\/fi\/","name":"Rolfsen Juell","description":"St\u00e5l og Jernbane del leverand\u00f8rer i Norge, Sverige, Danmark, Finland","publisher":{"@id":"https:\/\/rolfsenjuell.com\/fi\/#organization"},"potentialAction":[{"@type":"SearchAction","target":{"@type":"EntryPoint","urlTemplate":"https:\/\/rolfsenjuell.com\/fi\/?s={search_term_string}"},"query-input":{"@type":"PropertyValueSpecification","valueRequired":true,"valueName":"search_term_string"}}],"inLanguage":"fi"},{"@type":"Organization","@id":"https:\/\/rolfsenjuell.com\/fi\/#organization","name":"Rolfsen & Juell","url":"https:\/\/rolfsenjuell.com\/fi\/","logo":{"@type":"ImageObject","inLanguage":"fi","@id":"https:\/\/rolfsenjuell.com\/fi\/#\/schema\/logo\/image\/","url":"https:\/\/rolfsenjuell.com\/wp-content\/uploads\/2020\/06\/unnamed-1.jpg","contentUrl":"https:\/\/rolfsenjuell.com\/wp-content\/uploads\/2020\/06\/unnamed-1.jpg","width":500,"height":122,"caption":"Rolfsen & Juell"},"image":{"@id":"https:\/\/rolfsenjuell.com\/fi\/#\/schema\/logo\/image\/"},"sameAs":["https:\/\/www.linkedin.com\/company\/rolfsen-sonn-as\/"]}]}},"jetpack_sharing_enabled":true,"_links":{"self":[{"href":"https:\/\/rolfsenjuell.com\/fi\/wp-json\/wp\/v2\/product\/3030","targetHints":{"allow":["GET"]}}],"collection":[{"href":"https:\/\/rolfsenjuell.com\/fi\/wp-json\/wp\/v2\/product"}],"about":[{"href":"https:\/\/rolfsenjuell.com\/fi\/wp-json\/wp\/v2\/types\/product"}],"replies":[{"embeddable":true,"href":"https:\/\/rolfsenjuell.com\/fi\/wp-json\/wp\/v2\/comments?post=3030"}],"wp:featuredmedia":[{"embeddable":true,"href":"https:\/\/rolfsenjuell.com\/fi\/wp-json\/wp\/v2\/media\/3031"}],"wp:attachment":[{"href":"https:\/\/rolfsenjuell.com\/fi\/wp-json\/wp\/v2\/media?parent=3030"}],"wp:term":[{"taxonomy":"product_brand","embeddable":true,"href":"https:\/\/rolfsenjuell.com\/fi\/wp-json\/wp\/v2\/product_brand?post=3030"},{"taxonomy":"product_cat","embeddable":true,"href":"https:\/\/rolfsenjuell.com\/fi\/wp-json\/wp\/v2\/product_cat?post=3030"},{"taxonomy":"product_tag","embeddable":true,"href":"https:\/\/rolfsenjuell.com\/fi\/wp-json\/wp\/v2\/product_tag?post=3030"}],"curies":[{"name":"wp","href":"https:\/\/api.w.org\/{rel}","templated":true}]}}