{"id":3024,"date":"2024-01-25T09:45:15","date_gmt":"2024-01-25T08:45:15","guid":{"rendered":"https:\/\/rolfsenjuell.com\/product\/elektriskt-vaxeldriv-depa-hwe-500\/"},"modified":"2024-01-25T09:45:15","modified_gmt":"2024-01-25T08:45:15","slug":"elektriskt-vaxeldriv-depa-hwe-500","status":"publish","type":"product","link":"https:\/\/rolfsenjuell.com\/fi\/tuote\/elektriskt-vaxeldriv-depa-hwe-500\/","title":{"rendered":"Elektriskt v\u00e4xeldriv dep\u00e5 HWE 500"},"content":{"rendered":"","protected":false},"excerpt":{"rendered":"<p>HWE 500 \u00e4r ett kompakt v\u00e4xeldriv som \u00e4r idealiskt f\u00f6r anv\u00e4ndning i dep\u00e5er och parkeringsomr\u00e5den. V\u00e4xeldrivet kan drivas elektrohydrauliskt eller elektromagnetiskt, och kan installeras b\u00e5de mellan sp\u00e5ret och p\u00e5 sidan av sp\u00e5ret. F\u00f6rdelar med 500-serien: <\/p>\n<ul>\n<li>S\u00e4kerhetsklass IP67 i enlighet med EN 60529<\/li>\n<li>Ingen genomf\u00f6ring f\u00f6r drivst\u00e5ng eller gummib\u00e4lg<\/li>\n<li>Kompakt design<\/li>\n<li>Korrosionsskydd p\u00e5 alla produkter<\/li>\n<li>Kan enkelt l\u00e4ggas om manuellt<\/li>\n<li>Justerbar tryckfj\u00e4dermontering<\/li>\n<li>Certifierad f\u00f6r att uppfylla SIL 2 i enlighet med CENELEC EN 50129<\/li>\n<\/ul>\n","protected":false},"featured_media":3025,"comment_status":"closed","ping_status":"closed","template":"","meta":{"_acf_changed":false,"inline_featured_image":false},"product_brand":[],"product_cat":[132],"product_tag":[],"class_list":{"0":"post-3024","1":"product","2":"type-product","3":"status-publish","4":"has-post-thumbnail","6":"product_cat-vaxseldriv-fi","8":"first","9":"instock","10":"shipping-taxable","11":"product-type-simple"},"acf":[],"yoast_head":"<!-- This site is optimized with the Yoast SEO plugin v25.1 - https:\/\/yoast.com\/wordpress\/plugins\/seo\/ -->\n<title>Elektriskt V\u00e4xeldriv Dep\u00e5 HWE500 | Rolfsen &amp; Juell<\/title>\n<meta name=\"robots\" content=\"index, follow, max-snippet:-1, max-image-preview:large, max-video-preview:-1\" \/>\n<link rel=\"canonical\" href=\"https:\/\/rolfsenjuell.com\/fi\/tuote\/elektriskt-vaxeldriv-depa-hwe-500\/\" \/>\n<meta property=\"og:locale\" content=\"fi_FI\" \/>\n<meta property=\"og:type\" content=\"article\" \/>\n<meta property=\"og:title\" content=\"Elektriskt V\u00e4xeldriv Dep\u00e5 HWE500 | Rolfsen &amp; Juell\" \/>\n<meta property=\"og:description\" content=\"HWE 500 \u00e4r ett kompakt v\u00e4xeldriv som \u00e4r idealiskt f\u00f6r anv\u00e4ndning i dep\u00e5er och parkeringsomr\u00e5den. V\u00e4xeldrivet kan drivas elektrohydrauliskt eller elektromagnetiskt, och kan installeras b\u00e5de mellan sp\u00e5ret och p\u00e5 sidan av sp\u00e5ret. F\u00f6rdelar med 500-serien:   S\u00e4kerhetsklass IP67 i enlighet med EN 60529 Ingen genomf\u00f6ring f\u00f6r drivst\u00e5ng eller gummib\u00e4lg Kompakt design Korrosionsskydd p\u00e5 alla produkter Kan enkelt l\u00e4ggas om manuellt Justerbar tryckfj\u00e4dermontering Certifierad f\u00f6r att uppfylla SIL 2 i enlighet med CENELEC EN 50129\" \/>\n<meta property=\"og:url\" content=\"https:\/\/rolfsenjuell.com\/fi\/tuote\/elektriskt-vaxeldriv-depa-hwe-500\/\" \/>\n<meta property=\"og:site_name\" content=\"Rolfsen &amp; Juell\" \/>\n<meta property=\"og:image\" content=\"https:\/\/rolfsenjuell.com\/wp-content\/uploads\/2024\/01\/RolfsenJuell-Elektrisk-HWE-500-1.jpg\" \/>\n\t<meta property=\"og:image:width\" content=\"750\" \/>\n\t<meta property=\"og:image:height\" content=\"422\" \/>\n\t<meta property=\"og:image:type\" content=\"image\/jpeg\" \/>\n<meta name=\"twitter:card\" content=\"summary_large_image\" \/>\n<script type=\"application\/ld+json\" class=\"yoast-schema-graph\">{\"@context\":\"https:\/\/schema.org\",\"@graph\":[{\"@type\":\"WebPage\",\"@id\":\"https:\/\/rolfsenjuell.com\/fi\/tuote\/elektriskt-vaxeldriv-depa-hwe-500\/\",\"url\":\"https:\/\/rolfsenjuell.com\/fi\/tuote\/elektriskt-vaxeldriv-depa-hwe-500\/\",\"name\":\"Elektriskt V\u00e4xeldriv Dep\u00e5 HWE500 | Rolfsen &amp; Juell\",\"isPartOf\":{\"@id\":\"https:\/\/rolfsenjuell.com\/fi\/#website\"},\"primaryImageOfPage\":{\"@id\":\"https:\/\/rolfsenjuell.com\/fi\/tuote\/elektriskt-vaxeldriv-depa-hwe-500\/#primaryimage\"},\"image\":{\"@id\":\"https:\/\/rolfsenjuell.com\/fi\/tuote\/elektriskt-vaxeldriv-depa-hwe-500\/#primaryimage\"},\"thumbnailUrl\":\"https:\/\/rolfsenjuell.com\/wp-content\/uploads\/2024\/01\/RolfsenJuell-Elektrisk-HWE-500-1.jpg\",\"datePublished\":\"2024-01-25T08:45:15+00:00\",\"breadcrumb\":{\"@id\":\"https:\/\/rolfsenjuell.com\/fi\/tuote\/elektriskt-vaxeldriv-depa-hwe-500\/#breadcrumb\"},\"inLanguage\":\"fi\",\"potentialAction\":[{\"@type\":\"ReadAction\",\"target\":[\"https:\/\/rolfsenjuell.com\/fi\/tuote\/elektriskt-vaxeldriv-depa-hwe-500\/\"]}]},{\"@type\":\"ImageObject\",\"inLanguage\":\"fi\",\"@id\":\"https:\/\/rolfsenjuell.com\/fi\/tuote\/elektriskt-vaxeldriv-depa-hwe-500\/#primaryimage\",\"url\":\"https:\/\/rolfsenjuell.com\/wp-content\/uploads\/2024\/01\/RolfsenJuell-Elektrisk-HWE-500-1.jpg\",\"contentUrl\":\"https:\/\/rolfsenjuell.com\/wp-content\/uploads\/2024\/01\/RolfsenJuell-Elektrisk-HWE-500-1.jpg\",\"width\":750,\"height\":422},{\"@type\":\"BreadcrumbList\",\"@id\":\"https:\/\/rolfsenjuell.com\/fi\/tuote\/elektriskt-vaxeldriv-depa-hwe-500\/#breadcrumb\",\"itemListElement\":[{\"@type\":\"ListItem\",\"position\":1,\"name\":\"Home\",\"item\":\"https:\/\/rolfsenjuell.com\/fi\/\"},{\"@type\":\"ListItem\",\"position\":2,\"name\":\"Butik\",\"item\":\"https:\/\/rolfsenjuell.com\/butik\/\"},{\"@type\":\"ListItem\",\"position\":3,\"name\":\"Elektriskt v\u00e4xeldriv dep\u00e5 HWE 500\"}]},{\"@type\":\"WebSite\",\"@id\":\"https:\/\/rolfsenjuell.com\/fi\/#website\",\"url\":\"https:\/\/rolfsenjuell.com\/fi\/\",\"name\":\"Rolfsen Juell\",\"description\":\"St\u00e5l og Jernbane del leverand\u00f8rer i Norge, Sverige, Danmark, Finland\",\"publisher\":{\"@id\":\"https:\/\/rolfsenjuell.com\/fi\/#organization\"},\"potentialAction\":[{\"@type\":\"SearchAction\",\"target\":{\"@type\":\"EntryPoint\",\"urlTemplate\":\"https:\/\/rolfsenjuell.com\/fi\/?s={search_term_string}\"},\"query-input\":{\"@type\":\"PropertyValueSpecification\",\"valueRequired\":true,\"valueName\":\"search_term_string\"}}],\"inLanguage\":\"fi\"},{\"@type\":\"Organization\",\"@id\":\"https:\/\/rolfsenjuell.com\/fi\/#organization\",\"name\":\"Rolfsen & Juell\",\"url\":\"https:\/\/rolfsenjuell.com\/fi\/\",\"logo\":{\"@type\":\"ImageObject\",\"inLanguage\":\"fi\",\"@id\":\"https:\/\/rolfsenjuell.com\/fi\/#\/schema\/logo\/image\/\",\"url\":\"https:\/\/rolfsenjuell.com\/wp-content\/uploads\/2020\/06\/unnamed-1.jpg\",\"contentUrl\":\"https:\/\/rolfsenjuell.com\/wp-content\/uploads\/2020\/06\/unnamed-1.jpg\",\"width\":500,\"height\":122,\"caption\":\"Rolfsen & Juell\"},\"image\":{\"@id\":\"https:\/\/rolfsenjuell.com\/fi\/#\/schema\/logo\/image\/\"},\"sameAs\":[\"https:\/\/www.linkedin.com\/company\/rolfsen-sonn-as\/\"]}]}<\/script>\n<!-- \/ Yoast SEO plugin. -->","yoast_head_json":{"title":"Elektriskt V\u00e4xeldriv Dep\u00e5 HWE500 | Rolfsen &amp; Juell","robots":{"index":"index","follow":"follow","max-snippet":"max-snippet:-1","max-image-preview":"max-image-preview:large","max-video-preview":"max-video-preview:-1"},"canonical":"https:\/\/rolfsenjuell.com\/fi\/tuote\/elektriskt-vaxeldriv-depa-hwe-500\/","og_locale":"fi_FI","og_type":"article","og_title":"Elektriskt V\u00e4xeldriv Dep\u00e5 HWE500 | Rolfsen &amp; Juell","og_description":"HWE 500 \u00e4r ett kompakt v\u00e4xeldriv som \u00e4r idealiskt f\u00f6r anv\u00e4ndning i dep\u00e5er och parkeringsomr\u00e5den. V\u00e4xeldrivet kan drivas elektrohydrauliskt eller elektromagnetiskt, och kan installeras b\u00e5de mellan sp\u00e5ret och p\u00e5 sidan av sp\u00e5ret. F\u00f6rdelar med 500-serien:   S\u00e4kerhetsklass IP67 i enlighet med EN 60529 Ingen genomf\u00f6ring f\u00f6r drivst\u00e5ng eller gummib\u00e4lg Kompakt design Korrosionsskydd p\u00e5 alla produkter Kan enkelt l\u00e4ggas om manuellt Justerbar tryckfj\u00e4dermontering Certifierad f\u00f6r att uppfylla SIL 2 i enlighet med CENELEC EN 50129","og_url":"https:\/\/rolfsenjuell.com\/fi\/tuote\/elektriskt-vaxeldriv-depa-hwe-500\/","og_site_name":"Rolfsen &amp; Juell","og_image":[{"width":750,"height":422,"url":"https:\/\/rolfsenjuell.com\/wp-content\/uploads\/2024\/01\/RolfsenJuell-Elektrisk-HWE-500-1.jpg","type":"image\/jpeg"}],"twitter_card":"summary_large_image","schema":{"@context":"https:\/\/schema.org","@graph":[{"@type":"WebPage","@id":"https:\/\/rolfsenjuell.com\/fi\/tuote\/elektriskt-vaxeldriv-depa-hwe-500\/","url":"https:\/\/rolfsenjuell.com\/fi\/tuote\/elektriskt-vaxeldriv-depa-hwe-500\/","name":"Elektriskt V\u00e4xeldriv Dep\u00e5 HWE500 | Rolfsen &amp; Juell","isPartOf":{"@id":"https:\/\/rolfsenjuell.com\/fi\/#website"},"primaryImageOfPage":{"@id":"https:\/\/rolfsenjuell.com\/fi\/tuote\/elektriskt-vaxeldriv-depa-hwe-500\/#primaryimage"},"image":{"@id":"https:\/\/rolfsenjuell.com\/fi\/tuote\/elektriskt-vaxeldriv-depa-hwe-500\/#primaryimage"},"thumbnailUrl":"https:\/\/rolfsenjuell.com\/wp-content\/uploads\/2024\/01\/RolfsenJuell-Elektrisk-HWE-500-1.jpg","datePublished":"2024-01-25T08:45:15+00:00","breadcrumb":{"@id":"https:\/\/rolfsenjuell.com\/fi\/tuote\/elektriskt-vaxeldriv-depa-hwe-500\/#breadcrumb"},"inLanguage":"fi","potentialAction":[{"@type":"ReadAction","target":["https:\/\/rolfsenjuell.com\/fi\/tuote\/elektriskt-vaxeldriv-depa-hwe-500\/"]}]},{"@type":"ImageObject","inLanguage":"fi","@id":"https:\/\/rolfsenjuell.com\/fi\/tuote\/elektriskt-vaxeldriv-depa-hwe-500\/#primaryimage","url":"https:\/\/rolfsenjuell.com\/wp-content\/uploads\/2024\/01\/RolfsenJuell-Elektrisk-HWE-500-1.jpg","contentUrl":"https:\/\/rolfsenjuell.com\/wp-content\/uploads\/2024\/01\/RolfsenJuell-Elektrisk-HWE-500-1.jpg","width":750,"height":422},{"@type":"BreadcrumbList","@id":"https:\/\/rolfsenjuell.com\/fi\/tuote\/elektriskt-vaxeldriv-depa-hwe-500\/#breadcrumb","itemListElement":[{"@type":"ListItem","position":1,"name":"Home","item":"https:\/\/rolfsenjuell.com\/fi\/"},{"@type":"ListItem","position":2,"name":"Butik","item":"https:\/\/rolfsenjuell.com\/butik\/"},{"@type":"ListItem","position":3,"name":"Elektriskt v\u00e4xeldriv dep\u00e5 HWE 500"}]},{"@type":"WebSite","@id":"https:\/\/rolfsenjuell.com\/fi\/#website","url":"https:\/\/rolfsenjuell.com\/fi\/","name":"Rolfsen Juell","description":"St\u00e5l og Jernbane del leverand\u00f8rer i Norge, Sverige, Danmark, Finland","publisher":{"@id":"https:\/\/rolfsenjuell.com\/fi\/#organization"},"potentialAction":[{"@type":"SearchAction","target":{"@type":"EntryPoint","urlTemplate":"https:\/\/rolfsenjuell.com\/fi\/?s={search_term_string}"},"query-input":{"@type":"PropertyValueSpecification","valueRequired":true,"valueName":"search_term_string"}}],"inLanguage":"fi"},{"@type":"Organization","@id":"https:\/\/rolfsenjuell.com\/fi\/#organization","name":"Rolfsen & Juell","url":"https:\/\/rolfsenjuell.com\/fi\/","logo":{"@type":"ImageObject","inLanguage":"fi","@id":"https:\/\/rolfsenjuell.com\/fi\/#\/schema\/logo\/image\/","url":"https:\/\/rolfsenjuell.com\/wp-content\/uploads\/2020\/06\/unnamed-1.jpg","contentUrl":"https:\/\/rolfsenjuell.com\/wp-content\/uploads\/2020\/06\/unnamed-1.jpg","width":500,"height":122,"caption":"Rolfsen & Juell"},"image":{"@id":"https:\/\/rolfsenjuell.com\/fi\/#\/schema\/logo\/image\/"},"sameAs":["https:\/\/www.linkedin.com\/company\/rolfsen-sonn-as\/"]}]}},"jetpack_sharing_enabled":true,"_links":{"self":[{"href":"https:\/\/rolfsenjuell.com\/fi\/wp-json\/wp\/v2\/product\/3024","targetHints":{"allow":["GET"]}}],"collection":[{"href":"https:\/\/rolfsenjuell.com\/fi\/wp-json\/wp\/v2\/product"}],"about":[{"href":"https:\/\/rolfsenjuell.com\/fi\/wp-json\/wp\/v2\/types\/product"}],"replies":[{"embeddable":true,"href":"https:\/\/rolfsenjuell.com\/fi\/wp-json\/wp\/v2\/comments?post=3024"}],"wp:featuredmedia":[{"embeddable":true,"href":"https:\/\/rolfsenjuell.com\/fi\/wp-json\/wp\/v2\/media\/3025"}],"wp:attachment":[{"href":"https:\/\/rolfsenjuell.com\/fi\/wp-json\/wp\/v2\/media?parent=3024"}],"wp:term":[{"taxonomy":"product_brand","embeddable":true,"href":"https:\/\/rolfsenjuell.com\/fi\/wp-json\/wp\/v2\/product_brand?post=3024"},{"taxonomy":"product_cat","embeddable":true,"href":"https:\/\/rolfsenjuell.com\/fi\/wp-json\/wp\/v2\/product_cat?post=3024"},{"taxonomy":"product_tag","embeddable":true,"href":"https:\/\/rolfsenjuell.com\/fi\/wp-json\/wp\/v2\/product_tag?post=3024"}],"curies":[{"name":"wp","href":"https:\/\/api.w.org\/{rel}","templated":true}]}}