{"id":3020,"date":"2024-01-25T13:38:56","date_gmt":"2024-01-25T12:38:56","guid":{"rendered":"https:\/\/rolfsenjuell.com\/product\/manuellt-vaxeldriv-hwu-42-2\/"},"modified":"2024-01-25T13:38:56","modified_gmt":"2024-01-25T12:38:56","slug":"manuellt-vaxeldriv-hwu-42-2","status":"publish","type":"product","link":"https:\/\/rolfsenjuell.com\/fi\/tuote\/manuellt-vaxeldriv-hwu-42-2\/","title":{"rendered":"Manuellt v\u00e4xeldriv HWU 42"},"content":{"rendered":"","protected":false},"excerpt":{"rendered":"<p>HWU 40 \u00e4r ett manuellt v\u00e4xeldriv i 40-serien med distinkt design och robust teknik. 40-serien \u00e4r en f\u00f6rdelaktig l\u00f6sning f\u00f6r uppk\u00f6rda och l\u00e5sta v\u00e4xlar som s\u00e4llan \u00e5terst\u00e4lls. F\u00f6rdelar med HWU 40: <\/p>\n<ul>\n<li>Robust teknik<\/li>\n<li>Kompakt design<\/li>\n<li>Kompatibel med de flesta v\u00e4xlar, \u00f6ppningar och m\u00e5tt<\/li>\n<li>Manuell justering \u00e4r m\u00f6jlig med l\u00e5gt kraftbehov, helt mekaniskt<\/li>\n<li>Redundant, progressivt justerbar fj\u00e4dermontering f\u00f6r s\u00e4ker positionering av v\u00e4xeltungan<\/li>\n<li>\u00c4ndl\u00e4gesd\u00e4mpning f\u00f6r minskat buller<\/li>\n<li>Kan implementeras i andra tillverkares vattenavledare<\/li>\n<\/ul>\n","protected":false},"featured_media":3021,"comment_status":"closed","ping_status":"closed","template":"","meta":{"_acf_changed":false,"inline_featured_image":false},"product_brand":[],"product_cat":[132],"product_tag":[],"class_list":{"0":"post-3020","1":"product","2":"type-product","3":"status-publish","4":"has-post-thumbnail","6":"product_cat-vaxseldriv-fi","8":"first","9":"instock","10":"shipping-taxable","11":"product-type-simple"},"acf":[],"yoast_head":"<!-- This site is optimized with the Yoast SEO plugin v25.1 - https:\/\/yoast.com\/wordpress\/plugins\/seo\/ -->\n<title>Manuell Drivmaskin HWU40 | Rolfsen &amp; Juell<\/title>\n<meta name=\"robots\" content=\"index, follow, max-snippet:-1, max-image-preview:large, max-video-preview:-1\" \/>\n<link rel=\"canonical\" href=\"https:\/\/rolfsenjuell.com\/fi\/tuote\/manuellt-vaxeldriv-hwu-42-2\/\" \/>\n<meta property=\"og:locale\" content=\"fi_FI\" \/>\n<meta property=\"og:type\" content=\"article\" \/>\n<meta property=\"og:title\" content=\"Manuell Drivmaskin HWU40 | Rolfsen &amp; Juell\" \/>\n<meta property=\"og:description\" content=\"HWU 40 \u00e4r ett manuellt v\u00e4xeldriv i 40-serien med distinkt design och robust teknik. 40-serien \u00e4r en f\u00f6rdelaktig l\u00f6sning f\u00f6r uppk\u00f6rda och l\u00e5sta v\u00e4xlar som s\u00e4llan \u00e5terst\u00e4lls. F\u00f6rdelar med HWU 40:   Robust teknik Kompakt design Kompatibel med de flesta v\u00e4xlar, \u00f6ppningar och m\u00e5tt Manuell justering \u00e4r m\u00f6jlig med l\u00e5gt kraftbehov, helt mekaniskt Redundant, progressivt justerbar fj\u00e4dermontering f\u00f6r s\u00e4ker positionering av v\u00e4xeltungan \u00c4ndl\u00e4gesd\u00e4mpning f\u00f6r minskat buller Kan implementeras i andra tillverkares vattenavledare\" \/>\n<meta property=\"og:url\" content=\"https:\/\/rolfsenjuell.com\/fi\/tuote\/manuellt-vaxeldriv-hwu-42-2\/\" \/>\n<meta property=\"og:site_name\" content=\"Rolfsen &amp; Juell\" \/>\n<meta property=\"og:image\" content=\"https:\/\/rolfsenjuell.com\/wp-content\/uploads\/2024\/01\/RolfsenJuell-Manuell-HWU-40-1.jpg\" \/>\n\t<meta property=\"og:image:width\" content=\"750\" \/>\n\t<meta property=\"og:image:height\" content=\"563\" \/>\n\t<meta property=\"og:image:type\" content=\"image\/jpeg\" \/>\n<meta name=\"twitter:card\" content=\"summary_large_image\" \/>\n<script type=\"application\/ld+json\" class=\"yoast-schema-graph\">{\"@context\":\"https:\/\/schema.org\",\"@graph\":[{\"@type\":\"WebPage\",\"@id\":\"https:\/\/rolfsenjuell.com\/fi\/tuote\/manuellt-vaxeldriv-hwu-42-2\/\",\"url\":\"https:\/\/rolfsenjuell.com\/fi\/tuote\/manuellt-vaxeldriv-hwu-42-2\/\",\"name\":\"Manuell Drivmaskin HWU40 | Rolfsen &amp; Juell\",\"isPartOf\":{\"@id\":\"https:\/\/rolfsenjuell.com\/fi\/#website\"},\"primaryImageOfPage\":{\"@id\":\"https:\/\/rolfsenjuell.com\/fi\/tuote\/manuellt-vaxeldriv-hwu-42-2\/#primaryimage\"},\"image\":{\"@id\":\"https:\/\/rolfsenjuell.com\/fi\/tuote\/manuellt-vaxeldriv-hwu-42-2\/#primaryimage\"},\"thumbnailUrl\":\"https:\/\/rolfsenjuell.com\/wp-content\/uploads\/2024\/01\/RolfsenJuell-Manuell-HWU-40-1.jpg\",\"datePublished\":\"2024-01-25T12:38:56+00:00\",\"breadcrumb\":{\"@id\":\"https:\/\/rolfsenjuell.com\/fi\/tuote\/manuellt-vaxeldriv-hwu-42-2\/#breadcrumb\"},\"inLanguage\":\"fi\",\"potentialAction\":[{\"@type\":\"ReadAction\",\"target\":[\"https:\/\/rolfsenjuell.com\/fi\/tuote\/manuellt-vaxeldriv-hwu-42-2\/\"]}]},{\"@type\":\"ImageObject\",\"inLanguage\":\"fi\",\"@id\":\"https:\/\/rolfsenjuell.com\/fi\/tuote\/manuellt-vaxeldriv-hwu-42-2\/#primaryimage\",\"url\":\"https:\/\/rolfsenjuell.com\/wp-content\/uploads\/2024\/01\/RolfsenJuell-Manuell-HWU-40-1.jpg\",\"contentUrl\":\"https:\/\/rolfsenjuell.com\/wp-content\/uploads\/2024\/01\/RolfsenJuell-Manuell-HWU-40-1.jpg\",\"width\":750,\"height\":563},{\"@type\":\"BreadcrumbList\",\"@id\":\"https:\/\/rolfsenjuell.com\/fi\/tuote\/manuellt-vaxeldriv-hwu-42-2\/#breadcrumb\",\"itemListElement\":[{\"@type\":\"ListItem\",\"position\":1,\"name\":\"Home\",\"item\":\"https:\/\/rolfsenjuell.com\/fi\/\"},{\"@type\":\"ListItem\",\"position\":2,\"name\":\"Butik\",\"item\":\"https:\/\/rolfsenjuell.com\/butik\/\"},{\"@type\":\"ListItem\",\"position\":3,\"name\":\"Manuellt v\u00e4xeldriv HWU 42\"}]},{\"@type\":\"WebSite\",\"@id\":\"https:\/\/rolfsenjuell.com\/fi\/#website\",\"url\":\"https:\/\/rolfsenjuell.com\/fi\/\",\"name\":\"Rolfsen Juell\",\"description\":\"St\u00e5l og Jernbane del leverand\u00f8rer i Norge, Sverige, Danmark, Finland\",\"publisher\":{\"@id\":\"https:\/\/rolfsenjuell.com\/fi\/#organization\"},\"potentialAction\":[{\"@type\":\"SearchAction\",\"target\":{\"@type\":\"EntryPoint\",\"urlTemplate\":\"https:\/\/rolfsenjuell.com\/fi\/?s={search_term_string}\"},\"query-input\":{\"@type\":\"PropertyValueSpecification\",\"valueRequired\":true,\"valueName\":\"search_term_string\"}}],\"inLanguage\":\"fi\"},{\"@type\":\"Organization\",\"@id\":\"https:\/\/rolfsenjuell.com\/fi\/#organization\",\"name\":\"Rolfsen & Juell\",\"url\":\"https:\/\/rolfsenjuell.com\/fi\/\",\"logo\":{\"@type\":\"ImageObject\",\"inLanguage\":\"fi\",\"@id\":\"https:\/\/rolfsenjuell.com\/fi\/#\/schema\/logo\/image\/\",\"url\":\"https:\/\/rolfsenjuell.com\/wp-content\/uploads\/2020\/06\/unnamed-1.jpg\",\"contentUrl\":\"https:\/\/rolfsenjuell.com\/wp-content\/uploads\/2020\/06\/unnamed-1.jpg\",\"width\":500,\"height\":122,\"caption\":\"Rolfsen & Juell\"},\"image\":{\"@id\":\"https:\/\/rolfsenjuell.com\/fi\/#\/schema\/logo\/image\/\"},\"sameAs\":[\"https:\/\/www.linkedin.com\/company\/rolfsen-sonn-as\/\"]}]}<\/script>\n<!-- \/ Yoast SEO plugin. -->","yoast_head_json":{"title":"Manuell Drivmaskin HWU40 | Rolfsen &amp; Juell","robots":{"index":"index","follow":"follow","max-snippet":"max-snippet:-1","max-image-preview":"max-image-preview:large","max-video-preview":"max-video-preview:-1"},"canonical":"https:\/\/rolfsenjuell.com\/fi\/tuote\/manuellt-vaxeldriv-hwu-42-2\/","og_locale":"fi_FI","og_type":"article","og_title":"Manuell Drivmaskin HWU40 | Rolfsen &amp; Juell","og_description":"HWU 40 \u00e4r ett manuellt v\u00e4xeldriv i 40-serien med distinkt design och robust teknik. 40-serien \u00e4r en f\u00f6rdelaktig l\u00f6sning f\u00f6r uppk\u00f6rda och l\u00e5sta v\u00e4xlar som s\u00e4llan \u00e5terst\u00e4lls. F\u00f6rdelar med HWU 40:   Robust teknik Kompakt design Kompatibel med de flesta v\u00e4xlar, \u00f6ppningar och m\u00e5tt Manuell justering \u00e4r m\u00f6jlig med l\u00e5gt kraftbehov, helt mekaniskt Redundant, progressivt justerbar fj\u00e4dermontering f\u00f6r s\u00e4ker positionering av v\u00e4xeltungan \u00c4ndl\u00e4gesd\u00e4mpning f\u00f6r minskat buller Kan implementeras i andra tillverkares vattenavledare","og_url":"https:\/\/rolfsenjuell.com\/fi\/tuote\/manuellt-vaxeldriv-hwu-42-2\/","og_site_name":"Rolfsen &amp; Juell","og_image":[{"width":750,"height":563,"url":"https:\/\/rolfsenjuell.com\/wp-content\/uploads\/2024\/01\/RolfsenJuell-Manuell-HWU-40-1.jpg","type":"image\/jpeg"}],"twitter_card":"summary_large_image","schema":{"@context":"https:\/\/schema.org","@graph":[{"@type":"WebPage","@id":"https:\/\/rolfsenjuell.com\/fi\/tuote\/manuellt-vaxeldriv-hwu-42-2\/","url":"https:\/\/rolfsenjuell.com\/fi\/tuote\/manuellt-vaxeldriv-hwu-42-2\/","name":"Manuell Drivmaskin HWU40 | Rolfsen &amp; Juell","isPartOf":{"@id":"https:\/\/rolfsenjuell.com\/fi\/#website"},"primaryImageOfPage":{"@id":"https:\/\/rolfsenjuell.com\/fi\/tuote\/manuellt-vaxeldriv-hwu-42-2\/#primaryimage"},"image":{"@id":"https:\/\/rolfsenjuell.com\/fi\/tuote\/manuellt-vaxeldriv-hwu-42-2\/#primaryimage"},"thumbnailUrl":"https:\/\/rolfsenjuell.com\/wp-content\/uploads\/2024\/01\/RolfsenJuell-Manuell-HWU-40-1.jpg","datePublished":"2024-01-25T12:38:56+00:00","breadcrumb":{"@id":"https:\/\/rolfsenjuell.com\/fi\/tuote\/manuellt-vaxeldriv-hwu-42-2\/#breadcrumb"},"inLanguage":"fi","potentialAction":[{"@type":"ReadAction","target":["https:\/\/rolfsenjuell.com\/fi\/tuote\/manuellt-vaxeldriv-hwu-42-2\/"]}]},{"@type":"ImageObject","inLanguage":"fi","@id":"https:\/\/rolfsenjuell.com\/fi\/tuote\/manuellt-vaxeldriv-hwu-42-2\/#primaryimage","url":"https:\/\/rolfsenjuell.com\/wp-content\/uploads\/2024\/01\/RolfsenJuell-Manuell-HWU-40-1.jpg","contentUrl":"https:\/\/rolfsenjuell.com\/wp-content\/uploads\/2024\/01\/RolfsenJuell-Manuell-HWU-40-1.jpg","width":750,"height":563},{"@type":"BreadcrumbList","@id":"https:\/\/rolfsenjuell.com\/fi\/tuote\/manuellt-vaxeldriv-hwu-42-2\/#breadcrumb","itemListElement":[{"@type":"ListItem","position":1,"name":"Home","item":"https:\/\/rolfsenjuell.com\/fi\/"},{"@type":"ListItem","position":2,"name":"Butik","item":"https:\/\/rolfsenjuell.com\/butik\/"},{"@type":"ListItem","position":3,"name":"Manuellt v\u00e4xeldriv HWU 42"}]},{"@type":"WebSite","@id":"https:\/\/rolfsenjuell.com\/fi\/#website","url":"https:\/\/rolfsenjuell.com\/fi\/","name":"Rolfsen Juell","description":"St\u00e5l og Jernbane del leverand\u00f8rer i Norge, Sverige, Danmark, Finland","publisher":{"@id":"https:\/\/rolfsenjuell.com\/fi\/#organization"},"potentialAction":[{"@type":"SearchAction","target":{"@type":"EntryPoint","urlTemplate":"https:\/\/rolfsenjuell.com\/fi\/?s={search_term_string}"},"query-input":{"@type":"PropertyValueSpecification","valueRequired":true,"valueName":"search_term_string"}}],"inLanguage":"fi"},{"@type":"Organization","@id":"https:\/\/rolfsenjuell.com\/fi\/#organization","name":"Rolfsen & Juell","url":"https:\/\/rolfsenjuell.com\/fi\/","logo":{"@type":"ImageObject","inLanguage":"fi","@id":"https:\/\/rolfsenjuell.com\/fi\/#\/schema\/logo\/image\/","url":"https:\/\/rolfsenjuell.com\/wp-content\/uploads\/2020\/06\/unnamed-1.jpg","contentUrl":"https:\/\/rolfsenjuell.com\/wp-content\/uploads\/2020\/06\/unnamed-1.jpg","width":500,"height":122,"caption":"Rolfsen & Juell"},"image":{"@id":"https:\/\/rolfsenjuell.com\/fi\/#\/schema\/logo\/image\/"},"sameAs":["https:\/\/www.linkedin.com\/company\/rolfsen-sonn-as\/"]}]}},"jetpack_sharing_enabled":true,"_links":{"self":[{"href":"https:\/\/rolfsenjuell.com\/fi\/wp-json\/wp\/v2\/product\/3020","targetHints":{"allow":["GET"]}}],"collection":[{"href":"https:\/\/rolfsenjuell.com\/fi\/wp-json\/wp\/v2\/product"}],"about":[{"href":"https:\/\/rolfsenjuell.com\/fi\/wp-json\/wp\/v2\/types\/product"}],"replies":[{"embeddable":true,"href":"https:\/\/rolfsenjuell.com\/fi\/wp-json\/wp\/v2\/comments?post=3020"}],"wp:featuredmedia":[{"embeddable":true,"href":"https:\/\/rolfsenjuell.com\/fi\/wp-json\/wp\/v2\/media\/3021"}],"wp:attachment":[{"href":"https:\/\/rolfsenjuell.com\/fi\/wp-json\/wp\/v2\/media?parent=3020"}],"wp:term":[{"taxonomy":"product_brand","embeddable":true,"href":"https:\/\/rolfsenjuell.com\/fi\/wp-json\/wp\/v2\/product_brand?post=3020"},{"taxonomy":"product_cat","embeddable":true,"href":"https:\/\/rolfsenjuell.com\/fi\/wp-json\/wp\/v2\/product_cat?post=3020"},{"taxonomy":"product_tag","embeddable":true,"href":"https:\/\/rolfsenjuell.com\/fi\/wp-json\/wp\/v2\/product_tag?post=3020"}],"curies":[{"name":"wp","href":"https:\/\/api.w.org\/{rel}","templated":true}]}}