{"id":3014,"date":"2024-01-25T13:42:17","date_gmt":"2024-01-25T12:42:17","guid":{"rendered":"https:\/\/rolfsenjuell.com\/product\/manuellt-vaxeldriv-hwu-42\/"},"modified":"2025-12-01T16:12:41","modified_gmt":"2025-12-01T15:12:41","slug":"manuellt-vaxeldriv-hwu-42","status":"publish","type":"product","link":"https:\/\/rolfsenjuell.com\/fi\/tuote\/manuellt-vaxeldriv-hwu-42\/","title":{"rendered":"Manuellt v\u00e4xeldriv HWU 42"},"content":{"rendered":"","protected":false},"excerpt":{"rendered":"<p>Hanning &amp; Kahl har utvecklat ett manuellt v\u00e4xeldriv som \u00e4r uppk\u00f6rbart och kan k\u00f6ras mot spets. Detta \u00e4r ett manuellt v\u00e4xeldriv med l\u00e5g installationsh\u00f6jd. F\u00f6rdelar med HWU 42: <\/p>\n<ul>\n<li>L\u00e5g installationsh\u00f6jd, endast 180 mm<\/li>\n<li>Kan anv\u00e4ndas till de flesta v\u00e4xlar med olika avst\u00e5nd och v\u00e4xel\u00f6ppningar, upp till 60 mm<\/li>\n<li>Manuell oml\u00e4ggning g\u00f6rs i en enda r\u00f6relse med minimal kraft<\/li>\n<li>Justerbar fj\u00e4derkraft s\u00e4krar v\u00e4xeltungan i \u00e4ndl\u00e4get<\/li>\n<li>Justerbar d\u00e4mpning g\u00f6r att v\u00e4xeldrivet g\u00f6r mindre ljud ifr\u00e5n sig och inte uts\u00e4tts f\u00f6r lika stort slitage<\/li>\n<li>Kan monteras i jordl\u00e5dar<\/li>\n<li>Korrosionsskyddade komponenter<\/li>\n<\/ul>\n","protected":false},"featured_media":3018,"comment_status":"closed","ping_status":"closed","template":"","meta":{"_acf_changed":false,"inline_featured_image":false},"product_brand":[],"product_cat":[132],"product_tag":[],"class_list":{"0":"post-3014","1":"product","2":"type-product","3":"status-publish","4":"has-post-thumbnail","6":"product_cat-vaxseldriv-fi","8":"first","9":"instock","10":"shipping-taxable","11":"product-type-simple"},"acf":[],"yoast_head":"<!-- This site is optimized with the Yoast SEO plugin v25.1 - https:\/\/yoast.com\/wordpress\/plugins\/seo\/ -->\n<title>Manuell Drivmaskin HWU42 | Rolfsen &amp; Juell<\/title>\n<meta name=\"robots\" content=\"index, follow, max-snippet:-1, max-image-preview:large, max-video-preview:-1\" \/>\n<link rel=\"canonical\" href=\"https:\/\/rolfsenjuell.com\/fi\/tuote\/manuellt-vaxeldriv-hwu-42\/\" \/>\n<meta property=\"og:locale\" content=\"fi_FI\" \/>\n<meta property=\"og:type\" content=\"article\" \/>\n<meta property=\"og:title\" content=\"Manuell Drivmaskin HWU42 | Rolfsen &amp; Juell\" \/>\n<meta property=\"og:description\" content=\"Hanning &amp; Kahl har utvecklat ett manuellt v\u00e4xeldriv som \u00e4r uppk\u00f6rbart och kan k\u00f6ras mot spets. Detta \u00e4r ett manuellt v\u00e4xeldriv med l\u00e5g installationsh\u00f6jd. F\u00f6rdelar med HWU 42:   L\u00e5g installationsh\u00f6jd, endast 180 mm Kan anv\u00e4ndas till de flesta v\u00e4xlar med olika avst\u00e5nd och v\u00e4xel\u00f6ppningar, upp till 60 mm Manuell oml\u00e4ggning g\u00f6rs i en enda r\u00f6relse med minimal kraft Justerbar fj\u00e4derkraft s\u00e4krar v\u00e4xeltungan i \u00e4ndl\u00e4get Justerbar d\u00e4mpning g\u00f6r att v\u00e4xeldrivet g\u00f6r mindre ljud ifr\u00e5n sig och inte uts\u00e4tts f\u00f6r lika stort slitage Kan monteras i jordl\u00e5dar Korrosionsskyddade komponenter\" \/>\n<meta property=\"og:url\" content=\"https:\/\/rolfsenjuell.com\/fi\/tuote\/manuellt-vaxeldriv-hwu-42\/\" \/>\n<meta property=\"og:site_name\" content=\"Rolfsen &amp; Juell\" \/>\n<meta property=\"article:modified_time\" content=\"2025-12-01T15:12:41+00:00\" \/>\n<meta property=\"og:image\" content=\"https:\/\/rolfsenjuell.com\/wp-content\/uploads\/2024\/01\/RolfsenJuell-Manuell-HWU-42-2.jpg\" \/>\n\t<meta property=\"og:image:width\" content=\"750\" \/>\n\t<meta property=\"og:image:height\" content=\"422\" \/>\n\t<meta property=\"og:image:type\" content=\"image\/jpeg\" \/>\n<meta name=\"twitter:card\" content=\"summary_large_image\" \/>\n<script type=\"application\/ld+json\" class=\"yoast-schema-graph\">{\"@context\":\"https:\/\/schema.org\",\"@graph\":[{\"@type\":\"WebPage\",\"@id\":\"https:\/\/rolfsenjuell.com\/fi\/tuote\/manuellt-vaxeldriv-hwu-42\/\",\"url\":\"https:\/\/rolfsenjuell.com\/fi\/tuote\/manuellt-vaxeldriv-hwu-42\/\",\"name\":\"Manuell Drivmaskin HWU42 | Rolfsen &amp; Juell\",\"isPartOf\":{\"@id\":\"https:\/\/rolfsenjuell.com\/fi\/#website\"},\"primaryImageOfPage\":{\"@id\":\"https:\/\/rolfsenjuell.com\/fi\/tuote\/manuellt-vaxeldriv-hwu-42\/#primaryimage\"},\"image\":{\"@id\":\"https:\/\/rolfsenjuell.com\/fi\/tuote\/manuellt-vaxeldriv-hwu-42\/#primaryimage\"},\"thumbnailUrl\":\"https:\/\/rolfsenjuell.com\/wp-content\/uploads\/2024\/01\/RolfsenJuell-Manuell-HWU-42-2.jpg\",\"datePublished\":\"2024-01-25T12:42:17+00:00\",\"dateModified\":\"2025-12-01T15:12:41+00:00\",\"breadcrumb\":{\"@id\":\"https:\/\/rolfsenjuell.com\/fi\/tuote\/manuellt-vaxeldriv-hwu-42\/#breadcrumb\"},\"inLanguage\":\"fi\",\"potentialAction\":[{\"@type\":\"ReadAction\",\"target\":[\"https:\/\/rolfsenjuell.com\/fi\/tuote\/manuellt-vaxeldriv-hwu-42\/\"]}]},{\"@type\":\"ImageObject\",\"inLanguage\":\"fi\",\"@id\":\"https:\/\/rolfsenjuell.com\/fi\/tuote\/manuellt-vaxeldriv-hwu-42\/#primaryimage\",\"url\":\"https:\/\/rolfsenjuell.com\/wp-content\/uploads\/2024\/01\/RolfsenJuell-Manuell-HWU-42-2.jpg\",\"contentUrl\":\"https:\/\/rolfsenjuell.com\/wp-content\/uploads\/2024\/01\/RolfsenJuell-Manuell-HWU-42-2.jpg\",\"width\":750,\"height\":422},{\"@type\":\"BreadcrumbList\",\"@id\":\"https:\/\/rolfsenjuell.com\/fi\/tuote\/manuellt-vaxeldriv-hwu-42\/#breadcrumb\",\"itemListElement\":[{\"@type\":\"ListItem\",\"position\":1,\"name\":\"Home\",\"item\":\"https:\/\/rolfsenjuell.com\/fi\/\"},{\"@type\":\"ListItem\",\"position\":2,\"name\":\"Butik\",\"item\":\"https:\/\/rolfsenjuell.com\/butik\/\"},{\"@type\":\"ListItem\",\"position\":3,\"name\":\"Manuellt v\u00e4xeldriv HWU 42\"}]},{\"@type\":\"WebSite\",\"@id\":\"https:\/\/rolfsenjuell.com\/fi\/#website\",\"url\":\"https:\/\/rolfsenjuell.com\/fi\/\",\"name\":\"Rolfsen Juell\",\"description\":\"St\u00e5l og Jernbane del leverand\u00f8rer i Norge, Sverige, Danmark, Finland\",\"publisher\":{\"@id\":\"https:\/\/rolfsenjuell.com\/fi\/#organization\"},\"potentialAction\":[{\"@type\":\"SearchAction\",\"target\":{\"@type\":\"EntryPoint\",\"urlTemplate\":\"https:\/\/rolfsenjuell.com\/fi\/?s={search_term_string}\"},\"query-input\":{\"@type\":\"PropertyValueSpecification\",\"valueRequired\":true,\"valueName\":\"search_term_string\"}}],\"inLanguage\":\"fi\"},{\"@type\":\"Organization\",\"@id\":\"https:\/\/rolfsenjuell.com\/fi\/#organization\",\"name\":\"Rolfsen & Juell\",\"url\":\"https:\/\/rolfsenjuell.com\/fi\/\",\"logo\":{\"@type\":\"ImageObject\",\"inLanguage\":\"fi\",\"@id\":\"https:\/\/rolfsenjuell.com\/fi\/#\/schema\/logo\/image\/\",\"url\":\"https:\/\/rolfsenjuell.com\/wp-content\/uploads\/2020\/06\/unnamed-1.jpg\",\"contentUrl\":\"https:\/\/rolfsenjuell.com\/wp-content\/uploads\/2020\/06\/unnamed-1.jpg\",\"width\":500,\"height\":122,\"caption\":\"Rolfsen & Juell\"},\"image\":{\"@id\":\"https:\/\/rolfsenjuell.com\/fi\/#\/schema\/logo\/image\/\"},\"sameAs\":[\"https:\/\/www.linkedin.com\/company\/rolfsen-sonn-as\/\"]}]}<\/script>\n<!-- \/ Yoast SEO plugin. -->","yoast_head_json":{"title":"Manuell Drivmaskin HWU42 | Rolfsen &amp; Juell","robots":{"index":"index","follow":"follow","max-snippet":"max-snippet:-1","max-image-preview":"max-image-preview:large","max-video-preview":"max-video-preview:-1"},"canonical":"https:\/\/rolfsenjuell.com\/fi\/tuote\/manuellt-vaxeldriv-hwu-42\/","og_locale":"fi_FI","og_type":"article","og_title":"Manuell Drivmaskin HWU42 | Rolfsen &amp; Juell","og_description":"Hanning &amp; Kahl har utvecklat ett manuellt v\u00e4xeldriv som \u00e4r uppk\u00f6rbart och kan k\u00f6ras mot spets. Detta \u00e4r ett manuellt v\u00e4xeldriv med l\u00e5g installationsh\u00f6jd. F\u00f6rdelar med HWU 42:   L\u00e5g installationsh\u00f6jd, endast 180 mm Kan anv\u00e4ndas till de flesta v\u00e4xlar med olika avst\u00e5nd och v\u00e4xel\u00f6ppningar, upp till 60 mm Manuell oml\u00e4ggning g\u00f6rs i en enda r\u00f6relse med minimal kraft Justerbar fj\u00e4derkraft s\u00e4krar v\u00e4xeltungan i \u00e4ndl\u00e4get Justerbar d\u00e4mpning g\u00f6r att v\u00e4xeldrivet g\u00f6r mindre ljud ifr\u00e5n sig och inte uts\u00e4tts f\u00f6r lika stort slitage Kan monteras i jordl\u00e5dar Korrosionsskyddade komponenter","og_url":"https:\/\/rolfsenjuell.com\/fi\/tuote\/manuellt-vaxeldriv-hwu-42\/","og_site_name":"Rolfsen &amp; Juell","article_modified_time":"2025-12-01T15:12:41+00:00","og_image":[{"width":750,"height":422,"url":"https:\/\/rolfsenjuell.com\/wp-content\/uploads\/2024\/01\/RolfsenJuell-Manuell-HWU-42-2.jpg","type":"image\/jpeg"}],"twitter_card":"summary_large_image","schema":{"@context":"https:\/\/schema.org","@graph":[{"@type":"WebPage","@id":"https:\/\/rolfsenjuell.com\/fi\/tuote\/manuellt-vaxeldriv-hwu-42\/","url":"https:\/\/rolfsenjuell.com\/fi\/tuote\/manuellt-vaxeldriv-hwu-42\/","name":"Manuell Drivmaskin HWU42 | Rolfsen &amp; Juell","isPartOf":{"@id":"https:\/\/rolfsenjuell.com\/fi\/#website"},"primaryImageOfPage":{"@id":"https:\/\/rolfsenjuell.com\/fi\/tuote\/manuellt-vaxeldriv-hwu-42\/#primaryimage"},"image":{"@id":"https:\/\/rolfsenjuell.com\/fi\/tuote\/manuellt-vaxeldriv-hwu-42\/#primaryimage"},"thumbnailUrl":"https:\/\/rolfsenjuell.com\/wp-content\/uploads\/2024\/01\/RolfsenJuell-Manuell-HWU-42-2.jpg","datePublished":"2024-01-25T12:42:17+00:00","dateModified":"2025-12-01T15:12:41+00:00","breadcrumb":{"@id":"https:\/\/rolfsenjuell.com\/fi\/tuote\/manuellt-vaxeldriv-hwu-42\/#breadcrumb"},"inLanguage":"fi","potentialAction":[{"@type":"ReadAction","target":["https:\/\/rolfsenjuell.com\/fi\/tuote\/manuellt-vaxeldriv-hwu-42\/"]}]},{"@type":"ImageObject","inLanguage":"fi","@id":"https:\/\/rolfsenjuell.com\/fi\/tuote\/manuellt-vaxeldriv-hwu-42\/#primaryimage","url":"https:\/\/rolfsenjuell.com\/wp-content\/uploads\/2024\/01\/RolfsenJuell-Manuell-HWU-42-2.jpg","contentUrl":"https:\/\/rolfsenjuell.com\/wp-content\/uploads\/2024\/01\/RolfsenJuell-Manuell-HWU-42-2.jpg","width":750,"height":422},{"@type":"BreadcrumbList","@id":"https:\/\/rolfsenjuell.com\/fi\/tuote\/manuellt-vaxeldriv-hwu-42\/#breadcrumb","itemListElement":[{"@type":"ListItem","position":1,"name":"Home","item":"https:\/\/rolfsenjuell.com\/fi\/"},{"@type":"ListItem","position":2,"name":"Butik","item":"https:\/\/rolfsenjuell.com\/butik\/"},{"@type":"ListItem","position":3,"name":"Manuellt v\u00e4xeldriv HWU 42"}]},{"@type":"WebSite","@id":"https:\/\/rolfsenjuell.com\/fi\/#website","url":"https:\/\/rolfsenjuell.com\/fi\/","name":"Rolfsen Juell","description":"St\u00e5l og Jernbane del leverand\u00f8rer i Norge, Sverige, Danmark, Finland","publisher":{"@id":"https:\/\/rolfsenjuell.com\/fi\/#organization"},"potentialAction":[{"@type":"SearchAction","target":{"@type":"EntryPoint","urlTemplate":"https:\/\/rolfsenjuell.com\/fi\/?s={search_term_string}"},"query-input":{"@type":"PropertyValueSpecification","valueRequired":true,"valueName":"search_term_string"}}],"inLanguage":"fi"},{"@type":"Organization","@id":"https:\/\/rolfsenjuell.com\/fi\/#organization","name":"Rolfsen & Juell","url":"https:\/\/rolfsenjuell.com\/fi\/","logo":{"@type":"ImageObject","inLanguage":"fi","@id":"https:\/\/rolfsenjuell.com\/fi\/#\/schema\/logo\/image\/","url":"https:\/\/rolfsenjuell.com\/wp-content\/uploads\/2020\/06\/unnamed-1.jpg","contentUrl":"https:\/\/rolfsenjuell.com\/wp-content\/uploads\/2020\/06\/unnamed-1.jpg","width":500,"height":122,"caption":"Rolfsen & Juell"},"image":{"@id":"https:\/\/rolfsenjuell.com\/fi\/#\/schema\/logo\/image\/"},"sameAs":["https:\/\/www.linkedin.com\/company\/rolfsen-sonn-as\/"]}]}},"jetpack_sharing_enabled":true,"_links":{"self":[{"href":"https:\/\/rolfsenjuell.com\/fi\/wp-json\/wp\/v2\/product\/3014","targetHints":{"allow":["GET"]}}],"collection":[{"href":"https:\/\/rolfsenjuell.com\/fi\/wp-json\/wp\/v2\/product"}],"about":[{"href":"https:\/\/rolfsenjuell.com\/fi\/wp-json\/wp\/v2\/types\/product"}],"replies":[{"embeddable":true,"href":"https:\/\/rolfsenjuell.com\/fi\/wp-json\/wp\/v2\/comments?post=3014"}],"wp:featuredmedia":[{"embeddable":true,"href":"https:\/\/rolfsenjuell.com\/fi\/wp-json\/wp\/v2\/media\/3018"}],"wp:attachment":[{"href":"https:\/\/rolfsenjuell.com\/fi\/wp-json\/wp\/v2\/media?parent=3014"}],"wp:term":[{"taxonomy":"product_brand","embeddable":true,"href":"https:\/\/rolfsenjuell.com\/fi\/wp-json\/wp\/v2\/product_brand?post=3014"},{"taxonomy":"product_cat","embeddable":true,"href":"https:\/\/rolfsenjuell.com\/fi\/wp-json\/wp\/v2\/product_cat?post=3014"},{"taxonomy":"product_tag","embeddable":true,"href":"https:\/\/rolfsenjuell.com\/fi\/wp-json\/wp\/v2\/product_tag?post=3014"}],"curies":[{"name":"wp","href":"https:\/\/api.w.org\/{rel}","templated":true}]}}