{"id":3008,"date":"2024-01-31T10:41:08","date_gmt":"2024-01-31T09:41:08","guid":{"rendered":"https:\/\/rolfsenjuell.com\/product\/vattenavledare\/"},"modified":"2024-01-31T10:41:08","modified_gmt":"2024-01-31T09:41:08","slug":"vattenavledare","status":"publish","type":"product","link":"https:\/\/rolfsenjuell.com\/fi\/tuote\/vattenavledare\/","title":{"rendered":"Vattenavledare"},"content":{"rendered":"","protected":false},"excerpt":{"rendered":"<p>Med tiden samlas smuts, sand, l\u00f6v och annat avfall i sp\u00e5ret. Det minskar sp\u00e5rdjupet, vilket leder till en f\u00f6rs\u00e4mrad s\u00e4kerhet f\u00f6r fordonens framfart. Genom att installera vattenavledare fr\u00e5n Hanning &amp; Kahl kan alla f\u00f6roreningar och allt regnvatten snabbt ledas bort fr\u00e5n sp\u00e5ret till dr\u00e4neringskanaler. Den stora dr\u00e4nerings\u00f6ppningen g\u00f6r det m\u00f6jligt att snabbt och effektivt spola rent sp\u00e5ret. F\u00f6roreningar och igent\u00e4ppningar kan enkelt avl\u00e4gsnas genom dr\u00e4neringsr\u00f6ret, som sitter \u00e5tkomligt under locket. Avledningsl\u00e5darna kan enkelt skruvas fast p\u00e5 r\u00e4len med tv\u00e5 bultar.     <\/p>\n","protected":false},"featured_media":3009,"comment_status":"closed","ping_status":"closed","template":"","meta":{"_acf_changed":false,"inline_featured_image":false},"product_brand":[],"product_cat":[135],"product_tag":[],"class_list":{"0":"post-3008","1":"product","2":"type-product","3":"status-publish","4":"has-post-thumbnail","6":"product_cat-rals-och-vaxelstilbehor-fi","8":"first","9":"instock","10":"shipping-taxable","11":"product-type-simple"},"acf":[],"yoast_head":"<!-- This site is optimized with the Yoast SEO plugin v25.1 - https:\/\/yoast.com\/wordpress\/plugins\/seo\/ -->\n<title>Vannavl\u00f8pskasse Dreneringsboks | Rolfsen &amp; Juell<\/title>\n<meta name=\"robots\" content=\"index, follow, max-snippet:-1, max-image-preview:large, max-video-preview:-1\" \/>\n<link rel=\"canonical\" href=\"https:\/\/rolfsenjuell.com\/fi\/tuote\/vattenavledare\/\" \/>\n<meta property=\"og:locale\" content=\"fi_FI\" \/>\n<meta property=\"og:type\" content=\"article\" \/>\n<meta property=\"og:title\" content=\"Vannavl\u00f8pskasse Dreneringsboks | Rolfsen &amp; Juell\" \/>\n<meta property=\"og:description\" content=\"Med tiden samlas smuts, sand, l\u00f6v och annat avfall i sp\u00e5ret. Det minskar sp\u00e5rdjupet, vilket leder till en f\u00f6rs\u00e4mrad s\u00e4kerhet f\u00f6r fordonens framfart. Genom att installera vattenavledare fr\u00e5n Hanning &amp; Kahl kan alla f\u00f6roreningar och allt regnvatten snabbt ledas bort fr\u00e5n sp\u00e5ret till dr\u00e4neringskanaler. Den stora dr\u00e4nerings\u00f6ppningen g\u00f6r det m\u00f6jligt att snabbt och effektivt spola rent sp\u00e5ret. F\u00f6roreningar och igent\u00e4ppningar kan enkelt avl\u00e4gsnas genom dr\u00e4neringsr\u00f6ret, som sitter \u00e5tkomligt under locket. Avledningsl\u00e5darna kan enkelt skruvas fast p\u00e5 r\u00e4len med tv\u00e5 bultar.\" \/>\n<meta property=\"og:url\" content=\"https:\/\/rolfsenjuell.com\/fi\/tuote\/vattenavledare\/\" \/>\n<meta property=\"og:site_name\" content=\"Rolfsen &amp; Juell\" \/>\n<meta property=\"og:image\" content=\"https:\/\/rolfsenjuell.com\/wp-content\/uploads\/2024\/01\/Dreneringsbokser.jpg\" \/>\n\t<meta property=\"og:image:width\" content=\"750\" \/>\n\t<meta property=\"og:image:height\" content=\"513\" \/>\n\t<meta property=\"og:image:type\" content=\"image\/jpeg\" \/>\n<meta name=\"twitter:card\" content=\"summary_large_image\" \/>\n<script type=\"application\/ld+json\" class=\"yoast-schema-graph\">{\"@context\":\"https:\/\/schema.org\",\"@graph\":[{\"@type\":\"WebPage\",\"@id\":\"https:\/\/rolfsenjuell.com\/fi\/tuote\/vattenavledare\/\",\"url\":\"https:\/\/rolfsenjuell.com\/fi\/tuote\/vattenavledare\/\",\"name\":\"Vannavl\u00f8pskasse Dreneringsboks | Rolfsen &amp; Juell\",\"isPartOf\":{\"@id\":\"https:\/\/rolfsenjuell.com\/fi\/#website\"},\"primaryImageOfPage\":{\"@id\":\"https:\/\/rolfsenjuell.com\/fi\/tuote\/vattenavledare\/#primaryimage\"},\"image\":{\"@id\":\"https:\/\/rolfsenjuell.com\/fi\/tuote\/vattenavledare\/#primaryimage\"},\"thumbnailUrl\":\"https:\/\/rolfsenjuell.com\/wp-content\/uploads\/2024\/01\/Dreneringsbokser.jpg\",\"datePublished\":\"2024-01-31T09:41:08+00:00\",\"breadcrumb\":{\"@id\":\"https:\/\/rolfsenjuell.com\/fi\/tuote\/vattenavledare\/#breadcrumb\"},\"inLanguage\":\"fi\",\"potentialAction\":[{\"@type\":\"ReadAction\",\"target\":[\"https:\/\/rolfsenjuell.com\/fi\/tuote\/vattenavledare\/\"]}]},{\"@type\":\"ImageObject\",\"inLanguage\":\"fi\",\"@id\":\"https:\/\/rolfsenjuell.com\/fi\/tuote\/vattenavledare\/#primaryimage\",\"url\":\"https:\/\/rolfsenjuell.com\/wp-content\/uploads\/2024\/01\/Dreneringsbokser.jpg\",\"contentUrl\":\"https:\/\/rolfsenjuell.com\/wp-content\/uploads\/2024\/01\/Dreneringsbokser.jpg\",\"width\":750,\"height\":513},{\"@type\":\"BreadcrumbList\",\"@id\":\"https:\/\/rolfsenjuell.com\/fi\/tuote\/vattenavledare\/#breadcrumb\",\"itemListElement\":[{\"@type\":\"ListItem\",\"position\":1,\"name\":\"Home\",\"item\":\"https:\/\/rolfsenjuell.com\/fi\/\"},{\"@type\":\"ListItem\",\"position\":2,\"name\":\"Butik\",\"item\":\"https:\/\/rolfsenjuell.com\/butik\/\"},{\"@type\":\"ListItem\",\"position\":3,\"name\":\"Vattenavledare\"}]},{\"@type\":\"WebSite\",\"@id\":\"https:\/\/rolfsenjuell.com\/fi\/#website\",\"url\":\"https:\/\/rolfsenjuell.com\/fi\/\",\"name\":\"Rolfsen Juell\",\"description\":\"St\u00e5l og Jernbane del leverand\u00f8rer i Norge, Sverige, Danmark, Finland\",\"publisher\":{\"@id\":\"https:\/\/rolfsenjuell.com\/fi\/#organization\"},\"potentialAction\":[{\"@type\":\"SearchAction\",\"target\":{\"@type\":\"EntryPoint\",\"urlTemplate\":\"https:\/\/rolfsenjuell.com\/fi\/?s={search_term_string}\"},\"query-input\":{\"@type\":\"PropertyValueSpecification\",\"valueRequired\":true,\"valueName\":\"search_term_string\"}}],\"inLanguage\":\"fi\"},{\"@type\":\"Organization\",\"@id\":\"https:\/\/rolfsenjuell.com\/fi\/#organization\",\"name\":\"Rolfsen & Juell\",\"url\":\"https:\/\/rolfsenjuell.com\/fi\/\",\"logo\":{\"@type\":\"ImageObject\",\"inLanguage\":\"fi\",\"@id\":\"https:\/\/rolfsenjuell.com\/fi\/#\/schema\/logo\/image\/\",\"url\":\"https:\/\/rolfsenjuell.com\/wp-content\/uploads\/2020\/06\/unnamed-1.jpg\",\"contentUrl\":\"https:\/\/rolfsenjuell.com\/wp-content\/uploads\/2020\/06\/unnamed-1.jpg\",\"width\":500,\"height\":122,\"caption\":\"Rolfsen & Juell\"},\"image\":{\"@id\":\"https:\/\/rolfsenjuell.com\/fi\/#\/schema\/logo\/image\/\"},\"sameAs\":[\"https:\/\/www.linkedin.com\/company\/rolfsen-sonn-as\/\"]}]}<\/script>\n<!-- \/ Yoast SEO plugin. -->","yoast_head_json":{"title":"Vannavl\u00f8pskasse Dreneringsboks | Rolfsen &amp; Juell","robots":{"index":"index","follow":"follow","max-snippet":"max-snippet:-1","max-image-preview":"max-image-preview:large","max-video-preview":"max-video-preview:-1"},"canonical":"https:\/\/rolfsenjuell.com\/fi\/tuote\/vattenavledare\/","og_locale":"fi_FI","og_type":"article","og_title":"Vannavl\u00f8pskasse Dreneringsboks | Rolfsen &amp; Juell","og_description":"Med tiden samlas smuts, sand, l\u00f6v och annat avfall i sp\u00e5ret. Det minskar sp\u00e5rdjupet, vilket leder till en f\u00f6rs\u00e4mrad s\u00e4kerhet f\u00f6r fordonens framfart. Genom att installera vattenavledare fr\u00e5n Hanning &amp; Kahl kan alla f\u00f6roreningar och allt regnvatten snabbt ledas bort fr\u00e5n sp\u00e5ret till dr\u00e4neringskanaler. Den stora dr\u00e4nerings\u00f6ppningen g\u00f6r det m\u00f6jligt att snabbt och effektivt spola rent sp\u00e5ret. F\u00f6roreningar och igent\u00e4ppningar kan enkelt avl\u00e4gsnas genom dr\u00e4neringsr\u00f6ret, som sitter \u00e5tkomligt under locket. Avledningsl\u00e5darna kan enkelt skruvas fast p\u00e5 r\u00e4len med tv\u00e5 bultar.","og_url":"https:\/\/rolfsenjuell.com\/fi\/tuote\/vattenavledare\/","og_site_name":"Rolfsen &amp; Juell","og_image":[{"width":750,"height":513,"url":"https:\/\/rolfsenjuell.com\/wp-content\/uploads\/2024\/01\/Dreneringsbokser.jpg","type":"image\/jpeg"}],"twitter_card":"summary_large_image","schema":{"@context":"https:\/\/schema.org","@graph":[{"@type":"WebPage","@id":"https:\/\/rolfsenjuell.com\/fi\/tuote\/vattenavledare\/","url":"https:\/\/rolfsenjuell.com\/fi\/tuote\/vattenavledare\/","name":"Vannavl\u00f8pskasse Dreneringsboks | Rolfsen &amp; Juell","isPartOf":{"@id":"https:\/\/rolfsenjuell.com\/fi\/#website"},"primaryImageOfPage":{"@id":"https:\/\/rolfsenjuell.com\/fi\/tuote\/vattenavledare\/#primaryimage"},"image":{"@id":"https:\/\/rolfsenjuell.com\/fi\/tuote\/vattenavledare\/#primaryimage"},"thumbnailUrl":"https:\/\/rolfsenjuell.com\/wp-content\/uploads\/2024\/01\/Dreneringsbokser.jpg","datePublished":"2024-01-31T09:41:08+00:00","breadcrumb":{"@id":"https:\/\/rolfsenjuell.com\/fi\/tuote\/vattenavledare\/#breadcrumb"},"inLanguage":"fi","potentialAction":[{"@type":"ReadAction","target":["https:\/\/rolfsenjuell.com\/fi\/tuote\/vattenavledare\/"]}]},{"@type":"ImageObject","inLanguage":"fi","@id":"https:\/\/rolfsenjuell.com\/fi\/tuote\/vattenavledare\/#primaryimage","url":"https:\/\/rolfsenjuell.com\/wp-content\/uploads\/2024\/01\/Dreneringsbokser.jpg","contentUrl":"https:\/\/rolfsenjuell.com\/wp-content\/uploads\/2024\/01\/Dreneringsbokser.jpg","width":750,"height":513},{"@type":"BreadcrumbList","@id":"https:\/\/rolfsenjuell.com\/fi\/tuote\/vattenavledare\/#breadcrumb","itemListElement":[{"@type":"ListItem","position":1,"name":"Home","item":"https:\/\/rolfsenjuell.com\/fi\/"},{"@type":"ListItem","position":2,"name":"Butik","item":"https:\/\/rolfsenjuell.com\/butik\/"},{"@type":"ListItem","position":3,"name":"Vattenavledare"}]},{"@type":"WebSite","@id":"https:\/\/rolfsenjuell.com\/fi\/#website","url":"https:\/\/rolfsenjuell.com\/fi\/","name":"Rolfsen Juell","description":"St\u00e5l og Jernbane del leverand\u00f8rer i Norge, Sverige, Danmark, Finland","publisher":{"@id":"https:\/\/rolfsenjuell.com\/fi\/#organization"},"potentialAction":[{"@type":"SearchAction","target":{"@type":"EntryPoint","urlTemplate":"https:\/\/rolfsenjuell.com\/fi\/?s={search_term_string}"},"query-input":{"@type":"PropertyValueSpecification","valueRequired":true,"valueName":"search_term_string"}}],"inLanguage":"fi"},{"@type":"Organization","@id":"https:\/\/rolfsenjuell.com\/fi\/#organization","name":"Rolfsen & Juell","url":"https:\/\/rolfsenjuell.com\/fi\/","logo":{"@type":"ImageObject","inLanguage":"fi","@id":"https:\/\/rolfsenjuell.com\/fi\/#\/schema\/logo\/image\/","url":"https:\/\/rolfsenjuell.com\/wp-content\/uploads\/2020\/06\/unnamed-1.jpg","contentUrl":"https:\/\/rolfsenjuell.com\/wp-content\/uploads\/2020\/06\/unnamed-1.jpg","width":500,"height":122,"caption":"Rolfsen & Juell"},"image":{"@id":"https:\/\/rolfsenjuell.com\/fi\/#\/schema\/logo\/image\/"},"sameAs":["https:\/\/www.linkedin.com\/company\/rolfsen-sonn-as\/"]}]}},"jetpack_sharing_enabled":true,"_links":{"self":[{"href":"https:\/\/rolfsenjuell.com\/fi\/wp-json\/wp\/v2\/product\/3008","targetHints":{"allow":["GET"]}}],"collection":[{"href":"https:\/\/rolfsenjuell.com\/fi\/wp-json\/wp\/v2\/product"}],"about":[{"href":"https:\/\/rolfsenjuell.com\/fi\/wp-json\/wp\/v2\/types\/product"}],"replies":[{"embeddable":true,"href":"https:\/\/rolfsenjuell.com\/fi\/wp-json\/wp\/v2\/comments?post=3008"}],"wp:featuredmedia":[{"embeddable":true,"href":"https:\/\/rolfsenjuell.com\/fi\/wp-json\/wp\/v2\/media\/3009"}],"wp:attachment":[{"href":"https:\/\/rolfsenjuell.com\/fi\/wp-json\/wp\/v2\/media?parent=3008"}],"wp:term":[{"taxonomy":"product_brand","embeddable":true,"href":"https:\/\/rolfsenjuell.com\/fi\/wp-json\/wp\/v2\/product_brand?post=3008"},{"taxonomy":"product_cat","embeddable":true,"href":"https:\/\/rolfsenjuell.com\/fi\/wp-json\/wp\/v2\/product_cat?post=3008"},{"taxonomy":"product_tag","embeddable":true,"href":"https:\/\/rolfsenjuell.com\/fi\/wp-json\/wp\/v2\/product_tag?post=3008"}],"curies":[{"name":"wp","href":"https:\/\/api.w.org\/{rel}","templated":true}]}}