{"id":3005,"date":"2024-02-14T14:17:38","date_gmt":"2024-02-14T13:17:38","guid":{"rendered":"https:\/\/rolfsenjuell.com\/product\/depastyrningssystem\/"},"modified":"2024-02-14T14:17:38","modified_gmt":"2024-02-14T13:17:38","slug":"depastyrningssystem","status":"publish","type":"product","link":"https:\/\/rolfsenjuell.com\/fi\/tuote\/depastyrningssystem\/","title":{"rendered":"Dep\u00e5styrningssystem"},"content":{"rendered":"","protected":false},"excerpt":{"rendered":"<p>Hanning &amp; Kahl kan leverera s\u00e4kra dep\u00e5styrningssystem som m\u00f6jligg\u00f6r effektiv styrning och organisering av sp\u00e5rvagnar och tunnelbanet\u00e5g. Hanning &amp; Kahls system anv\u00e4nds \u00f6ver hela v\u00e4rlden. F\u00f6rdelar med Hanning &amp; Kahls dep\u00e5styrningssystem: <\/p>\n<ul>\n<li>&#8221;L\u00e5ngsikig drift&#8221; (SIL 2, upp till SIL 3 vid behov)<\/li>\n<li>Ruttval centralt och\/eller lokalt<\/li>\n<li>Automatisk ruttavbrytning<\/li>\n<li>Moderna arbetsstationer med VDU, eller vanlig kontrollpanel<\/li>\n<li>M\u00f6jlighet att spara rutter och l\u00e5sa\/\u00f6ppna delar av dep\u00e5n<\/li>\n<li>M\u00f6jlighet att styra enskilda v\u00e4xlar<\/li>\n<li>M\u00f6jlighet att integrera i dep\u00e5hanteringssystem<\/li>\n<li>LAN- och fiberoptisk teknik<\/li>\n<li>M\u00f6jlighet till sidoskydd<\/li>\n<li>Fordonsidentifiering f\u00f6r automatiskt ruttval \u00e4r m\u00f6jligg\u00f6rs via HCS-R, HCS-V, HCS-P, HCS-Z eller andra, s\u00e5som VETAG, VECOM, IMU, ZUB etc. Dep\u00e5styrningssystemet \u00e4r utformat f\u00f6r att m\u00f6jligg\u00f6ra b\u00e5de skr\u00e4ddarsydda och kostnadseffektiva l\u00f6sningar. <\/li>\n<li>M\u00f6jlighet att anpassa systemet<\/li>\n<\/ul>\n","protected":false},"featured_media":3006,"comment_status":"closed","ping_status":"closed","template":"","meta":{"_acf_changed":false,"inline_featured_image":false},"product_brand":[],"product_cat":[134],"product_tag":[],"class_list":{"0":"post-3005","1":"product","2":"type-product","3":"status-publish","4":"has-post-thumbnail","6":"product_cat-signalstyrningssystem-fi","8":"first","9":"instock","10":"shipping-taxable","11":"product-type-simple"},"acf":[],"yoast_head":"<!-- This site is optimized with the Yoast SEO plugin v25.1 - https:\/\/yoast.com\/wordpress\/plugins\/seo\/ -->\n<title>Depot Styring Depotstyring | Rolfsen &amp; Juell<\/title>\n<meta name=\"robots\" content=\"index, follow, max-snippet:-1, max-image-preview:large, max-video-preview:-1\" \/>\n<link rel=\"canonical\" href=\"https:\/\/rolfsenjuell.com\/fi\/tuote\/depastyrningssystem\/\" \/>\n<meta property=\"og:locale\" content=\"fi_FI\" \/>\n<meta property=\"og:type\" content=\"article\" \/>\n<meta property=\"og:title\" content=\"Depot Styring Depotstyring | Rolfsen &amp; Juell\" \/>\n<meta property=\"og:description\" content=\"Hanning &amp; Kahl kan leverera s\u00e4kra dep\u00e5styrningssystem som m\u00f6jligg\u00f6r effektiv styrning och organisering av sp\u00e5rvagnar och tunnelbanet\u00e5g. Hanning &amp; Kahls system anv\u00e4nds \u00f6ver hela v\u00e4rlden. F\u00f6rdelar med Hanning &amp; Kahls dep\u00e5styrningssystem:   &quot;L\u00e5ngsikig drift&quot; (SIL 2, upp till SIL 3 vid behov) Ruttval centralt och\/eller lokalt Automatisk ruttavbrytning Moderna arbetsstationer med VDU, eller vanlig kontrollpanel M\u00f6jlighet att spara rutter och l\u00e5sa\/\u00f6ppna delar av dep\u00e5n M\u00f6jlighet att styra enskilda v\u00e4xlar M\u00f6jlighet att integrera i dep\u00e5hanteringssystem LAN- och fiberoptisk teknik M\u00f6jlighet till sidoskydd Fordonsidentifiering f\u00f6r automatiskt ruttval \u00e4r m\u00f6jligg\u00f6rs via HCS-R, HCS-V, HCS-P, HCS-Z eller andra, s\u00e5som VETAG, VECOM, IMU, ZUB etc. Dep\u00e5styrningssystemet \u00e4r utformat f\u00f6r att m\u00f6jligg\u00f6ra b\u00e5de skr\u00e4ddarsydda och kostnadseffektiva l\u00f6sningar.  M\u00f6jlighet att anpassa systemet\" \/>\n<meta property=\"og:url\" content=\"https:\/\/rolfsenjuell.com\/fi\/tuote\/depastyrningssystem\/\" \/>\n<meta property=\"og:site_name\" content=\"Rolfsen &amp; Juell\" \/>\n<meta property=\"og:image\" content=\"https:\/\/rolfsenjuell.com\/wp-content\/uploads\/2024\/02\/csm_Bedienen-_-Beobachten_c6e8fafdf7.jpg\" \/>\n\t<meta property=\"og:image:width\" content=\"750\" \/>\n\t<meta property=\"og:image:height\" content=\"513\" \/>\n\t<meta property=\"og:image:type\" content=\"image\/jpeg\" \/>\n<meta name=\"twitter:card\" content=\"summary_large_image\" \/>\n<script type=\"application\/ld+json\" class=\"yoast-schema-graph\">{\"@context\":\"https:\/\/schema.org\",\"@graph\":[{\"@type\":\"WebPage\",\"@id\":\"https:\/\/rolfsenjuell.com\/fi\/tuote\/depastyrningssystem\/\",\"url\":\"https:\/\/rolfsenjuell.com\/fi\/tuote\/depastyrningssystem\/\",\"name\":\"Depot Styring Depotstyring | Rolfsen &amp; Juell\",\"isPartOf\":{\"@id\":\"https:\/\/rolfsenjuell.com\/fi\/#website\"},\"primaryImageOfPage\":{\"@id\":\"https:\/\/rolfsenjuell.com\/fi\/tuote\/depastyrningssystem\/#primaryimage\"},\"image\":{\"@id\":\"https:\/\/rolfsenjuell.com\/fi\/tuote\/depastyrningssystem\/#primaryimage\"},\"thumbnailUrl\":\"https:\/\/rolfsenjuell.com\/wp-content\/uploads\/2024\/02\/csm_Bedienen-_-Beobachten_c6e8fafdf7.jpg\",\"datePublished\":\"2024-02-14T13:17:38+00:00\",\"breadcrumb\":{\"@id\":\"https:\/\/rolfsenjuell.com\/fi\/tuote\/depastyrningssystem\/#breadcrumb\"},\"inLanguage\":\"fi\",\"potentialAction\":[{\"@type\":\"ReadAction\",\"target\":[\"https:\/\/rolfsenjuell.com\/fi\/tuote\/depastyrningssystem\/\"]}]},{\"@type\":\"ImageObject\",\"inLanguage\":\"fi\",\"@id\":\"https:\/\/rolfsenjuell.com\/fi\/tuote\/depastyrningssystem\/#primaryimage\",\"url\":\"https:\/\/rolfsenjuell.com\/wp-content\/uploads\/2024\/02\/csm_Bedienen-_-Beobachten_c6e8fafdf7.jpg\",\"contentUrl\":\"https:\/\/rolfsenjuell.com\/wp-content\/uploads\/2024\/02\/csm_Bedienen-_-Beobachten_c6e8fafdf7.jpg\",\"width\":750,\"height\":513},{\"@type\":\"BreadcrumbList\",\"@id\":\"https:\/\/rolfsenjuell.com\/fi\/tuote\/depastyrningssystem\/#breadcrumb\",\"itemListElement\":[{\"@type\":\"ListItem\",\"position\":1,\"name\":\"Home\",\"item\":\"https:\/\/rolfsenjuell.com\/fi\/\"},{\"@type\":\"ListItem\",\"position\":2,\"name\":\"Butik\",\"item\":\"https:\/\/rolfsenjuell.com\/butik\/\"},{\"@type\":\"ListItem\",\"position\":3,\"name\":\"Dep\u00e5styrningssystem\"}]},{\"@type\":\"WebSite\",\"@id\":\"https:\/\/rolfsenjuell.com\/fi\/#website\",\"url\":\"https:\/\/rolfsenjuell.com\/fi\/\",\"name\":\"Rolfsen Juell\",\"description\":\"St\u00e5l og Jernbane del leverand\u00f8rer i Norge, Sverige, Danmark, Finland\",\"publisher\":{\"@id\":\"https:\/\/rolfsenjuell.com\/fi\/#organization\"},\"potentialAction\":[{\"@type\":\"SearchAction\",\"target\":{\"@type\":\"EntryPoint\",\"urlTemplate\":\"https:\/\/rolfsenjuell.com\/fi\/?s={search_term_string}\"},\"query-input\":{\"@type\":\"PropertyValueSpecification\",\"valueRequired\":true,\"valueName\":\"search_term_string\"}}],\"inLanguage\":\"fi\"},{\"@type\":\"Organization\",\"@id\":\"https:\/\/rolfsenjuell.com\/fi\/#organization\",\"name\":\"Rolfsen & Juell\",\"url\":\"https:\/\/rolfsenjuell.com\/fi\/\",\"logo\":{\"@type\":\"ImageObject\",\"inLanguage\":\"fi\",\"@id\":\"https:\/\/rolfsenjuell.com\/fi\/#\/schema\/logo\/image\/\",\"url\":\"https:\/\/rolfsenjuell.com\/wp-content\/uploads\/2020\/06\/unnamed-1.jpg\",\"contentUrl\":\"https:\/\/rolfsenjuell.com\/wp-content\/uploads\/2020\/06\/unnamed-1.jpg\",\"width\":500,\"height\":122,\"caption\":\"Rolfsen & Juell\"},\"image\":{\"@id\":\"https:\/\/rolfsenjuell.com\/fi\/#\/schema\/logo\/image\/\"},\"sameAs\":[\"https:\/\/www.linkedin.com\/company\/rolfsen-sonn-as\/\"]}]}<\/script>\n<!-- \/ Yoast SEO plugin. -->","yoast_head_json":{"title":"Depot Styring Depotstyring | Rolfsen &amp; Juell","robots":{"index":"index","follow":"follow","max-snippet":"max-snippet:-1","max-image-preview":"max-image-preview:large","max-video-preview":"max-video-preview:-1"},"canonical":"https:\/\/rolfsenjuell.com\/fi\/tuote\/depastyrningssystem\/","og_locale":"fi_FI","og_type":"article","og_title":"Depot Styring Depotstyring | Rolfsen &amp; Juell","og_description":"Hanning &amp; Kahl kan leverera s\u00e4kra dep\u00e5styrningssystem som m\u00f6jligg\u00f6r effektiv styrning och organisering av sp\u00e5rvagnar och tunnelbanet\u00e5g. Hanning &amp; Kahls system anv\u00e4nds \u00f6ver hela v\u00e4rlden. F\u00f6rdelar med Hanning &amp; Kahls dep\u00e5styrningssystem:   \"L\u00e5ngsikig drift\" (SIL 2, upp till SIL 3 vid behov) Ruttval centralt och\/eller lokalt Automatisk ruttavbrytning Moderna arbetsstationer med VDU, eller vanlig kontrollpanel M\u00f6jlighet att spara rutter och l\u00e5sa\/\u00f6ppna delar av dep\u00e5n M\u00f6jlighet att styra enskilda v\u00e4xlar M\u00f6jlighet att integrera i dep\u00e5hanteringssystem LAN- och fiberoptisk teknik M\u00f6jlighet till sidoskydd Fordonsidentifiering f\u00f6r automatiskt ruttval \u00e4r m\u00f6jligg\u00f6rs via HCS-R, HCS-V, HCS-P, HCS-Z eller andra, s\u00e5som VETAG, VECOM, IMU, ZUB etc. Dep\u00e5styrningssystemet \u00e4r utformat f\u00f6r att m\u00f6jligg\u00f6ra b\u00e5de skr\u00e4ddarsydda och kostnadseffektiva l\u00f6sningar.  M\u00f6jlighet att anpassa systemet","og_url":"https:\/\/rolfsenjuell.com\/fi\/tuote\/depastyrningssystem\/","og_site_name":"Rolfsen &amp; Juell","og_image":[{"width":750,"height":513,"url":"https:\/\/rolfsenjuell.com\/wp-content\/uploads\/2024\/02\/csm_Bedienen-_-Beobachten_c6e8fafdf7.jpg","type":"image\/jpeg"}],"twitter_card":"summary_large_image","schema":{"@context":"https:\/\/schema.org","@graph":[{"@type":"WebPage","@id":"https:\/\/rolfsenjuell.com\/fi\/tuote\/depastyrningssystem\/","url":"https:\/\/rolfsenjuell.com\/fi\/tuote\/depastyrningssystem\/","name":"Depot Styring Depotstyring | Rolfsen &amp; Juell","isPartOf":{"@id":"https:\/\/rolfsenjuell.com\/fi\/#website"},"primaryImageOfPage":{"@id":"https:\/\/rolfsenjuell.com\/fi\/tuote\/depastyrningssystem\/#primaryimage"},"image":{"@id":"https:\/\/rolfsenjuell.com\/fi\/tuote\/depastyrningssystem\/#primaryimage"},"thumbnailUrl":"https:\/\/rolfsenjuell.com\/wp-content\/uploads\/2024\/02\/csm_Bedienen-_-Beobachten_c6e8fafdf7.jpg","datePublished":"2024-02-14T13:17:38+00:00","breadcrumb":{"@id":"https:\/\/rolfsenjuell.com\/fi\/tuote\/depastyrningssystem\/#breadcrumb"},"inLanguage":"fi","potentialAction":[{"@type":"ReadAction","target":["https:\/\/rolfsenjuell.com\/fi\/tuote\/depastyrningssystem\/"]}]},{"@type":"ImageObject","inLanguage":"fi","@id":"https:\/\/rolfsenjuell.com\/fi\/tuote\/depastyrningssystem\/#primaryimage","url":"https:\/\/rolfsenjuell.com\/wp-content\/uploads\/2024\/02\/csm_Bedienen-_-Beobachten_c6e8fafdf7.jpg","contentUrl":"https:\/\/rolfsenjuell.com\/wp-content\/uploads\/2024\/02\/csm_Bedienen-_-Beobachten_c6e8fafdf7.jpg","width":750,"height":513},{"@type":"BreadcrumbList","@id":"https:\/\/rolfsenjuell.com\/fi\/tuote\/depastyrningssystem\/#breadcrumb","itemListElement":[{"@type":"ListItem","position":1,"name":"Home","item":"https:\/\/rolfsenjuell.com\/fi\/"},{"@type":"ListItem","position":2,"name":"Butik","item":"https:\/\/rolfsenjuell.com\/butik\/"},{"@type":"ListItem","position":3,"name":"Dep\u00e5styrningssystem"}]},{"@type":"WebSite","@id":"https:\/\/rolfsenjuell.com\/fi\/#website","url":"https:\/\/rolfsenjuell.com\/fi\/","name":"Rolfsen Juell","description":"St\u00e5l og Jernbane del leverand\u00f8rer i Norge, Sverige, Danmark, Finland","publisher":{"@id":"https:\/\/rolfsenjuell.com\/fi\/#organization"},"potentialAction":[{"@type":"SearchAction","target":{"@type":"EntryPoint","urlTemplate":"https:\/\/rolfsenjuell.com\/fi\/?s={search_term_string}"},"query-input":{"@type":"PropertyValueSpecification","valueRequired":true,"valueName":"search_term_string"}}],"inLanguage":"fi"},{"@type":"Organization","@id":"https:\/\/rolfsenjuell.com\/fi\/#organization","name":"Rolfsen & Juell","url":"https:\/\/rolfsenjuell.com\/fi\/","logo":{"@type":"ImageObject","inLanguage":"fi","@id":"https:\/\/rolfsenjuell.com\/fi\/#\/schema\/logo\/image\/","url":"https:\/\/rolfsenjuell.com\/wp-content\/uploads\/2020\/06\/unnamed-1.jpg","contentUrl":"https:\/\/rolfsenjuell.com\/wp-content\/uploads\/2020\/06\/unnamed-1.jpg","width":500,"height":122,"caption":"Rolfsen & Juell"},"image":{"@id":"https:\/\/rolfsenjuell.com\/fi\/#\/schema\/logo\/image\/"},"sameAs":["https:\/\/www.linkedin.com\/company\/rolfsen-sonn-as\/"]}]}},"jetpack_sharing_enabled":true,"_links":{"self":[{"href":"https:\/\/rolfsenjuell.com\/fi\/wp-json\/wp\/v2\/product\/3005","targetHints":{"allow":["GET"]}}],"collection":[{"href":"https:\/\/rolfsenjuell.com\/fi\/wp-json\/wp\/v2\/product"}],"about":[{"href":"https:\/\/rolfsenjuell.com\/fi\/wp-json\/wp\/v2\/types\/product"}],"replies":[{"embeddable":true,"href":"https:\/\/rolfsenjuell.com\/fi\/wp-json\/wp\/v2\/comments?post=3005"}],"wp:featuredmedia":[{"embeddable":true,"href":"https:\/\/rolfsenjuell.com\/fi\/wp-json\/wp\/v2\/media\/3006"}],"wp:attachment":[{"href":"https:\/\/rolfsenjuell.com\/fi\/wp-json\/wp\/v2\/media?parent=3005"}],"wp:term":[{"taxonomy":"product_brand","embeddable":true,"href":"https:\/\/rolfsenjuell.com\/fi\/wp-json\/wp\/v2\/product_brand?post=3005"},{"taxonomy":"product_cat","embeddable":true,"href":"https:\/\/rolfsenjuell.com\/fi\/wp-json\/wp\/v2\/product_cat?post=3005"},{"taxonomy":"product_tag","embeddable":true,"href":"https:\/\/rolfsenjuell.com\/fi\/wp-json\/wp\/v2\/product_tag?post=3005"}],"curies":[{"name":"wp","href":"https:\/\/api.w.org\/{rel}","templated":true}]}}