{"id":2980,"date":"2024-04-17T11:23:07","date_gmt":"2024-04-17T09:23:07","guid":{"rendered":"https:\/\/rolfsenjuell.com\/product\/ebs-embedded-block-system\/"},"modified":"2025-12-01T16:08:05","modified_gmt":"2025-12-01T15:08:05","slug":"ebs-embedded-block-system","status":"publish","type":"product","link":"https:\/\/rolfsenjuell.com\/fi\/tuote\/ebs-embedded-block-system\/","title":{"rendered":"EBS &#8211; Embedded Block System"},"content":{"rendered":"","protected":false},"excerpt":{"rendered":"<p>EBS \u00e4r ett r\u00e4lbef\u00e4stningssystem f\u00f6r tunnelbane- och godstrafik. Det \u00e4r ett prefabricerat robust blocksystem som l\u00e4mpar sig v\u00e4l f\u00f6r mycket precis och snabb installation i bl.a. tunnlar och stationsomr\u00e5den. EBS best\u00e5r i princip av prefabricerade betongblock som f\u00e4sts elastiskt och h\u00e5llbart i en specialdesignad betongplatta med Edilon)(Sedra Corkelast\u00ae. Blocken installeras snabbt och enkelt. Detta sp\u00e5rkonstruktionssystem absorberar en betydande del av de medel- och h\u00f6gfrekventa vibrationer som orsakas av interaktionen mellan hjul och r\u00e4l. Detta minskar ocks\u00e5 bullret avsev\u00e4rt, vilket \u00e4r s\u00e4rskilt viktigt i stadsmilj\u00f6er.     <\/p>\n","protected":false},"featured_media":3199,"comment_status":"closed","ping_status":"closed","template":"","meta":{"_acf_changed":false,"inline_featured_image":false},"product_brand":[],"product_cat":[133],"product_tag":[],"class_list":{"0":"post-2980","1":"product","2":"type-product","3":"status-publish","4":"has-post-thumbnail","6":"product_cat-ralfastning-fi","8":"first","9":"instock","10":"shipping-taxable","11":"product-type-simple"},"acf":[],"yoast_head":"<!-- This site is optimized with the Yoast SEO plugin v25.1 - https:\/\/yoast.com\/wordpress\/plugins\/seo\/ -->\n<title>EBS Skinnebefestigelse Skinnefeste | Rolfsen &amp; Juell<\/title>\n<meta name=\"robots\" content=\"index, follow, max-snippet:-1, max-image-preview:large, max-video-preview:-1\" \/>\n<link rel=\"canonical\" href=\"https:\/\/rolfsenjuell.com\/fi\/tuote\/ebs-embedded-block-system\/\" \/>\n<meta property=\"og:locale\" content=\"fi_FI\" \/>\n<meta property=\"og:type\" content=\"article\" \/>\n<meta property=\"og:title\" content=\"EBS Skinnebefestigelse Skinnefeste | Rolfsen &amp; Juell\" \/>\n<meta property=\"og:description\" content=\"EBS \u00e4r ett r\u00e4lbef\u00e4stningssystem f\u00f6r tunnelbane- och godstrafik. Det \u00e4r ett prefabricerat robust blocksystem som l\u00e4mpar sig v\u00e4l f\u00f6r mycket precis och snabb installation i bl.a. tunnlar och stationsomr\u00e5den. EBS best\u00e5r i princip av prefabricerade betongblock som f\u00e4sts elastiskt och h\u00e5llbart i en specialdesignad betongplatta med Edilon)(Sedra Corkelast\u00ae. Blocken installeras snabbt och enkelt. Detta sp\u00e5rkonstruktionssystem absorberar en betydande del av de medel- och h\u00f6gfrekventa vibrationer som orsakas av interaktionen mellan hjul och r\u00e4l. Detta minskar ocks\u00e5 bullret avsev\u00e4rt, vilket \u00e4r s\u00e4rskilt viktigt i stadsmilj\u00f6er.\" \/>\n<meta property=\"og:url\" content=\"https:\/\/rolfsenjuell.com\/fi\/tuote\/ebs-embedded-block-system\/\" \/>\n<meta property=\"og:site_name\" content=\"Rolfsen &amp; Juell\" \/>\n<meta property=\"article:modified_time\" content=\"2025-12-01T15:08:05+00:00\" \/>\n<meta property=\"og:image\" content=\"https:\/\/rolfsenjuell.com\/wp-content\/uploads\/2024\/04\/EBS.jpg\" \/>\n\t<meta property=\"og:image:width\" content=\"1905\" \/>\n\t<meta property=\"og:image:height\" content=\"768\" \/>\n\t<meta property=\"og:image:type\" content=\"image\/jpeg\" \/>\n<meta name=\"twitter:card\" content=\"summary_large_image\" \/>\n<script type=\"application\/ld+json\" class=\"yoast-schema-graph\">{\"@context\":\"https:\/\/schema.org\",\"@graph\":[{\"@type\":\"WebPage\",\"@id\":\"https:\/\/rolfsenjuell.com\/fi\/tuote\/ebs-embedded-block-system\/\",\"url\":\"https:\/\/rolfsenjuell.com\/fi\/tuote\/ebs-embedded-block-system\/\",\"name\":\"EBS Skinnebefestigelse Skinnefeste | Rolfsen &amp; Juell\",\"isPartOf\":{\"@id\":\"https:\/\/rolfsenjuell.com\/fi\/#website\"},\"primaryImageOfPage\":{\"@id\":\"https:\/\/rolfsenjuell.com\/fi\/tuote\/ebs-embedded-block-system\/#primaryimage\"},\"image\":{\"@id\":\"https:\/\/rolfsenjuell.com\/fi\/tuote\/ebs-embedded-block-system\/#primaryimage\"},\"thumbnailUrl\":\"https:\/\/rolfsenjuell.com\/wp-content\/uploads\/2024\/04\/EBS-1.jpg\",\"datePublished\":\"2024-04-17T09:23:07+00:00\",\"dateModified\":\"2025-12-01T15:08:05+00:00\",\"breadcrumb\":{\"@id\":\"https:\/\/rolfsenjuell.com\/fi\/tuote\/ebs-embedded-block-system\/#breadcrumb\"},\"inLanguage\":\"fi\",\"potentialAction\":[{\"@type\":\"ReadAction\",\"target\":[\"https:\/\/rolfsenjuell.com\/fi\/tuote\/ebs-embedded-block-system\/\"]}]},{\"@type\":\"ImageObject\",\"inLanguage\":\"fi\",\"@id\":\"https:\/\/rolfsenjuell.com\/fi\/tuote\/ebs-embedded-block-system\/#primaryimage\",\"url\":\"https:\/\/rolfsenjuell.com\/wp-content\/uploads\/2024\/04\/EBS-1.jpg\",\"contentUrl\":\"https:\/\/rolfsenjuell.com\/wp-content\/uploads\/2024\/04\/EBS-1.jpg\",\"width\":1000,\"height\":1122},{\"@type\":\"BreadcrumbList\",\"@id\":\"https:\/\/rolfsenjuell.com\/fi\/tuote\/ebs-embedded-block-system\/#breadcrumb\",\"itemListElement\":[{\"@type\":\"ListItem\",\"position\":1,\"name\":\"Home\",\"item\":\"https:\/\/rolfsenjuell.com\/fi\/\"},{\"@type\":\"ListItem\",\"position\":2,\"name\":\"Butik\",\"item\":\"https:\/\/rolfsenjuell.com\/butik\/\"},{\"@type\":\"ListItem\",\"position\":3,\"name\":\"EBS &#8211; Embedded Block System\"}]},{\"@type\":\"WebSite\",\"@id\":\"https:\/\/rolfsenjuell.com\/fi\/#website\",\"url\":\"https:\/\/rolfsenjuell.com\/fi\/\",\"name\":\"Rolfsen Juell\",\"description\":\"St\u00e5l og Jernbane del leverand\u00f8rer i Norge, Sverige, Danmark, Finland\",\"publisher\":{\"@id\":\"https:\/\/rolfsenjuell.com\/fi\/#organization\"},\"potentialAction\":[{\"@type\":\"SearchAction\",\"target\":{\"@type\":\"EntryPoint\",\"urlTemplate\":\"https:\/\/rolfsenjuell.com\/fi\/?s={search_term_string}\"},\"query-input\":{\"@type\":\"PropertyValueSpecification\",\"valueRequired\":true,\"valueName\":\"search_term_string\"}}],\"inLanguage\":\"fi\"},{\"@type\":\"Organization\",\"@id\":\"https:\/\/rolfsenjuell.com\/fi\/#organization\",\"name\":\"Rolfsen & Juell\",\"url\":\"https:\/\/rolfsenjuell.com\/fi\/\",\"logo\":{\"@type\":\"ImageObject\",\"inLanguage\":\"fi\",\"@id\":\"https:\/\/rolfsenjuell.com\/fi\/#\/schema\/logo\/image\/\",\"url\":\"https:\/\/rolfsenjuell.com\/wp-content\/uploads\/2020\/06\/unnamed-1.jpg\",\"contentUrl\":\"https:\/\/rolfsenjuell.com\/wp-content\/uploads\/2020\/06\/unnamed-1.jpg\",\"width\":500,\"height\":122,\"caption\":\"Rolfsen & Juell\"},\"image\":{\"@id\":\"https:\/\/rolfsenjuell.com\/fi\/#\/schema\/logo\/image\/\"},\"sameAs\":[\"https:\/\/www.linkedin.com\/company\/rolfsen-sonn-as\/\"]}]}<\/script>\n<!-- \/ Yoast SEO plugin. -->","yoast_head_json":{"title":"EBS Skinnebefestigelse Skinnefeste | Rolfsen &amp; Juell","robots":{"index":"index","follow":"follow","max-snippet":"max-snippet:-1","max-image-preview":"max-image-preview:large","max-video-preview":"max-video-preview:-1"},"canonical":"https:\/\/rolfsenjuell.com\/fi\/tuote\/ebs-embedded-block-system\/","og_locale":"fi_FI","og_type":"article","og_title":"EBS Skinnebefestigelse Skinnefeste | Rolfsen &amp; Juell","og_description":"EBS \u00e4r ett r\u00e4lbef\u00e4stningssystem f\u00f6r tunnelbane- och godstrafik. Det \u00e4r ett prefabricerat robust blocksystem som l\u00e4mpar sig v\u00e4l f\u00f6r mycket precis och snabb installation i bl.a. tunnlar och stationsomr\u00e5den. EBS best\u00e5r i princip av prefabricerade betongblock som f\u00e4sts elastiskt och h\u00e5llbart i en specialdesignad betongplatta med Edilon)(Sedra Corkelast\u00ae. Blocken installeras snabbt och enkelt. Detta sp\u00e5rkonstruktionssystem absorberar en betydande del av de medel- och h\u00f6gfrekventa vibrationer som orsakas av interaktionen mellan hjul och r\u00e4l. Detta minskar ocks\u00e5 bullret avsev\u00e4rt, vilket \u00e4r s\u00e4rskilt viktigt i stadsmilj\u00f6er.","og_url":"https:\/\/rolfsenjuell.com\/fi\/tuote\/ebs-embedded-block-system\/","og_site_name":"Rolfsen &amp; Juell","article_modified_time":"2025-12-01T15:08:05+00:00","og_image":[{"width":1905,"height":768,"url":"https:\/\/rolfsenjuell.com\/wp-content\/uploads\/2024\/04\/EBS.jpg","type":"image\/jpeg"}],"twitter_card":"summary_large_image","schema":{"@context":"https:\/\/schema.org","@graph":[{"@type":"WebPage","@id":"https:\/\/rolfsenjuell.com\/fi\/tuote\/ebs-embedded-block-system\/","url":"https:\/\/rolfsenjuell.com\/fi\/tuote\/ebs-embedded-block-system\/","name":"EBS Skinnebefestigelse Skinnefeste | Rolfsen &amp; Juell","isPartOf":{"@id":"https:\/\/rolfsenjuell.com\/fi\/#website"},"primaryImageOfPage":{"@id":"https:\/\/rolfsenjuell.com\/fi\/tuote\/ebs-embedded-block-system\/#primaryimage"},"image":{"@id":"https:\/\/rolfsenjuell.com\/fi\/tuote\/ebs-embedded-block-system\/#primaryimage"},"thumbnailUrl":"https:\/\/rolfsenjuell.com\/wp-content\/uploads\/2024\/04\/EBS-1.jpg","datePublished":"2024-04-17T09:23:07+00:00","dateModified":"2025-12-01T15:08:05+00:00","breadcrumb":{"@id":"https:\/\/rolfsenjuell.com\/fi\/tuote\/ebs-embedded-block-system\/#breadcrumb"},"inLanguage":"fi","potentialAction":[{"@type":"ReadAction","target":["https:\/\/rolfsenjuell.com\/fi\/tuote\/ebs-embedded-block-system\/"]}]},{"@type":"ImageObject","inLanguage":"fi","@id":"https:\/\/rolfsenjuell.com\/fi\/tuote\/ebs-embedded-block-system\/#primaryimage","url":"https:\/\/rolfsenjuell.com\/wp-content\/uploads\/2024\/04\/EBS-1.jpg","contentUrl":"https:\/\/rolfsenjuell.com\/wp-content\/uploads\/2024\/04\/EBS-1.jpg","width":1000,"height":1122},{"@type":"BreadcrumbList","@id":"https:\/\/rolfsenjuell.com\/fi\/tuote\/ebs-embedded-block-system\/#breadcrumb","itemListElement":[{"@type":"ListItem","position":1,"name":"Home","item":"https:\/\/rolfsenjuell.com\/fi\/"},{"@type":"ListItem","position":2,"name":"Butik","item":"https:\/\/rolfsenjuell.com\/butik\/"},{"@type":"ListItem","position":3,"name":"EBS &#8211; Embedded Block System"}]},{"@type":"WebSite","@id":"https:\/\/rolfsenjuell.com\/fi\/#website","url":"https:\/\/rolfsenjuell.com\/fi\/","name":"Rolfsen Juell","description":"St\u00e5l og Jernbane del leverand\u00f8rer i Norge, Sverige, Danmark, Finland","publisher":{"@id":"https:\/\/rolfsenjuell.com\/fi\/#organization"},"potentialAction":[{"@type":"SearchAction","target":{"@type":"EntryPoint","urlTemplate":"https:\/\/rolfsenjuell.com\/fi\/?s={search_term_string}"},"query-input":{"@type":"PropertyValueSpecification","valueRequired":true,"valueName":"search_term_string"}}],"inLanguage":"fi"},{"@type":"Organization","@id":"https:\/\/rolfsenjuell.com\/fi\/#organization","name":"Rolfsen & Juell","url":"https:\/\/rolfsenjuell.com\/fi\/","logo":{"@type":"ImageObject","inLanguage":"fi","@id":"https:\/\/rolfsenjuell.com\/fi\/#\/schema\/logo\/image\/","url":"https:\/\/rolfsenjuell.com\/wp-content\/uploads\/2020\/06\/unnamed-1.jpg","contentUrl":"https:\/\/rolfsenjuell.com\/wp-content\/uploads\/2020\/06\/unnamed-1.jpg","width":500,"height":122,"caption":"Rolfsen & Juell"},"image":{"@id":"https:\/\/rolfsenjuell.com\/fi\/#\/schema\/logo\/image\/"},"sameAs":["https:\/\/www.linkedin.com\/company\/rolfsen-sonn-as\/"]}]}},"jetpack_sharing_enabled":true,"_links":{"self":[{"href":"https:\/\/rolfsenjuell.com\/fi\/wp-json\/wp\/v2\/product\/2980","targetHints":{"allow":["GET"]}}],"collection":[{"href":"https:\/\/rolfsenjuell.com\/fi\/wp-json\/wp\/v2\/product"}],"about":[{"href":"https:\/\/rolfsenjuell.com\/fi\/wp-json\/wp\/v2\/types\/product"}],"replies":[{"embeddable":true,"href":"https:\/\/rolfsenjuell.com\/fi\/wp-json\/wp\/v2\/comments?post=2980"}],"wp:featuredmedia":[{"embeddable":true,"href":"https:\/\/rolfsenjuell.com\/fi\/wp-json\/wp\/v2\/media\/3199"}],"wp:attachment":[{"href":"https:\/\/rolfsenjuell.com\/fi\/wp-json\/wp\/v2\/media?parent=2980"}],"wp:term":[{"taxonomy":"product_brand","embeddable":true,"href":"https:\/\/rolfsenjuell.com\/fi\/wp-json\/wp\/v2\/product_brand?post=2980"},{"taxonomy":"product_cat","embeddable":true,"href":"https:\/\/rolfsenjuell.com\/fi\/wp-json\/wp\/v2\/product_cat?post=2980"},{"taxonomy":"product_tag","embeddable":true,"href":"https:\/\/rolfsenjuell.com\/fi\/wp-json\/wp\/v2\/product_tag?post=2980"}],"curies":[{"name":"wp","href":"https:\/\/api.w.org\/{rel}","templated":true}]}}