{"id":2904,"date":"2025-12-01T12:45:38","date_gmt":"2025-12-01T11:45:38","guid":{"rendered":"https:\/\/rolfsenjuell.com\/cookie-erklaering\/"},"modified":"2025-12-01T12:45:38","modified_gmt":"2025-12-01T11:45:38","slug":"cookie-erklaering","status":"publish","type":"page","link":"https:\/\/rolfsenjuell.com\/fi\/cookie-erklaering\/","title":{"rendered":"COOKIE- ERKL\u00c6RING"},"content":{"rendered":"<p><strong>COOKIE- ERKL\u00c6RING<\/strong><\/p>\n<p><span style=\"font-weight: 400;\">Informasjonskapsler (cookies) er sm\u00e5 tekstfiler som plasseres p\u00e5 din datamaskin n\u00e5r du laster ned en nettside. vi bruker informasjonskapsler til tre form\u00e5l:<\/span><\/p>\n<ul>\n<li style=\"font-weight: 400;\"><span style=\"font-weight: 400;\">For at ulike tjenester p\u00e5 nettsiden v\u00e5r skal fungere.<\/span><\/li>\n<li style=\"font-weight: 400;\"><span style=\"font-weight: 400;\">For \u00e5 tilby skjemafunksjonalitet.<\/span><\/li>\n<li style=\"font-weight: 400;\"><span style=\"font-weight: 400;\">I fremtiden vil informasjonskapsler brukes til webanalyse, alts\u00e5 \u00e5 vurdere hvordan nettstedet brukes og kartlegge forbedringspotensial. Per i dag bruker vi ikke cookies til webanalyse.<\/span><\/li>\n<\/ul>\n<p><span style=\"font-weight: 400;\">N\u00e5r du avlegger et bes\u00f8k til Rolfsenjuell.no installerer vi cookies som er n\u00f8dvendig for at du skal kunne benytte deg av nettsidene v\u00e5re (se oversikt over valgfrie og n\u00f8dvendige cookies nedenfor).<\/span><\/p>\n<p><span style=\"font-weight: 400;\">Dersom du samtykker, kan vi ogs\u00e5 installere cookies som tjener andre form\u00e5l, som statistikk og analyse eller brukervennlighet. Du kan trekke tilbake samtykket n\u00e5r som helst.\u00a0\u00a0\u00a0\u00a0<\/span><\/p>\n<p><span style=\"font-weight: 400;\">Bruk av cookies reguleres i\u00a0<\/span><a href=\"https:\/\/lovdata.no\/lov\/2003-07-04-83\/%C2%A72-7b\"><span style=\"font-weight: 400;\">ekomloven \u00a7 2-7b<\/span><\/a><span style=\"font-weight: 400;\">.<\/span><\/p>\n<p><b>Oversikt over cookies i bruk p\u00e5 Rolfsenjuell.no<\/b><\/p>\n<table>\n<tbody>\n<tr>\n<td><b>Navn<\/b><\/td>\n<td><b>Form\u00e5l<\/b><\/td>\n<td><b>Valgfrihet<\/b><\/td>\n<td><b>Lagringstid<\/b><span style=\"font-weight: 400;\">*<\/span><\/td>\n<td><b>Mottaker<\/b><\/td>\n<\/tr>\n<tr>\n<td><span style=\"font-weight: 400;\">CookieConsent<\/span><\/td>\n<td><span style=\"font-weight: 400;\">Administrasjon av samtykke<\/span><\/td>\n<td><span style=\"font-weight: 400;\">Valgfri<\/span><\/td>\n<td><span style=\"font-weight: 400;\">90 dager<\/span><\/td>\n<td><span style=\"font-weight: 400;\">Rolfsen og Juell<\/span><\/td>\n<\/tr>\n<tr>\n<td><span style=\"font-weight: 400;\">_RequestVerificationToken<\/span><\/td>\n<td><span style=\"font-weight: 400;\">Sikkerhet<\/span><\/td>\n<td><span style=\"font-weight: 400;\">N\u00f8dvendig<\/span><\/td>\n<td><span style=\"font-weight: 400;\">Slettes etter avsluttet bes\u00f8k<\/span><\/td>\n<td><span style=\"font-weight: 400;\">Rolfsen og Juell<\/span><\/td>\n<\/tr>\n<tr>\n<td><span style=\"font-weight: 400;\">Rolfsen og Juell<\/span><\/td>\n<td><span style=\"font-weight: 400;\">Innlogging til administrasjon av publiseringsl\u00f8sning<\/span><\/td>\n<td><span style=\"font-weight: 400;\">N\u00f8dvendig<\/span><\/td>\n<td><span style=\"font-weight: 400;\">Slettes etter avsluttet bes\u00f8k<\/span><\/td>\n<td><span style=\"font-weight: 400;\">Rolfsen og Juell<\/span><\/td>\n<\/tr>\n<\/tbody>\n<\/table>\n<p><span style=\"font-weight: 400;\">* Dersom du samtykker, vil valgfrie cookies lagres inntil du trekker samtykket tilbake. Valgfrie cookies vil slettes automatisk etter 90 dager dersom du ikke har bes\u00f8kt nettsidene v\u00e5re i dette tidsrommet.<\/span><\/p>\n<p>&nbsp;<\/p>\n<p><b>Informasjon om den enkelte cookie<\/b><\/p>\n<p><span style=\"font-weight: 400;\">Samtykke-cookie<\/span><\/p>\n<p>&nbsp;<\/p>\n<p><b>CookieConsent<\/b><\/p>\n<p><span style=\"font-weight: 400;\">Form\u00e5let med denne cookien er \u00e5 administrere den enkelte brukers samtykke. Cookien lagrer informasjon om hvor vidt du har takket ja eller nei til cookies, og hvilke cookies samtykket gjelder. Cookien lagres i 90 dager, slik at bes\u00f8kende ikke skal plages med gjentatte foresp\u00f8rsler om samtykke, dersom de allerede har fattet en beslutning.<\/span><\/p>\n<p><span style=\"font-weight: 400;\">Vi beskriver cookiens valgfrihet som betinget, fordi den kun lagres dersom du gj\u00f8r et valg i samtykkemodulen og lagrer valget.<\/span><\/p>\n<p><span style=\"font-weight: 400;\">N\u00f8dvendige cookies<\/span><\/p>\n<p>&nbsp;<\/p>\n<p><b>__RequestVerificationToken<\/b><\/p>\n<p><span style=\"font-weight: 400;\">Denne cookien benyttes for \u00e5 beskytte brukeren og v\u00e5re nettsider mot s\u00e5kalte\u00a0<\/span><a href=\"https:\/\/no.wikipedia.org\/wiki\/Cross-site_request_forgery\"><span style=\"font-weight: 400;\">Cross-Site Request Forgery-angrep<\/span><\/a><span style=\"font-weight: 400;\">\u00a0(CSRF). Cookien inneholder en tilfeldig generert verdi, som skal samsvare med en tilsvarende verdi som er tilskrevet skjemaet brukeren benytter.<\/span><\/p>\n<p><span style=\"font-weight: 400;\">Cookien slettes idet nettleser\u00f8kten avsluttes.<\/span><\/p>\n<p>&nbsp;<\/p>\n<p><b>Administrere cookies<\/b><\/p>\n<p><span style=\"font-weight: 400;\">Dersom du har godtatt eller reservert deg mot enkelte cookies p\u00e5 v\u00e5re nettsider, kan du endre disse innstillingene ved \u00e5 klikke p\u00e5 \u00abadministrer cookies\u00bb nederst p\u00e5 v\u00e5re hjemmesider.<\/span><\/p>\n<p><span style=\"font-weight: 400;\">Du kan blokkere og tillate cookies gjennom innstillingene i nettleseren. Les mer om hvordan du kan gj\u00f8re dette p\u00e5\u00a0<\/span><a href=\"https:\/\/nettvett.no\/slik-administrer-du-informasjonskapsler\/\"><span style=\"font-weight: 400;\">Nettvett.no sine hjemmesider<\/span><\/a><span style=\"font-weight: 400;\">.<\/span><\/p>\n","protected":false},"excerpt":{"rendered":"<p>COOKIE- ERKL\u00c6RING Informasjonskapsler (cookies) er sm\u00e5 tekstfiler som plasseres p\u00e5 din datamaskin n\u00e5r du laster ned en nettside. vi bruker informasjonskapsler til tre form\u00e5l: For at ulike tjenester p\u00e5 nettsiden v\u00e5r skal fungere. For \u00e5 tilby skjemafunksjonalitet. I fremtiden vil informasjonskapsler brukes til webanalyse, alts\u00e5 \u00e5 vurdere hvordan nettstedet brukes og kartlegge forbedringspotensial. Per i&#8230;<\/p>\n","protected":false},"author":1,"featured_media":0,"parent":0,"menu_order":0,"comment_status":"closed","ping_status":"closed","template":"","meta":{"_acf_changed":false,"inline_featured_image":false,"footnotes":""},"class_list":["post-2904","page","type-page","status-publish","hentry"],"acf":[],"yoast_head":"<!-- This site is optimized with the Yoast SEO plugin v25.1 - https:\/\/yoast.com\/wordpress\/plugins\/seo\/ -->\n<title>COOKIE- ERKL\u00c6RING | Rolfsen &amp; Juell<\/title>\n<meta name=\"robots\" content=\"noindex, follow\" \/>\n<meta property=\"og:locale\" content=\"fi_FI\" \/>\n<meta property=\"og:type\" content=\"article\" \/>\n<meta property=\"og:title\" content=\"COOKIE- ERKL\u00c6RING | Rolfsen &amp; Juell\" \/>\n<meta property=\"og:description\" content=\"COOKIE- ERKL\u00c6RING Informasjonskapsler (cookies) er sm\u00e5 tekstfiler som plasseres p\u00e5 din datamaskin n\u00e5r du laster ned en nettside. vi bruker informasjonskapsler til tre form\u00e5l: For at ulike tjenester p\u00e5 nettsiden v\u00e5r skal fungere. For \u00e5 tilby skjemafunksjonalitet. I fremtiden vil informasjonskapsler brukes til webanalyse, alts\u00e5 \u00e5 vurdere hvordan nettstedet brukes og kartlegge forbedringspotensial. Per i...\" \/>\n<meta property=\"og:url\" content=\"https:\/\/rolfsenjuell.com\/fi\/cookie-erklaering\/\" \/>\n<meta property=\"og:site_name\" content=\"Rolfsen &amp; Juell\" \/>\n<meta name=\"twitter:card\" content=\"summary_large_image\" \/>\n<meta name=\"twitter:label1\" content=\"Arvioitu lukuaika\" \/>\n\t<meta name=\"twitter:data1\" content=\"2 minuuttia\" \/>\n<script type=\"application\/ld+json\" class=\"yoast-schema-graph\">{\"@context\":\"https:\/\/schema.org\",\"@graph\":[{\"@type\":\"WebPage\",\"@id\":\"https:\/\/rolfsenjuell.com\/fi\/cookie-erklaering\/\",\"url\":\"https:\/\/rolfsenjuell.com\/fi\/cookie-erklaering\/\",\"name\":\"COOKIE- ERKL\u00c6RING | Rolfsen &amp; Juell\",\"isPartOf\":{\"@id\":\"https:\/\/rolfsenjuell.com\/fi\/#website\"},\"datePublished\":\"2025-12-01T11:45:38+00:00\",\"breadcrumb\":{\"@id\":\"https:\/\/rolfsenjuell.com\/fi\/cookie-erklaering\/#breadcrumb\"},\"inLanguage\":\"fi\",\"potentialAction\":[{\"@type\":\"ReadAction\",\"target\":[\"https:\/\/rolfsenjuell.com\/fi\/cookie-erklaering\/\"]}]},{\"@type\":\"BreadcrumbList\",\"@id\":\"https:\/\/rolfsenjuell.com\/fi\/cookie-erklaering\/#breadcrumb\",\"itemListElement\":[{\"@type\":\"ListItem\",\"position\":1,\"name\":\"Home\",\"item\":\"https:\/\/rolfsenjuell.com\/fi\/\"},{\"@type\":\"ListItem\",\"position\":2,\"name\":\"COOKIE- ERKL\u00c6RING\"}]},{\"@type\":\"WebSite\",\"@id\":\"https:\/\/rolfsenjuell.com\/fi\/#website\",\"url\":\"https:\/\/rolfsenjuell.com\/fi\/\",\"name\":\"Rolfsen Juell\",\"description\":\"St\u00e5l og Jernbane del leverand\u00f8rer i Norge, Sverige, Danmark, Finland\",\"publisher\":{\"@id\":\"https:\/\/rolfsenjuell.com\/fi\/#organization\"},\"potentialAction\":[{\"@type\":\"SearchAction\",\"target\":{\"@type\":\"EntryPoint\",\"urlTemplate\":\"https:\/\/rolfsenjuell.com\/fi\/?s={search_term_string}\"},\"query-input\":{\"@type\":\"PropertyValueSpecification\",\"valueRequired\":true,\"valueName\":\"search_term_string\"}}],\"inLanguage\":\"fi\"},{\"@type\":\"Organization\",\"@id\":\"https:\/\/rolfsenjuell.com\/fi\/#organization\",\"name\":\"Rolfsen & Juell\",\"url\":\"https:\/\/rolfsenjuell.com\/fi\/\",\"logo\":{\"@type\":\"ImageObject\",\"inLanguage\":\"fi\",\"@id\":\"https:\/\/rolfsenjuell.com\/fi\/#\/schema\/logo\/image\/\",\"url\":\"https:\/\/rolfsenjuell.com\/wp-content\/uploads\/2020\/06\/unnamed-1.jpg\",\"contentUrl\":\"https:\/\/rolfsenjuell.com\/wp-content\/uploads\/2020\/06\/unnamed-1.jpg\",\"width\":500,\"height\":122,\"caption\":\"Rolfsen & Juell\"},\"image\":{\"@id\":\"https:\/\/rolfsenjuell.com\/fi\/#\/schema\/logo\/image\/\"},\"sameAs\":[\"https:\/\/www.linkedin.com\/company\/rolfsen-sonn-as\/\"]}]}<\/script>\n<!-- \/ Yoast SEO plugin. -->","yoast_head_json":{"title":"COOKIE- ERKL\u00c6RING | Rolfsen &amp; Juell","robots":{"index":"noindex","follow":"follow"},"og_locale":"fi_FI","og_type":"article","og_title":"COOKIE- ERKL\u00c6RING | Rolfsen &amp; Juell","og_description":"COOKIE- ERKL\u00c6RING Informasjonskapsler (cookies) er sm\u00e5 tekstfiler som plasseres p\u00e5 din datamaskin n\u00e5r du laster ned en nettside. vi bruker informasjonskapsler til tre form\u00e5l: For at ulike tjenester p\u00e5 nettsiden v\u00e5r skal fungere. For \u00e5 tilby skjemafunksjonalitet. I fremtiden vil informasjonskapsler brukes til webanalyse, alts\u00e5 \u00e5 vurdere hvordan nettstedet brukes og kartlegge forbedringspotensial. Per i...","og_url":"https:\/\/rolfsenjuell.com\/fi\/cookie-erklaering\/","og_site_name":"Rolfsen &amp; Juell","twitter_card":"summary_large_image","twitter_misc":{"Arvioitu lukuaika":"2 minuuttia"},"schema":{"@context":"https:\/\/schema.org","@graph":[{"@type":"WebPage","@id":"https:\/\/rolfsenjuell.com\/fi\/cookie-erklaering\/","url":"https:\/\/rolfsenjuell.com\/fi\/cookie-erklaering\/","name":"COOKIE- ERKL\u00c6RING | Rolfsen &amp; Juell","isPartOf":{"@id":"https:\/\/rolfsenjuell.com\/fi\/#website"},"datePublished":"2025-12-01T11:45:38+00:00","breadcrumb":{"@id":"https:\/\/rolfsenjuell.com\/fi\/cookie-erklaering\/#breadcrumb"},"inLanguage":"fi","potentialAction":[{"@type":"ReadAction","target":["https:\/\/rolfsenjuell.com\/fi\/cookie-erklaering\/"]}]},{"@type":"BreadcrumbList","@id":"https:\/\/rolfsenjuell.com\/fi\/cookie-erklaering\/#breadcrumb","itemListElement":[{"@type":"ListItem","position":1,"name":"Home","item":"https:\/\/rolfsenjuell.com\/fi\/"},{"@type":"ListItem","position":2,"name":"COOKIE- ERKL\u00c6RING"}]},{"@type":"WebSite","@id":"https:\/\/rolfsenjuell.com\/fi\/#website","url":"https:\/\/rolfsenjuell.com\/fi\/","name":"Rolfsen Juell","description":"St\u00e5l og Jernbane del leverand\u00f8rer i Norge, Sverige, Danmark, Finland","publisher":{"@id":"https:\/\/rolfsenjuell.com\/fi\/#organization"},"potentialAction":[{"@type":"SearchAction","target":{"@type":"EntryPoint","urlTemplate":"https:\/\/rolfsenjuell.com\/fi\/?s={search_term_string}"},"query-input":{"@type":"PropertyValueSpecification","valueRequired":true,"valueName":"search_term_string"}}],"inLanguage":"fi"},{"@type":"Organization","@id":"https:\/\/rolfsenjuell.com\/fi\/#organization","name":"Rolfsen & Juell","url":"https:\/\/rolfsenjuell.com\/fi\/","logo":{"@type":"ImageObject","inLanguage":"fi","@id":"https:\/\/rolfsenjuell.com\/fi\/#\/schema\/logo\/image\/","url":"https:\/\/rolfsenjuell.com\/wp-content\/uploads\/2020\/06\/unnamed-1.jpg","contentUrl":"https:\/\/rolfsenjuell.com\/wp-content\/uploads\/2020\/06\/unnamed-1.jpg","width":500,"height":122,"caption":"Rolfsen & Juell"},"image":{"@id":"https:\/\/rolfsenjuell.com\/fi\/#\/schema\/logo\/image\/"},"sameAs":["https:\/\/www.linkedin.com\/company\/rolfsen-sonn-as\/"]}]}},"jetpack_sharing_enabled":true,"_links":{"self":[{"href":"https:\/\/rolfsenjuell.com\/fi\/wp-json\/wp\/v2\/pages\/2904","targetHints":{"allow":["GET"]}}],"collection":[{"href":"https:\/\/rolfsenjuell.com\/fi\/wp-json\/wp\/v2\/pages"}],"about":[{"href":"https:\/\/rolfsenjuell.com\/fi\/wp-json\/wp\/v2\/types\/page"}],"author":[{"embeddable":true,"href":"https:\/\/rolfsenjuell.com\/fi\/wp-json\/wp\/v2\/users\/1"}],"replies":[{"embeddable":true,"href":"https:\/\/rolfsenjuell.com\/fi\/wp-json\/wp\/v2\/comments?post=2904"}],"version-history":[{"count":0,"href":"https:\/\/rolfsenjuell.com\/fi\/wp-json\/wp\/v2\/pages\/2904\/revisions"}],"wp:attachment":[{"href":"https:\/\/rolfsenjuell.com\/fi\/wp-json\/wp\/v2\/media?parent=2904"}],"curies":[{"name":"wp","href":"https:\/\/api.w.org\/{rel}","templated":true}]}}